{"id":352,"date":"2015-04-15T01:40:22","date_gmt":"2015-04-14T22:40:22","guid":{"rendered":"http:\/\/www.laplandrestaurant.fi\/nous-contacter\/links\/"},"modified":"2026-01-18T21:54:39","modified_gmt":"2026-01-18T19:54:39","slug":"liens","status":"publish","type":"page","link":"https:\/\/laplandrestaurant.fi\/fr\/nous-contacter\/liens\/","title":{"rendered":"Liens"},"content":{"rendered":"","protected":false},"excerpt":{"rendered":"","protected":false},"author":2,"featured_media":0,"parent":349,"menu_order":0,"comment_status":"closed","ping_status":"closed","template":"template-links.php","meta":{"_acf_changed":false,"footnotes":""},"class_list":["post-352","page","type-page","status-publish","hentry"],"acf":[],"yoast_head":"<!-- This site is optimized with the Yoast SEO plugin v27.3 - https:\/\/yoast.com\/product\/yoast-seo-wordpress\/ -->\n<title>Liens: Restaurant Lapon Kotahovi \u00e0 Rovaniemi Laponie - Village du P\u00e8re No\u00ebl<\/title>\n<meta name=\"description\" content=\"Liens: Restaurant Lapon Kotahovi \u00e0 Rovaniemi Laponie - Village du P\u00e8re No\u00ebl - Cercle Polaire Arctique\" \/>\n<meta name=\"robots\" content=\"index, follow, max-snippet:-1, max-image-preview:large, max-video-preview:-1\" \/>\n<link rel=\"canonical\" href=\"https:\/\/laplandrestaurant.fi\/fr\/nous-contacter\/liens\/\" \/>\n<meta property=\"og:locale\" content=\"fr_FR\" \/>\n<meta property=\"og:type\" content=\"article\" \/>\n<meta property=\"og:title\" content=\"Liens: Restaurant Lapon Kotahovi \u00e0 Rovaniemi Laponie - Village du P\u00e8re No\u00ebl\" \/>\n<meta property=\"og:description\" content=\"Liens: Restaurant Lapon Kotahovi \u00e0 Rovaniemi Laponie - Village du P\u00e8re No\u00ebl - Cercle Polaire Arctique\" \/>\n<meta property=\"og:url\" content=\"https:\/\/laplandrestaurant.fi\/fr\/nous-contacter\/liens\/\" \/>\n<meta property=\"og:site_name\" content=\"Lapland Restaurant Kotahovi\" \/>\n<meta property=\"article:modified_time\" content=\"2026-01-18T19:54:39+00:00\" \/>\n<script type=\"application\/ld+json\" class=\"yoast-schema-graph\">{\"@context\":\"https:\\\/\\\/schema.org\",\"@graph\":[{\"@type\":\"WebPage\",\"@id\":\"https:\\\/\\\/laplandrestaurant.fi\\\/fr\\\/nous-contacter\\\/liens\\\/\",\"url\":\"https:\\\/\\\/laplandrestaurant.fi\\\/fr\\\/nous-contacter\\\/liens\\\/\",\"name\":\"Liens: Restaurant Lapon Kotahovi \u00e0 Rovaniemi Laponie - Village du P\u00e8re No\u00ebl\",\"isPartOf\":{\"@id\":\"https:\\\/\\\/laplandrestaurant.fi\\\/fi\\\/#website\"},\"datePublished\":\"2015-04-14T22:40:22+00:00\",\"dateModified\":\"2026-01-18T19:54:39+00:00\",\"description\":\"Liens: Restaurant Lapon Kotahovi \u00e0 Rovaniemi Laponie - Village du P\u00e8re No\u00ebl - Cercle Polaire Arctique\",\"breadcrumb\":{\"@id\":\"https:\\\/\\\/laplandrestaurant.fi\\\/fr\\\/nous-contacter\\\/liens\\\/#breadcrumb\"},\"inLanguage\":\"fr-FR\",\"potentialAction\":[{\"@type\":\"ReadAction\",\"target\":[\"https:\\\/\\\/laplandrestaurant.fi\\\/fr\\\/nous-contacter\\\/liens\\\/\"]}]},{\"@type\":\"BreadcrumbList\",\"@id\":\"https:\\\/\\\/laplandrestaurant.fi\\\/fr\\\/nous-contacter\\\/liens\\\/#breadcrumb\",\"itemListElement\":[{\"@type\":\"ListItem\",\"position\":1,\"name\":\"Home\",\"item\":\"https:\\\/\\\/laplandrestaurant.fi\\\/fr\\\/\"},{\"@type\":\"ListItem\",\"position\":2,\"name\":\"Nous contacter\",\"item\":\"https:\\\/\\\/laplandrestaurant.fi\\\/fr\\\/nous-contacter\\\/\"},{\"@type\":\"ListItem\",\"position\":3,\"name\":\"Liens\"}]},{\"@type\":\"WebSite\",\"@id\":\"https:\\\/\\\/laplandrestaurant.fi\\\/fi\\\/#website\",\"url\":\"https:\\\/\\\/laplandrestaurant.fi\\\/fi\\\/\",\"name\":\"Lapland Restaurant Kotahovi\",\"description\":\"Unique and Atmospheric Restaurant in Lapland Finland at the Acrtic Circle\",\"potentialAction\":[{\"@type\":\"SearchAction\",\"target\":{\"@type\":\"EntryPoint\",\"urlTemplate\":\"https:\\\/\\\/laplandrestaurant.fi\\\/fi\\\/search\\\/{search_term_string}\"},\"query-input\":{\"@type\":\"PropertyValueSpecification\",\"valueRequired\":true,\"valueName\":\"search_term_string\"}}],\"inLanguage\":\"fr-FR\"}]}<\/script>\n<!-- \/ Yoast SEO plugin. -->","yoast_head_json":{"title":"Liens: Restaurant Lapon Kotahovi \u00e0 Rovaniemi Laponie - Village du P\u00e8re No\u00ebl","description":"Liens: Restaurant Lapon Kotahovi \u00e0 Rovaniemi Laponie - Village du P\u00e8re No\u00ebl - Cercle Polaire Arctique","robots":{"index":"index","follow":"follow","max-snippet":"max-snippet:-1","max-image-preview":"max-image-preview:large","max-video-preview":"max-video-preview:-1"},"canonical":"https:\/\/laplandrestaurant.fi\/fr\/nous-contacter\/liens\/","og_locale":"fr_FR","og_type":"article","og_title":"Liens: Restaurant Lapon Kotahovi \u00e0 Rovaniemi Laponie - Village du P\u00e8re No\u00ebl","og_description":"Liens: Restaurant Lapon Kotahovi \u00e0 Rovaniemi Laponie - Village du P\u00e8re No\u00ebl - Cercle Polaire Arctique","og_url":"https:\/\/laplandrestaurant.fi\/fr\/nous-contacter\/liens\/","og_site_name":"Lapland Restaurant Kotahovi","article_modified_time":"2026-01-18T19:54:39+00:00","schema":{"@context":"https:\/\/schema.org","@graph":[{"@type":"WebPage","@id":"https:\/\/laplandrestaurant.fi\/fr\/nous-contacter\/liens\/","url":"https:\/\/laplandrestaurant.fi\/fr\/nous-contacter\/liens\/","name":"Liens: Restaurant Lapon Kotahovi \u00e0 Rovaniemi Laponie - Village du P\u00e8re No\u00ebl","isPartOf":{"@id":"https:\/\/laplandrestaurant.fi\/fi\/#website"},"datePublished":"2015-04-14T22:40:22+00:00","dateModified":"2026-01-18T19:54:39+00:00","description":"Liens: Restaurant Lapon Kotahovi \u00e0 Rovaniemi Laponie - Village du P\u00e8re No\u00ebl - Cercle Polaire Arctique","breadcrumb":{"@id":"https:\/\/laplandrestaurant.fi\/fr\/nous-contacter\/liens\/#breadcrumb"},"inLanguage":"fr-FR","potentialAction":[{"@type":"ReadAction","target":["https:\/\/laplandrestaurant.fi\/fr\/nous-contacter\/liens\/"]}]},{"@type":"BreadcrumbList","@id":"https:\/\/laplandrestaurant.fi\/fr\/nous-contacter\/liens\/#breadcrumb","itemListElement":[{"@type":"ListItem","position":1,"name":"Home","item":"https:\/\/laplandrestaurant.fi\/fr\/"},{"@type":"ListItem","position":2,"name":"Nous contacter","item":"https:\/\/laplandrestaurant.fi\/fr\/nous-contacter\/"},{"@type":"ListItem","position":3,"name":"Liens"}]},{"@type":"WebSite","@id":"https:\/\/laplandrestaurant.fi\/fi\/#website","url":"https:\/\/laplandrestaurant.fi\/fi\/","name":"Lapland Restaurant Kotahovi","description":"Unique and Atmospheric Restaurant in Lapland Finland at the Acrtic Circle","potentialAction":[{"@type":"SearchAction","target":{"@type":"EntryPoint","urlTemplate":"https:\/\/laplandrestaurant.fi\/fi\/search\/{search_term_string}"},"query-input":{"@type":"PropertyValueSpecification","valueRequired":true,"valueName":"search_term_string"}}],"inLanguage":"fr-FR"}]}},"_links":{"self":[{"href":"https:\/\/laplandrestaurant.fi\/fr\/wp-json\/wp\/v2\/pages\/352","targetHints":{"allow":["GET"]}}],"collection":[{"href":"https:\/\/laplandrestaurant.fi\/fr\/wp-json\/wp\/v2\/pages"}],"about":[{"href":"https:\/\/laplandrestaurant.fi\/fr\/wp-json\/wp\/v2\/types\/page"}],"author":[{"embeddable":true,"href":"https:\/\/laplandrestaurant.fi\/fr\/wp-json\/wp\/v2\/users\/2"}],"replies":[{"embeddable":true,"href":"https:\/\/laplandrestaurant.fi\/fr\/wp-json\/wp\/v2\/comments?post=352"}],"version-history":[{"count":7,"href":"https:\/\/laplandrestaurant.fi\/fr\/wp-json\/wp\/v2\/pages\/352\/revisions"}],"predecessor-version":[{"id":3649,"href":"https:\/\/laplandrestaurant.fi\/fr\/wp-json\/wp\/v2\/pages\/352\/revisions\/3649"}],"up":[{"embeddable":true,"href":"https:\/\/laplandrestaurant.fi\/fr\/wp-json\/wp\/v2\/pages\/349"}],"wp:attachment":[{"href":"https:\/\/laplandrestaurant.fi\/fr\/wp-json\/wp\/v2\/media?parent=352"}],"curies":[{"name":"wp","href":"https:\/\/api.w.org\/{rel}","templated":true}]}}