{"id":339,"date":"2015-04-14T13:51:32","date_gmt":"2015-04-14T10:51:32","guid":{"rendered":"http:\/\/www.laplandrestaurant.fi\/groups-santa-claus-village-2\/"},"modified":"2025-12-15T12:00:31","modified_gmt":"2025-12-15T10:00:31","slug":"groupes-restaurant-village-du-pere-noel","status":"publish","type":"page","link":"https:\/\/laplandrestaurant.fi\/fr\/groupes-restaurant-village-du-pere-noel\/","title":{"rendered":"Groupes"},"content":{"rendered":"<h1>Les Groupes<\/h1>\n<p>En raison de son emplacement optimal, le restaurant lapon Lapland Restaurant Kotahovi est un lieu de d\u00e9jeuner id\u00e9al pour les groupes! Il est facile \u00e0 combiner une visite \u00e0 notre restaurant avec une excursion d&rsquo;une journ\u00e9e dans le Village du P\u00e8re No\u00ebl \u00e0 Rovaniemi et avec une visite dans notre complexe de rennes du P\u00e8re No\u00ebl (Santa Claus Reindeer Resort). Notre inclus quelque chose pour tous les go\u00fbts, ainsi que pour toutes les restrictions alimentaires.<\/p>\n<p>Le restaurant Kotahovi peut accueillir 50 clients \u00e0 la fois et les groupes plus grands peuvent \u00eatre divis\u00e9s en deux: tandis que l&rsquo;autre groupe savoure un d\u00e9licieux repas dans notre restaurant, les autres visitent nos rennes en plein air, et vice versa.<\/p>\n<p><span>Il est recommand\u00e9 aux groupes de faire une pr\u00e9-r\u00e9servation par t\u00e9l\u00e9phone ou par e-mail. Nous regrettons de vous informer que les r\u00e9servations ne sont pas disponibles dans notre restaurant en saison hivernale.\u00a0<\/span><\/p>\n<p><strong>Bienvenue!<\/strong><\/p>\n","protected":false},"excerpt":{"rendered":"<p>Les Groupes En raison de son emplacement optimal, le restaurant lapon Lapland Restaurant Kotahovi est un lieu de d\u00e9jeuner id\u00e9al pour les groupes! Il est facile \u00e0 combiner une visite \u00e0 notre restaurant avec une excursion d&rsquo;une journ\u00e9e dans le Village du P\u00e8re No\u00ebl \u00e0 Rovaniemi et avec une visite dans notre complexe de rennes &hellip; <a href=\"https:\/\/laplandrestaurant.fi\/fr\/groupes-restaurant-village-du-pere-noel\/\">Continued<\/a><\/p>\n","protected":false},"author":2,"featured_media":0,"parent":0,"menu_order":0,"comment_status":"closed","ping_status":"closed","template":"","meta":{"_acf_changed":false,"footnotes":""},"class_list":["post-339","page","type-page","status-publish","hentry"],"acf":[],"yoast_head":"<!-- This site is optimized with the Yoast SEO plugin v27.4 - https:\/\/yoast.com\/product\/yoast-seo-wordpress\/ -->\n<title>Groupes: Restaurant Lapon Kotahovi - Village du P\u00e8re Noel Rovaniemi<\/title>\n<meta name=\"description\" content=\"Groupes: Restaurant Lapon Kotahovi au Village du P\u00e8re Noel \u00e0 Rovaniemi en Laponie en Finlande - cercle polaire arctique\" \/>\n<meta name=\"robots\" content=\"index, follow, max-snippet:-1, max-image-preview:large, max-video-preview:-1\" \/>\n<link rel=\"canonical\" href=\"https:\/\/laplandrestaurant.fi\/fr\/groupes-restaurant-village-du-pere-noel\/\" \/>\n<meta property=\"og:locale\" content=\"fr_FR\" \/>\n<meta property=\"og:type\" content=\"article\" \/>\n<meta property=\"og:title\" content=\"Groupes: Restaurant Lapon Kotahovi - Village du P\u00e8re Noel Rovaniemi\" \/>\n<meta property=\"og:description\" content=\"Groupes: Restaurant Lapon Kotahovi au Village du P\u00e8re Noel \u00e0 Rovaniemi en Laponie en Finlande - cercle polaire arctique\" \/>\n<meta property=\"og:url\" content=\"https:\/\/laplandrestaurant.fi\/fr\/groupes-restaurant-village-du-pere-noel\/\" \/>\n<meta property=\"og:site_name\" content=\"Lapland Restaurant Kotahovi\" \/>\n<meta property=\"article:modified_time\" content=\"2025-12-15T10:00:31+00:00\" \/>\n<meta name=\"twitter:label1\" content=\"Dur\u00e9e de lecture estim\u00e9e\" \/>\n\t<meta name=\"twitter:data1\" content=\"1 minute\" \/>\n<script type=\"application\/ld+json\" class=\"yoast-schema-graph\">{\"@context\":\"https:\\\/\\\/schema.org\",\"@graph\":[{\"@type\":\"WebPage\",\"@id\":\"https:\\\/\\\/laplandrestaurant.fi\\\/fr\\\/groupes-restaurant-village-du-pere-noel\\\/\",\"url\":\"https:\\\/\\\/laplandrestaurant.fi\\\/fr\\\/groupes-restaurant-village-du-pere-noel\\\/\",\"name\":\"Groupes: Restaurant Lapon Kotahovi - Village du P\u00e8re Noel Rovaniemi\",\"isPartOf\":{\"@id\":\"https:\\\/\\\/laplandrestaurant.fi\\\/fi\\\/#website\"},\"datePublished\":\"2015-04-14T10:51:32+00:00\",\"dateModified\":\"2025-12-15T10:00:31+00:00\",\"description\":\"Groupes: Restaurant Lapon Kotahovi au Village du P\u00e8re Noel \u00e0 Rovaniemi en Laponie en Finlande - cercle polaire arctique\",\"breadcrumb\":{\"@id\":\"https:\\\/\\\/laplandrestaurant.fi\\\/fr\\\/groupes-restaurant-village-du-pere-noel\\\/#breadcrumb\"},\"inLanguage\":\"fr-FR\",\"potentialAction\":[{\"@type\":\"ReadAction\",\"target\":[\"https:\\\/\\\/laplandrestaurant.fi\\\/fr\\\/groupes-restaurant-village-du-pere-noel\\\/\"]}]},{\"@type\":\"BreadcrumbList\",\"@id\":\"https:\\\/\\\/laplandrestaurant.fi\\\/fr\\\/groupes-restaurant-village-du-pere-noel\\\/#breadcrumb\",\"itemListElement\":[{\"@type\":\"ListItem\",\"position\":1,\"name\":\"Home\",\"item\":\"https:\\\/\\\/laplandrestaurant.fi\\\/fr\\\/\"},{\"@type\":\"ListItem\",\"position\":2,\"name\":\"Groupes\"}]},{\"@type\":\"WebSite\",\"@id\":\"https:\\\/\\\/laplandrestaurant.fi\\\/fi\\\/#website\",\"url\":\"https:\\\/\\\/laplandrestaurant.fi\\\/fi\\\/\",\"name\":\"Lapland Restaurant Kotahovi\",\"description\":\"Unique and Atmospheric Restaurant in Lapland Finland at the Acrtic Circle\",\"potentialAction\":[{\"@type\":\"SearchAction\",\"target\":{\"@type\":\"EntryPoint\",\"urlTemplate\":\"https:\\\/\\\/laplandrestaurant.fi\\\/fi\\\/search\\\/{search_term_string}\"},\"query-input\":{\"@type\":\"PropertyValueSpecification\",\"valueRequired\":true,\"valueName\":\"search_term_string\"}}],\"inLanguage\":\"fr-FR\"}]}<\/script>\n<!-- \/ Yoast SEO plugin. -->","yoast_head_json":{"title":"Groupes: Restaurant Lapon Kotahovi - Village du P\u00e8re Noel Rovaniemi","description":"Groupes: Restaurant Lapon Kotahovi au Village du P\u00e8re Noel \u00e0 Rovaniemi en Laponie en Finlande - cercle polaire arctique","robots":{"index":"index","follow":"follow","max-snippet":"max-snippet:-1","max-image-preview":"max-image-preview:large","max-video-preview":"max-video-preview:-1"},"canonical":"https:\/\/laplandrestaurant.fi\/fr\/groupes-restaurant-village-du-pere-noel\/","og_locale":"fr_FR","og_type":"article","og_title":"Groupes: Restaurant Lapon Kotahovi - Village du P\u00e8re Noel Rovaniemi","og_description":"Groupes: Restaurant Lapon Kotahovi au Village du P\u00e8re Noel \u00e0 Rovaniemi en Laponie en Finlande - cercle polaire arctique","og_url":"https:\/\/laplandrestaurant.fi\/fr\/groupes-restaurant-village-du-pere-noel\/","og_site_name":"Lapland Restaurant Kotahovi","article_modified_time":"2025-12-15T10:00:31+00:00","twitter_misc":{"Dur\u00e9e de lecture estim\u00e9e":"1 minute"},"schema":{"@context":"https:\/\/schema.org","@graph":[{"@type":"WebPage","@id":"https:\/\/laplandrestaurant.fi\/fr\/groupes-restaurant-village-du-pere-noel\/","url":"https:\/\/laplandrestaurant.fi\/fr\/groupes-restaurant-village-du-pere-noel\/","name":"Groupes: Restaurant Lapon Kotahovi - Village du P\u00e8re Noel Rovaniemi","isPartOf":{"@id":"https:\/\/laplandrestaurant.fi\/fi\/#website"},"datePublished":"2015-04-14T10:51:32+00:00","dateModified":"2025-12-15T10:00:31+00:00","description":"Groupes: Restaurant Lapon Kotahovi au Village du P\u00e8re Noel \u00e0 Rovaniemi en Laponie en Finlande - cercle polaire arctique","breadcrumb":{"@id":"https:\/\/laplandrestaurant.fi\/fr\/groupes-restaurant-village-du-pere-noel\/#breadcrumb"},"inLanguage":"fr-FR","potentialAction":[{"@type":"ReadAction","target":["https:\/\/laplandrestaurant.fi\/fr\/groupes-restaurant-village-du-pere-noel\/"]}]},{"@type":"BreadcrumbList","@id":"https:\/\/laplandrestaurant.fi\/fr\/groupes-restaurant-village-du-pere-noel\/#breadcrumb","itemListElement":[{"@type":"ListItem","position":1,"name":"Home","item":"https:\/\/laplandrestaurant.fi\/fr\/"},{"@type":"ListItem","position":2,"name":"Groupes"}]},{"@type":"WebSite","@id":"https:\/\/laplandrestaurant.fi\/fi\/#website","url":"https:\/\/laplandrestaurant.fi\/fi\/","name":"Lapland Restaurant Kotahovi","description":"Unique and Atmospheric Restaurant in Lapland Finland at the Acrtic Circle","potentialAction":[{"@type":"SearchAction","target":{"@type":"EntryPoint","urlTemplate":"https:\/\/laplandrestaurant.fi\/fi\/search\/{search_term_string}"},"query-input":{"@type":"PropertyValueSpecification","valueRequired":true,"valueName":"search_term_string"}}],"inLanguage":"fr-FR"}]}},"_links":{"self":[{"href":"https:\/\/laplandrestaurant.fi\/fr\/wp-json\/wp\/v2\/pages\/339","targetHints":{"allow":["GET"]}}],"collection":[{"href":"https:\/\/laplandrestaurant.fi\/fr\/wp-json\/wp\/v2\/pages"}],"about":[{"href":"https:\/\/laplandrestaurant.fi\/fr\/wp-json\/wp\/v2\/types\/page"}],"author":[{"embeddable":true,"href":"https:\/\/laplandrestaurant.fi\/fr\/wp-json\/wp\/v2\/users\/2"}],"replies":[{"embeddable":true,"href":"https:\/\/laplandrestaurant.fi\/fr\/wp-json\/wp\/v2\/comments?post=339"}],"version-history":[{"count":8,"href":"https:\/\/laplandrestaurant.fi\/fr\/wp-json\/wp\/v2\/pages\/339\/revisions"}],"predecessor-version":[{"id":3641,"href":"https:\/\/laplandrestaurant.fi\/fr\/wp-json\/wp\/v2\/pages\/339\/revisions\/3641"}],"wp:attachment":[{"href":"https:\/\/laplandrestaurant.fi\/fr\/wp-json\/wp\/v2\/media?parent=339"}],"curies":[{"name":"wp","href":"https:\/\/api.w.org\/{rel}","templated":true}]}}