{"id":337,"date":"2015-04-14T13:51:32","date_gmt":"2015-04-14T10:51:32","guid":{"rendered":"http:\/\/www.laplandrestaurant.fi\/opening-hours-2\/"},"modified":"2025-12-15T11:49:25","modified_gmt":"2025-12-15T09:49:25","slug":"heures-douverture","status":"publish","type":"page","link":"https:\/\/laplandrestaurant.fi\/fr\/heures-douverture\/","title":{"rendered":"Heures d&rsquo;ouverture"},"content":{"rendered":"<h1>Heures d&rsquo;ouverture<\/h1>\n<ul>\n<li><strong>1.3. &#8211; 30.4.2025:<\/strong> Ouvert <strong>du lundi au vendredi de 12h00 \u00e0 17h00<\/strong>, la cuisine ferme \u00e0 16h30<br \/>\nAttention ! <strong>Kotahovi est ferm\u00e9 \u00e0 P\u00e2ques<\/strong> (du 18 au 21 avril 2025).<\/li>\n<li><strong data-start=\"222\" data-end=\"231\">Mai:<\/strong> Ferm\u00e9<\/li>\n<li><strong data-start=\"239\" data-end=\"260\">2.6 \u2013 31.8.2025:<\/strong> Ouvert <strong data-start=\"268\" data-end=\"309\">du lundi au vendredi de 11h00 \u00e0 16h00<\/strong>, cuisine ferme \u00e0 15h30.<br \/>\n(<strong data-start=\"337\" data-end=\"368\">Ferm\u00e9 du 20 au 29 juin 2025<\/strong> pour une courte pause estivale)<\/li>\n<li><strong data-start=\"402\" data-end=\"417\">Septembre:<\/strong> Ferm\u00e9<\/li>\n<li><strong data-start=\"425\" data-end=\"448\">1.10 \u2013 30.11.2025:<\/strong> Ouvert <strong data-start=\"456\" data-end=\"497\">du lundi au vendredi de 12h00 \u00e0 17h00<\/strong>, cuisine ferme \u00e0 16h30.<\/li>\n<li><strong data-start=\"523\" data-end=\"550\">1.12.2025 \u2013 31.1.2026:<\/strong> <strong data-start=\"551\" data-end=\"593\">Ouvert tous les jours de 12h00 \u00e0 17h00<\/strong>, cuisine ferme \u00e0 16h30.<\/li>\n<li><span><strong>24.12.2025<\/strong>: <strong>De 12h00 \u00e0 15h00,<\/strong> la cuisine ferme \u00e0 14h30.<\/span><\/li>\n<li><strong data-start=\"619\" data-end=\"640\">1.2 \u2013 31.3.2026:<\/strong> Ouvert <strong data-start=\"648\" data-end=\"687\">du lundi au samedi de 12h00 \u00e0 17h00<\/strong>, cuisine ferme \u00e0 16h30.<\/li>\n<li><strong data-start=\"713\" data-end=\"732\">1 \u2013 30.4.2026:<\/strong> Ouvert <strong data-start=\"740\" data-end=\"781\">du lundi au vendredi de 11h00 \u00e0 16h00<\/strong>, cuisine ferme \u00e0 15h30.<\/li>\n<\/ul>\n<p>Nous ne servons pas de boissons alcoolis\u00e9es.<\/p>\n<p>Bienvenue!<\/p>\n<p>&nbsp;<\/p>\n<p>&nbsp;<\/p>\n","protected":false},"excerpt":{"rendered":"<p>Heures d&rsquo;ouverture 1.3. &#8211; 30.4.2025: Ouvert du lundi au vendredi de 12h00 \u00e0 17h00, la cuisine ferme \u00e0 16h30 Attention ! Kotahovi est ferm\u00e9 \u00e0 P\u00e2ques (du 18 au 21 avril 2025). Mai: Ferm\u00e9 2.6 \u2013 31.8.2025: Ouvert du lundi au vendredi de 11h00 \u00e0 16h00, cuisine ferme \u00e0 15h30. (Ferm\u00e9 du 20 au 29 &hellip; <a href=\"https:\/\/laplandrestaurant.fi\/fr\/heures-douverture\/\">Continued<\/a><\/p>\n","protected":false},"author":2,"featured_media":0,"parent":0,"menu_order":0,"comment_status":"closed","ping_status":"closed","template":"","meta":{"_acf_changed":false,"footnotes":""},"class_list":["post-337","page","type-page","status-publish","hentry"],"acf":[],"yoast_head":"<!-- This site is optimized with the Yoast SEO plugin v27.4 - https:\/\/yoast.com\/product\/yoast-seo-wordpress\/ -->\n<title>Heures d&#039;ouverture - Lapland Restaurant Kotahovi<\/title>\n<meta name=\"robots\" content=\"index, follow, max-snippet:-1, max-image-preview:large, max-video-preview:-1\" \/>\n<link rel=\"canonical\" href=\"https:\/\/laplandrestaurant.fi\/fr\/heures-douverture\/\" \/>\n<meta property=\"og:locale\" content=\"fr_FR\" \/>\n<meta property=\"og:type\" content=\"article\" \/>\n<meta property=\"og:title\" content=\"Heures d&#039;ouverture - Lapland Restaurant Kotahovi\" \/>\n<meta property=\"og:description\" content=\"Heures d&rsquo;ouverture 1.3. &#8211; 30.4.2025: Ouvert du lundi au vendredi de 12h00 \u00e0 17h00, la cuisine ferme \u00e0 16h30 Attention ! Kotahovi est ferm\u00e9 \u00e0 P\u00e2ques (du 18 au 21 avril 2025). Mai: Ferm\u00e9 2.6 \u2013 31.8.2025: Ouvert du lundi au vendredi de 11h00 \u00e0 16h00, cuisine ferme \u00e0 15h30. (Ferm\u00e9 du 20 au 29 &hellip; Continued\" \/>\n<meta property=\"og:url\" content=\"https:\/\/laplandrestaurant.fi\/fr\/heures-douverture\/\" \/>\n<meta property=\"og:site_name\" content=\"Lapland Restaurant Kotahovi\" \/>\n<meta property=\"article:modified_time\" content=\"2025-12-15T09:49:25+00:00\" \/>\n<meta name=\"twitter:label1\" content=\"Dur\u00e9e de lecture estim\u00e9e\" \/>\n\t<meta name=\"twitter:data1\" content=\"1 minute\" \/>\n<script type=\"application\/ld+json\" class=\"yoast-schema-graph\">{\"@context\":\"https:\\\/\\\/schema.org\",\"@graph\":[{\"@type\":\"WebPage\",\"@id\":\"https:\\\/\\\/laplandrestaurant.fi\\\/fr\\\/heures-douverture\\\/\",\"url\":\"https:\\\/\\\/laplandrestaurant.fi\\\/fr\\\/heures-douverture\\\/\",\"name\":\"Heures d'ouverture - Lapland Restaurant Kotahovi\",\"isPartOf\":{\"@id\":\"https:\\\/\\\/laplandrestaurant.fi\\\/fi\\\/#website\"},\"datePublished\":\"2015-04-14T10:51:32+00:00\",\"dateModified\":\"2025-12-15T09:49:25+00:00\",\"breadcrumb\":{\"@id\":\"https:\\\/\\\/laplandrestaurant.fi\\\/fr\\\/heures-douverture\\\/#breadcrumb\"},\"inLanguage\":\"fr-FR\",\"potentialAction\":[{\"@type\":\"ReadAction\",\"target\":[\"https:\\\/\\\/laplandrestaurant.fi\\\/fr\\\/heures-douverture\\\/\"]}]},{\"@type\":\"BreadcrumbList\",\"@id\":\"https:\\\/\\\/laplandrestaurant.fi\\\/fr\\\/heures-douverture\\\/#breadcrumb\",\"itemListElement\":[{\"@type\":\"ListItem\",\"position\":1,\"name\":\"Home\",\"item\":\"https:\\\/\\\/laplandrestaurant.fi\\\/fr\\\/\"},{\"@type\":\"ListItem\",\"position\":2,\"name\":\"Heures d&#8217;ouverture\"}]},{\"@type\":\"WebSite\",\"@id\":\"https:\\\/\\\/laplandrestaurant.fi\\\/fi\\\/#website\",\"url\":\"https:\\\/\\\/laplandrestaurant.fi\\\/fi\\\/\",\"name\":\"Lapland Restaurant Kotahovi\",\"description\":\"Unique and Atmospheric Restaurant in Lapland Finland at the Acrtic Circle\",\"potentialAction\":[{\"@type\":\"SearchAction\",\"target\":{\"@type\":\"EntryPoint\",\"urlTemplate\":\"https:\\\/\\\/laplandrestaurant.fi\\\/fi\\\/search\\\/{search_term_string}\"},\"query-input\":{\"@type\":\"PropertyValueSpecification\",\"valueRequired\":true,\"valueName\":\"search_term_string\"}}],\"inLanguage\":\"fr-FR\"}]}<\/script>\n<!-- \/ Yoast SEO plugin. -->","yoast_head_json":{"title":"Heures d'ouverture - Lapland Restaurant Kotahovi","robots":{"index":"index","follow":"follow","max-snippet":"max-snippet:-1","max-image-preview":"max-image-preview:large","max-video-preview":"max-video-preview:-1"},"canonical":"https:\/\/laplandrestaurant.fi\/fr\/heures-douverture\/","og_locale":"fr_FR","og_type":"article","og_title":"Heures d'ouverture - Lapland Restaurant Kotahovi","og_description":"Heures d&rsquo;ouverture 1.3. &#8211; 30.4.2025: Ouvert du lundi au vendredi de 12h00 \u00e0 17h00, la cuisine ferme \u00e0 16h30 Attention ! Kotahovi est ferm\u00e9 \u00e0 P\u00e2ques (du 18 au 21 avril 2025). Mai: Ferm\u00e9 2.6 \u2013 31.8.2025: Ouvert du lundi au vendredi de 11h00 \u00e0 16h00, cuisine ferme \u00e0 15h30. (Ferm\u00e9 du 20 au 29 &hellip; Continued","og_url":"https:\/\/laplandrestaurant.fi\/fr\/heures-douverture\/","og_site_name":"Lapland Restaurant Kotahovi","article_modified_time":"2025-12-15T09:49:25+00:00","twitter_misc":{"Dur\u00e9e de lecture estim\u00e9e":"1 minute"},"schema":{"@context":"https:\/\/schema.org","@graph":[{"@type":"WebPage","@id":"https:\/\/laplandrestaurant.fi\/fr\/heures-douverture\/","url":"https:\/\/laplandrestaurant.fi\/fr\/heures-douverture\/","name":"Heures d'ouverture - Lapland Restaurant Kotahovi","isPartOf":{"@id":"https:\/\/laplandrestaurant.fi\/fi\/#website"},"datePublished":"2015-04-14T10:51:32+00:00","dateModified":"2025-12-15T09:49:25+00:00","breadcrumb":{"@id":"https:\/\/laplandrestaurant.fi\/fr\/heures-douverture\/#breadcrumb"},"inLanguage":"fr-FR","potentialAction":[{"@type":"ReadAction","target":["https:\/\/laplandrestaurant.fi\/fr\/heures-douverture\/"]}]},{"@type":"BreadcrumbList","@id":"https:\/\/laplandrestaurant.fi\/fr\/heures-douverture\/#breadcrumb","itemListElement":[{"@type":"ListItem","position":1,"name":"Home","item":"https:\/\/laplandrestaurant.fi\/fr\/"},{"@type":"ListItem","position":2,"name":"Heures d&#8217;ouverture"}]},{"@type":"WebSite","@id":"https:\/\/laplandrestaurant.fi\/fi\/#website","url":"https:\/\/laplandrestaurant.fi\/fi\/","name":"Lapland Restaurant Kotahovi","description":"Unique and Atmospheric Restaurant in Lapland Finland at the Acrtic Circle","potentialAction":[{"@type":"SearchAction","target":{"@type":"EntryPoint","urlTemplate":"https:\/\/laplandrestaurant.fi\/fi\/search\/{search_term_string}"},"query-input":{"@type":"PropertyValueSpecification","valueRequired":true,"valueName":"search_term_string"}}],"inLanguage":"fr-FR"}]}},"_links":{"self":[{"href":"https:\/\/laplandrestaurant.fi\/fr\/wp-json\/wp\/v2\/pages\/337","targetHints":{"allow":["GET"]}}],"collection":[{"href":"https:\/\/laplandrestaurant.fi\/fr\/wp-json\/wp\/v2\/pages"}],"about":[{"href":"https:\/\/laplandrestaurant.fi\/fr\/wp-json\/wp\/v2\/types\/page"}],"author":[{"embeddable":true,"href":"https:\/\/laplandrestaurant.fi\/fr\/wp-json\/wp\/v2\/users\/2"}],"replies":[{"embeddable":true,"href":"https:\/\/laplandrestaurant.fi\/fr\/wp-json\/wp\/v2\/comments?post=337"}],"version-history":[{"count":11,"href":"https:\/\/laplandrestaurant.fi\/fr\/wp-json\/wp\/v2\/pages\/337\/revisions"}],"predecessor-version":[{"id":3634,"href":"https:\/\/laplandrestaurant.fi\/fr\/wp-json\/wp\/v2\/pages\/337\/revisions\/3634"}],"wp:attachment":[{"href":"https:\/\/laplandrestaurant.fi\/fr\/wp-json\/wp\/v2\/media?parent=337"}],"curies":[{"name":"wp","href":"https:\/\/api.w.org\/{rel}","templated":true}]}}