{"id":333,"date":"2015-04-14T13:51:33","date_gmt":"2015-04-14T10:51:33","guid":{"rendered":"http:\/\/www.laplandrestaurant.fi\/lappi-ravintola-2\/"},"modified":"2024-11-17T12:39:38","modified_gmt":"2024-11-17T10:39:38","slug":"restaurant-lapon-rovaniemi","status":"publish","type":"page","link":"https:\/\/laplandrestaurant.fi\/fr\/restaurant-lapon-rovaniemi\/","title":{"rendered":"Restaurant"},"content":{"rendered":"<h1><strong>Restaurant Lapon Kotahovi dans le Village du P\u00e8re No\u00ebl \u00e0 Rovaniemi<\/strong><\/h1>\n<p>Le restaurant lapon \u00a0Lapland Restaurant Kotahovi a ouvert ses portes dans le Village du P\u00e8re No\u00ebl, \u00e0 Rovaniemi, en 2015. Le restaurant et le complexe Santa Claus Reindeer \u00e0 proximit\u00e9 appartiennent \u00e0 la famille locale de K\u00f6rkk\u00f6, connue pour avoir gard\u00e9 des rennes depuis le XIXe si\u00e8cle.<\/p>\n<p>Le design unique du restaurant Kotahovi repr\u00e9sente une cabane traditionnelle lapon (Kota en finnois), qui donne \u00e9galement au restaurant son nom finlandais \u00abKotahovi\u00bb. Le restaurant Lapon Kotahovi veut offrir \u00e0 chaque visiteur la possibilit\u00e9 de d\u00e9guster une d\u00e9licieuse cuisine traditionnelle lapone et finlandaise dans un cadre magnifique. Tout comme dans une cabane traditionnelle lapone, le restaurant Kotahovi dispose idyllique au milieu d&rsquo;une chemin\u00e9e, entour\u00e9e de 50 places pour les clients.<\/p>\n<p>L&rsquo;atmosph\u00e8re unique de notre restaurant est cr\u00e9\u00e9e non seulement avec le design traditionnel et la d\u00e9coration int\u00e9rieure artisanale locale, mais aussi avec les belles vues de l\u2019ext\u00e9rieure. Le Restaurant Lapland Kotahovi propose de d\u00e9licieux menus \u00e0 trois plats avec des ingr\u00e9dients principaux tels que le renne, le saumon, les champignons locaux, les baies et les herbes.<\/p>\n<p>Retrouvez<a href=\"https:\/\/laplandrestaurant.fi\/wp-content\/uploads\/Menu-Eng.-2024.pdf\"> <strong>ICI<\/strong><\/a> notre menu.<\/p>\n<p><strong>Lapland Restaurant Kotahovi<\/strong><br \/>\nJoulumaantie 13<br \/>\nSanta Claus Village<br \/>\nFIN-96930 Napapiiri Arctic Circle<br \/>\nFINLANDE<\/p>\n<p>T\u00e9l: +358 40 8340 900<br \/>\n<a href=\"mailto:contact@laplandrestaurant.fi\">contact@laplandrestaurant.fi<\/a><\/p>\n<p>Nous regrettons de vous informer que les r\u00e9servations ne sont pas disponibles dans notre restaurant de novembre \u00e0 f\u00e9vrier.<\/p>\n","protected":false},"excerpt":{"rendered":"<p>Restaurant Lapon Kotahovi dans le Village du P\u00e8re No\u00ebl \u00e0 Rovaniemi Le restaurant lapon \u00a0Lapland Restaurant Kotahovi a ouvert ses portes dans le Village du P\u00e8re No\u00ebl, \u00e0 Rovaniemi, en 2015. Le restaurant et le complexe Santa Claus Reindeer \u00e0 proximit\u00e9 appartiennent \u00e0 la famille locale de K\u00f6rkk\u00f6, connue pour avoir gard\u00e9 des rennes depuis &hellip; <a href=\"https:\/\/laplandrestaurant.fi\/fr\/restaurant-lapon-rovaniemi\/\">Continued<\/a><\/p>\n","protected":false},"author":2,"featured_media":0,"parent":0,"menu_order":0,"comment_status":"closed","ping_status":"closed","template":"","meta":{"_acf_changed":false,"footnotes":""},"class_list":["post-333","page","type-page","status-publish","hentry"],"acf":[],"yoast_head":"<!-- This site is optimized with the Yoast SEO plugin v27.3 - https:\/\/yoast.com\/product\/yoast-seo-wordpress\/ -->\n<title>Restaurant Lapon: Lapland Restaurant Kotahovi Rovaniemi Finlande<\/title>\n<meta name=\"description\" content=\"Restaurant Lapon: Lapland Restaurant Kotahovi \u00e0 Rovaniemi en Laponie Finlande. D\u00e9couvrez la gastronomie de Laponie au Village du P\u00e8re No\u00ebl au cercle polaire arctique\" \/>\n<meta name=\"robots\" content=\"index, follow, max-snippet:-1, max-image-preview:large, max-video-preview:-1\" \/>\n<link rel=\"canonical\" href=\"https:\/\/laplandrestaurant.fi\/fr\/restaurant-lapon-rovaniemi\/\" \/>\n<meta property=\"og:locale\" content=\"fr_FR\" \/>\n<meta property=\"og:type\" content=\"article\" \/>\n<meta property=\"og:title\" content=\"Restaurant Lapon: Lapland Restaurant Kotahovi Rovaniemi Finlande\" \/>\n<meta property=\"og:description\" content=\"Restaurant Lapon: Lapland Restaurant Kotahovi \u00e0 Rovaniemi en Laponie Finlande. D\u00e9couvrez la gastronomie de Laponie au Village du P\u00e8re No\u00ebl au cercle polaire arctique\" \/>\n<meta property=\"og:url\" content=\"https:\/\/laplandrestaurant.fi\/fr\/restaurant-lapon-rovaniemi\/\" \/>\n<meta property=\"og:site_name\" content=\"Lapland Restaurant Kotahovi\" \/>\n<meta property=\"article:modified_time\" content=\"2024-11-17T10:39:38+00:00\" \/>\n<meta name=\"twitter:label1\" content=\"Dur\u00e9e de lecture estim\u00e9e\" \/>\n\t<meta name=\"twitter:data1\" content=\"1 minute\" \/>\n<script type=\"application\/ld+json\" class=\"yoast-schema-graph\">{\"@context\":\"https:\\\/\\\/schema.org\",\"@graph\":[{\"@type\":\"WebPage\",\"@id\":\"https:\\\/\\\/laplandrestaurant.fi\\\/fr\\\/restaurant-lapon-rovaniemi\\\/\",\"url\":\"https:\\\/\\\/laplandrestaurant.fi\\\/fr\\\/restaurant-lapon-rovaniemi\\\/\",\"name\":\"Restaurant Lapon: Lapland Restaurant Kotahovi Rovaniemi Finlande\",\"isPartOf\":{\"@id\":\"https:\\\/\\\/laplandrestaurant.fi\\\/fi\\\/#website\"},\"datePublished\":\"2015-04-14T10:51:33+00:00\",\"dateModified\":\"2024-11-17T10:39:38+00:00\",\"description\":\"Restaurant Lapon: Lapland Restaurant Kotahovi \u00e0 Rovaniemi en Laponie Finlande. D\u00e9couvrez la gastronomie de Laponie au Village du P\u00e8re No\u00ebl au cercle polaire arctique\",\"breadcrumb\":{\"@id\":\"https:\\\/\\\/laplandrestaurant.fi\\\/fr\\\/restaurant-lapon-rovaniemi\\\/#breadcrumb\"},\"inLanguage\":\"fr-FR\",\"potentialAction\":[{\"@type\":\"ReadAction\",\"target\":[\"https:\\\/\\\/laplandrestaurant.fi\\\/fr\\\/restaurant-lapon-rovaniemi\\\/\"]}]},{\"@type\":\"BreadcrumbList\",\"@id\":\"https:\\\/\\\/laplandrestaurant.fi\\\/fr\\\/restaurant-lapon-rovaniemi\\\/#breadcrumb\",\"itemListElement\":[{\"@type\":\"ListItem\",\"position\":1,\"name\":\"Home\",\"item\":\"https:\\\/\\\/laplandrestaurant.fi\\\/fr\\\/\"},{\"@type\":\"ListItem\",\"position\":2,\"name\":\"Restaurant\"}]},{\"@type\":\"WebSite\",\"@id\":\"https:\\\/\\\/laplandrestaurant.fi\\\/fi\\\/#website\",\"url\":\"https:\\\/\\\/laplandrestaurant.fi\\\/fi\\\/\",\"name\":\"Lapland Restaurant Kotahovi\",\"description\":\"Unique and Atmospheric Restaurant in Lapland Finland at the Acrtic Circle\",\"potentialAction\":[{\"@type\":\"SearchAction\",\"target\":{\"@type\":\"EntryPoint\",\"urlTemplate\":\"https:\\\/\\\/laplandrestaurant.fi\\\/fi\\\/search\\\/{search_term_string}\"},\"query-input\":{\"@type\":\"PropertyValueSpecification\",\"valueRequired\":true,\"valueName\":\"search_term_string\"}}],\"inLanguage\":\"fr-FR\"}]}<\/script>\n<!-- \/ Yoast SEO plugin. -->","yoast_head_json":{"title":"Restaurant Lapon: Lapland Restaurant Kotahovi Rovaniemi Finlande","description":"Restaurant Lapon: Lapland Restaurant Kotahovi \u00e0 Rovaniemi en Laponie Finlande. D\u00e9couvrez la gastronomie de Laponie au Village du P\u00e8re No\u00ebl au cercle polaire arctique","robots":{"index":"index","follow":"follow","max-snippet":"max-snippet:-1","max-image-preview":"max-image-preview:large","max-video-preview":"max-video-preview:-1"},"canonical":"https:\/\/laplandrestaurant.fi\/fr\/restaurant-lapon-rovaniemi\/","og_locale":"fr_FR","og_type":"article","og_title":"Restaurant Lapon: Lapland Restaurant Kotahovi Rovaniemi Finlande","og_description":"Restaurant Lapon: Lapland Restaurant Kotahovi \u00e0 Rovaniemi en Laponie Finlande. D\u00e9couvrez la gastronomie de Laponie au Village du P\u00e8re No\u00ebl au cercle polaire arctique","og_url":"https:\/\/laplandrestaurant.fi\/fr\/restaurant-lapon-rovaniemi\/","og_site_name":"Lapland Restaurant Kotahovi","article_modified_time":"2024-11-17T10:39:38+00:00","twitter_misc":{"Dur\u00e9e de lecture estim\u00e9e":"1 minute"},"schema":{"@context":"https:\/\/schema.org","@graph":[{"@type":"WebPage","@id":"https:\/\/laplandrestaurant.fi\/fr\/restaurant-lapon-rovaniemi\/","url":"https:\/\/laplandrestaurant.fi\/fr\/restaurant-lapon-rovaniemi\/","name":"Restaurant Lapon: Lapland Restaurant Kotahovi Rovaniemi Finlande","isPartOf":{"@id":"https:\/\/laplandrestaurant.fi\/fi\/#website"},"datePublished":"2015-04-14T10:51:33+00:00","dateModified":"2024-11-17T10:39:38+00:00","description":"Restaurant Lapon: Lapland Restaurant Kotahovi \u00e0 Rovaniemi en Laponie Finlande. D\u00e9couvrez la gastronomie de Laponie au Village du P\u00e8re No\u00ebl au cercle polaire arctique","breadcrumb":{"@id":"https:\/\/laplandrestaurant.fi\/fr\/restaurant-lapon-rovaniemi\/#breadcrumb"},"inLanguage":"fr-FR","potentialAction":[{"@type":"ReadAction","target":["https:\/\/laplandrestaurant.fi\/fr\/restaurant-lapon-rovaniemi\/"]}]},{"@type":"BreadcrumbList","@id":"https:\/\/laplandrestaurant.fi\/fr\/restaurant-lapon-rovaniemi\/#breadcrumb","itemListElement":[{"@type":"ListItem","position":1,"name":"Home","item":"https:\/\/laplandrestaurant.fi\/fr\/"},{"@type":"ListItem","position":2,"name":"Restaurant"}]},{"@type":"WebSite","@id":"https:\/\/laplandrestaurant.fi\/fi\/#website","url":"https:\/\/laplandrestaurant.fi\/fi\/","name":"Lapland Restaurant Kotahovi","description":"Unique and Atmospheric Restaurant in Lapland Finland at the Acrtic Circle","potentialAction":[{"@type":"SearchAction","target":{"@type":"EntryPoint","urlTemplate":"https:\/\/laplandrestaurant.fi\/fi\/search\/{search_term_string}"},"query-input":{"@type":"PropertyValueSpecification","valueRequired":true,"valueName":"search_term_string"}}],"inLanguage":"fr-FR"}]}},"_links":{"self":[{"href":"https:\/\/laplandrestaurant.fi\/fr\/wp-json\/wp\/v2\/pages\/333","targetHints":{"allow":["GET"]}}],"collection":[{"href":"https:\/\/laplandrestaurant.fi\/fr\/wp-json\/wp\/v2\/pages"}],"about":[{"href":"https:\/\/laplandrestaurant.fi\/fr\/wp-json\/wp\/v2\/types\/page"}],"author":[{"embeddable":true,"href":"https:\/\/laplandrestaurant.fi\/fr\/wp-json\/wp\/v2\/users\/2"}],"replies":[{"embeddable":true,"href":"https:\/\/laplandrestaurant.fi\/fr\/wp-json\/wp\/v2\/comments?post=333"}],"version-history":[{"count":8,"href":"https:\/\/laplandrestaurant.fi\/fr\/wp-json\/wp\/v2\/pages\/333\/revisions"}],"predecessor-version":[{"id":3474,"href":"https:\/\/laplandrestaurant.fi\/fr\/wp-json\/wp\/v2\/pages\/333\/revisions\/3474"}],"wp:attachment":[{"href":"https:\/\/laplandrestaurant.fi\/fr\/wp-json\/wp\/v2\/media?parent=333"}],"curies":[{"name":"wp","href":"https:\/\/api.w.org\/{rel}","templated":true}]}}