{"id":330,"date":"2015-04-14T08:16:46","date_gmt":"2015-04-14T05:16:46","guid":{"rendered":"http:\/\/www.laplandrestaurant.fi\/etusivu-2\/"},"modified":"2025-08-31T12:01:07","modified_gmt":"2025-08-31T09:01:07","slug":"etusivu","status":"publish","type":"page","link":"https:\/\/laplandrestaurant.fi\/fr\/","title":{"rendered":"Etusivu"},"content":{"rendered":"<h1>Bienvenue au restaurant lapon Lapland Restaurant Kotahovi au cercle polaire arctique \u00e0 Rovaniemi!<\/h1>\n<p>Lapland Restaurant Kotahovi est un charmant restaurant pour le d\u00e9jeuner situ\u00e9 dans le c\u00e9l\u00e8bre <a href=\"https:\/\/santaclausvillage.info\/fr\/\">Village du P\u00e8re No\u00ebl<\/a>, juste dans l&rsquo;arri\u00e8re-cour du Bureau du <a href=\"https:\/\/perenoel.fi\/\">P\u00e8re No\u00ebl<\/a> (Santa Claus Office) \u00e0 Rovaniemi en <a href=\"https:\/\/laponie.fi\/\">Laponie finlandaise<\/a>. L&rsquo;entr\u00e9e principale du restaurant est situ\u00e9e \u00e0 l&rsquo;int\u00e9rieur du complexe Santa Claus Reindeer.<\/p>\n<p>Une cuisine traditionnelle locale est servie dans la salle \u00e0 manger confortable du restaurant Lapland Restaurant Kotahovi, avec, au milieu du restaurant, une chemin\u00e9e. Tout en d\u00e9gustant un d\u00e9licieux repas, vous pourrez profiter de l&rsquo;ambiance chaleureuse, et parfois m\u00eame apercevoir un renne \u00e0 l&rsquo;ext\u00e9rieur!<\/p>\n<p>Regardez<a href=\"https:\/\/laplandrestaurant.fi\/wp-content\/uploads\/Menu-Eng.-2024.pdf\"> ICI<\/a> notre m\u00e9nu lapon!<\/p>\n<p><span>Nous n\u2019acceptons pas de r\u00e9servations \u2014 ici, tout le monde est le bienvenu, et nous servons nos invit\u00e9s dans l\u2019ordre d\u2019arriv\u00e9e. Installez-vous, d\u00e9tendez-vous, et laissez les ar\u00f4mes de notre cuisine vous guider dans un voyage chaleureux \u00e0 travers la Laponie.<\/span><\/p>\n<p>Bienvenue \u00e0 d\u00e9guster les sp\u00e9cialit\u00e9s lapones au restaurant lapon Lapland Restaurant Kotahovi!<\/p>\n","protected":false},"excerpt":{"rendered":"<p>Bienvenue au restaurant lapon Lapland Restaurant Kotahovi au cercle polaire arctique \u00e0 Rovaniemi! Lapland Restaurant Kotahovi est un charmant restaurant pour le d\u00e9jeuner situ\u00e9 dans le c\u00e9l\u00e8bre Village du P\u00e8re No\u00ebl, juste dans l&rsquo;arri\u00e8re-cour du Bureau du P\u00e8re No\u00ebl (Santa Claus Office) \u00e0 Rovaniemi en Laponie finlandaise. L&rsquo;entr\u00e9e principale du restaurant est situ\u00e9e \u00e0 l&rsquo;int\u00e9rieur &hellip; <a href=\"https:\/\/laplandrestaurant.fi\/fr\/\">Continued<\/a><\/p>\n","protected":false},"author":2,"featured_media":0,"parent":0,"menu_order":0,"comment_status":"closed","ping_status":"closed","template":"template-etusivu.php","meta":{"_acf_changed":false,"footnotes":""},"class_list":["post-330","page","type-page","status-publish","hentry"],"acf":[],"yoast_head":"<!-- This site is optimized with the Yoast SEO plugin v27.3 - https:\/\/yoast.com\/product\/yoast-seo-wordpress\/ -->\n<title>Restaurant Lapon Kotahovi - Village du P\u00e8re No\u00ebl - Rovaniemi<\/title>\n<meta name=\"description\" content=\"Bienvenu(e)s au Restaurant Lapon Kotahovi au Village du P\u00e8re No\u00ebl \u00e0 Rovaniemi en Laponie Finlande. Lapland Restaurant Kotahovi au Cercle Polaire Arctique.\" \/>\n<meta name=\"robots\" content=\"index, follow, max-snippet:-1, max-image-preview:large, max-video-preview:-1\" \/>\n<link rel=\"canonical\" href=\"https:\/\/laplandrestaurant.fi\/fr\/\" \/>\n<meta property=\"og:locale\" content=\"fr_FR\" \/>\n<meta property=\"og:type\" content=\"article\" \/>\n<meta property=\"og:title\" content=\"Restaurant Lapon Kotahovi - Village du P\u00e8re No\u00ebl - Rovaniemi\" \/>\n<meta property=\"og:description\" content=\"Bienvenu(e)s au Restaurant Lapon Kotahovi au Village du P\u00e8re No\u00ebl \u00e0 Rovaniemi en Laponie Finlande. Lapland Restaurant Kotahovi au Cercle Polaire Arctique.\" \/>\n<meta property=\"og:url\" content=\"https:\/\/laplandrestaurant.fi\/fr\/\" \/>\n<meta property=\"og:site_name\" content=\"Lapland Restaurant Kotahovi\" \/>\n<meta property=\"article:modified_time\" content=\"2025-08-31T09:01:07+00:00\" \/>\n<meta name=\"twitter:label1\" content=\"Dur\u00e9e de lecture estim\u00e9e\" \/>\n\t<meta name=\"twitter:data1\" content=\"1 minute\" \/>\n<script type=\"application\/ld+json\" class=\"yoast-schema-graph\">{\"@context\":\"https:\\\/\\\/schema.org\",\"@graph\":[{\"@type\":\"WebPage\",\"@id\":\"https:\\\/\\\/laplandrestaurant.fi\\\/fr\\\/\",\"url\":\"https:\\\/\\\/laplandrestaurant.fi\\\/fr\\\/\",\"name\":\"Restaurant Lapon Kotahovi - Village du P\u00e8re No\u00ebl - Rovaniemi\",\"isPartOf\":{\"@id\":\"https:\\\/\\\/laplandrestaurant.fi\\\/fi\\\/#website\"},\"datePublished\":\"2015-04-14T05:16:46+00:00\",\"dateModified\":\"2025-08-31T09:01:07+00:00\",\"description\":\"Bienvenu(e)s au Restaurant Lapon Kotahovi au Village du P\u00e8re No\u00ebl \u00e0 Rovaniemi en Laponie Finlande. Lapland Restaurant Kotahovi au Cercle Polaire Arctique.\",\"breadcrumb\":{\"@id\":\"https:\\\/\\\/laplandrestaurant.fi\\\/fr\\\/#breadcrumb\"},\"inLanguage\":\"fr-FR\",\"potentialAction\":[{\"@type\":\"ReadAction\",\"target\":[\"https:\\\/\\\/laplandrestaurant.fi\\\/fr\\\/\"]}]},{\"@type\":\"BreadcrumbList\",\"@id\":\"https:\\\/\\\/laplandrestaurant.fi\\\/fr\\\/#breadcrumb\",\"itemListElement\":[{\"@type\":\"ListItem\",\"position\":1,\"name\":\"Home\",\"item\":\"https:\\\/\\\/laplandrestaurant.fi\\\/fr\\\/\"},{\"@type\":\"ListItem\",\"position\":2,\"name\":\"Etusivu\"}]},{\"@type\":\"WebSite\",\"@id\":\"https:\\\/\\\/laplandrestaurant.fi\\\/fi\\\/#website\",\"url\":\"https:\\\/\\\/laplandrestaurant.fi\\\/fi\\\/\",\"name\":\"Lapland Restaurant Kotahovi\",\"description\":\"Unique and Atmospheric Restaurant in Lapland Finland at the Acrtic Circle\",\"potentialAction\":[{\"@type\":\"SearchAction\",\"target\":{\"@type\":\"EntryPoint\",\"urlTemplate\":\"https:\\\/\\\/laplandrestaurant.fi\\\/fi\\\/search\\\/{search_term_string}\"},\"query-input\":{\"@type\":\"PropertyValueSpecification\",\"valueRequired\":true,\"valueName\":\"search_term_string\"}}],\"inLanguage\":\"fr-FR\"}]}<\/script>\n<!-- \/ Yoast SEO plugin. -->","yoast_head_json":{"title":"Restaurant Lapon Kotahovi - Village du P\u00e8re No\u00ebl - Rovaniemi","description":"Bienvenu(e)s au Restaurant Lapon Kotahovi au Village du P\u00e8re No\u00ebl \u00e0 Rovaniemi en Laponie Finlande. Lapland Restaurant Kotahovi au Cercle Polaire Arctique.","robots":{"index":"index","follow":"follow","max-snippet":"max-snippet:-1","max-image-preview":"max-image-preview:large","max-video-preview":"max-video-preview:-1"},"canonical":"https:\/\/laplandrestaurant.fi\/fr\/","og_locale":"fr_FR","og_type":"article","og_title":"Restaurant Lapon Kotahovi - Village du P\u00e8re No\u00ebl - Rovaniemi","og_description":"Bienvenu(e)s au Restaurant Lapon Kotahovi au Village du P\u00e8re No\u00ebl \u00e0 Rovaniemi en Laponie Finlande. Lapland Restaurant Kotahovi au Cercle Polaire Arctique.","og_url":"https:\/\/laplandrestaurant.fi\/fr\/","og_site_name":"Lapland Restaurant Kotahovi","article_modified_time":"2025-08-31T09:01:07+00:00","twitter_misc":{"Dur\u00e9e de lecture estim\u00e9e":"1 minute"},"schema":{"@context":"https:\/\/schema.org","@graph":[{"@type":"WebPage","@id":"https:\/\/laplandrestaurant.fi\/fr\/","url":"https:\/\/laplandrestaurant.fi\/fr\/","name":"Restaurant Lapon Kotahovi - Village du P\u00e8re No\u00ebl - Rovaniemi","isPartOf":{"@id":"https:\/\/laplandrestaurant.fi\/fi\/#website"},"datePublished":"2015-04-14T05:16:46+00:00","dateModified":"2025-08-31T09:01:07+00:00","description":"Bienvenu(e)s au Restaurant Lapon Kotahovi au Village du P\u00e8re No\u00ebl \u00e0 Rovaniemi en Laponie Finlande. Lapland Restaurant Kotahovi au Cercle Polaire Arctique.","breadcrumb":{"@id":"https:\/\/laplandrestaurant.fi\/fr\/#breadcrumb"},"inLanguage":"fr-FR","potentialAction":[{"@type":"ReadAction","target":["https:\/\/laplandrestaurant.fi\/fr\/"]}]},{"@type":"BreadcrumbList","@id":"https:\/\/laplandrestaurant.fi\/fr\/#breadcrumb","itemListElement":[{"@type":"ListItem","position":1,"name":"Home","item":"https:\/\/laplandrestaurant.fi\/fr\/"},{"@type":"ListItem","position":2,"name":"Etusivu"}]},{"@type":"WebSite","@id":"https:\/\/laplandrestaurant.fi\/fi\/#website","url":"https:\/\/laplandrestaurant.fi\/fi\/","name":"Lapland Restaurant Kotahovi","description":"Unique and Atmospheric Restaurant in Lapland Finland at the Acrtic Circle","potentialAction":[{"@type":"SearchAction","target":{"@type":"EntryPoint","urlTemplate":"https:\/\/laplandrestaurant.fi\/fi\/search\/{search_term_string}"},"query-input":{"@type":"PropertyValueSpecification","valueRequired":true,"valueName":"search_term_string"}}],"inLanguage":"fr-FR"}]}},"_links":{"self":[{"href":"https:\/\/laplandrestaurant.fi\/fr\/wp-json\/wp\/v2\/pages\/330","targetHints":{"allow":["GET"]}}],"collection":[{"href":"https:\/\/laplandrestaurant.fi\/fr\/wp-json\/wp\/v2\/pages"}],"about":[{"href":"https:\/\/laplandrestaurant.fi\/fr\/wp-json\/wp\/v2\/types\/page"}],"author":[{"embeddable":true,"href":"https:\/\/laplandrestaurant.fi\/fr\/wp-json\/wp\/v2\/users\/2"}],"replies":[{"embeddable":true,"href":"https:\/\/laplandrestaurant.fi\/fr\/wp-json\/wp\/v2\/comments?post=330"}],"version-history":[{"count":10,"href":"https:\/\/laplandrestaurant.fi\/fr\/wp-json\/wp\/v2\/pages\/330\/revisions"}],"predecessor-version":[{"id":3604,"href":"https:\/\/laplandrestaurant.fi\/fr\/wp-json\/wp\/v2\/pages\/330\/revisions\/3604"}],"wp:attachment":[{"href":"https:\/\/laplandrestaurant.fi\/fr\/wp-json\/wp\/v2\/media?parent=330"}],"curies":[{"name":"wp","href":"https:\/\/api.w.org\/{rel}","templated":true}]}}