{"id":2533,"date":"2022-07-26T19:11:41","date_gmt":"2022-07-26T16:11:41","guid":{"rendered":"https:\/\/www.laplandrestaurant.fi\/?page_id=2533"},"modified":"2023-09-07T13:22:37","modified_gmt":"2023-09-07T10:22:37","slug":"tourisme-durable","status":"publish","type":"page","link":"https:\/\/laplandrestaurant.fi\/fr\/tourisme-durable\/","title":{"rendered":"Tourisme Durable"},"content":{"rendered":"<h3 style=\"text-align: center;\"><strong>\u00a0Tourisme durable et notre participation au programme national \u00ab\u00a0Sustainable Travel Finland\u00a0\u00bb<\/strong><\/h3>\n<p>&nbsp;<\/p>\n<p style=\"text-align: left;\">Santa Claus Reindeer Oy (sarl), qui comprend Santa Claus Reindeer (les Rennes du P\u00e8re No\u00ebl), Mrs Santa Claus Christmas Cottage (la Maison de la M\u00e8re No\u00ebl) and Lapland Restaurant Kotahovi, vise \u00e0 am\u00e9liorer la durabilit\u00e9 et le respect de l\u2019environnement en participant \u00e0 un programme r\u00e9cemment lanc\u00e9 appel\u00e9<a href=\"https:\/\/www.visitfinland.fi\/en\/liiketoiminnan-kehittaminen\/vastuullinen-matkailu\/sustainable-travel-finland\"><strong> Sustainable Travel Finland<\/strong><\/a>! Ce programme aide les soci\u00e9t\u00e9s de tourisme finlandaises \u00e0 devenir plus durables et \u00e9cologiques ainsi qu\u2019\u00e0 faire progresser le d\u00e9veloppement du tourisme durable en Finlande.<\/p>\n<p style=\"text-align: left;\">Nous ne voulons pas seulement \u00eatre \u00e9cologiques, mais aussi pr\u00e9server et faire vire le patrimoine culturel de la Laponie, en particulier la culture alimentaire lapone : ainsi s&rsquo;engager aux valeurs et les objectifs de la programme fut facile pour nous. Par cons\u00e9quent, notre entreprise \u00e9tait heureuse de commencer le chemin vers la durabilit\u00e9 avec ce programme au printemps 2020.<\/p>\n<p style=\"text-align: left;\">Nos premiers objectifs de d\u00e9veloppement durable sont d&rsquo;augmenter l&rsquo;utilisation d&rsquo;ingr\u00e9dients locaux et de saison dans nos restaurants, pour r\u00e9duire le gaspillage alimentaire et mieux prendre en compte les diff\u00e9rents r\u00e9gimes et allergies alimentaires. Nous visons \u00e0 devenir plus \u00e9cologique dans nos op\u00e9rations, telles que la cuisine, le recyclage, la consommation d&rsquo;eau, le chauffage et l\u2019utilisation de l&rsquo;\u00e9lectricit\u00e9.<\/p>\n<p style=\"text-align: left;\">Il est essentiel pour nous que chaque visiteur se sente le bienvenu malgr\u00e9 son \u00e2ge, ses exigences alimentaires ou limites possibles. Nous avons par exemple veill\u00e9 \u00e0 ce que notre restaurant soit sans obstacle.<\/p>\n<p style=\"text-align: left;\">Pour plus d&rsquo;informations sur notre parcours vers le d\u00e9veloppement durable, veuillez contacter notre personnel ou contactez-nous par e-mail!<\/p>\n","protected":false},"excerpt":{"rendered":"<p>\u00a0Tourisme durable et notre participation au programme national \u00ab\u00a0Sustainable Travel Finland\u00a0\u00bb &nbsp; Santa Claus Reindeer Oy (sarl), qui comprend Santa Claus Reindeer (les Rennes du P\u00e8re No\u00ebl), Mrs Santa Claus Christmas Cottage (la Maison de la M\u00e8re No\u00ebl) and Lapland Restaurant Kotahovi, vise \u00e0 am\u00e9liorer la durabilit\u00e9 et le respect de l\u2019environnement en participant \u00e0 &hellip; <a href=\"https:\/\/laplandrestaurant.fi\/fr\/tourisme-durable\/\">Continued<\/a><\/p>\n","protected":false},"author":9,"featured_media":0,"parent":0,"menu_order":0,"comment_status":"closed","ping_status":"closed","template":"","meta":{"_acf_changed":false,"footnotes":""},"class_list":["post-2533","page","type-page","status-publish","hentry"],"acf":[],"yoast_head":"<!-- This site is optimized with the Yoast SEO plugin v27.3 - https:\/\/yoast.com\/product\/yoast-seo-wordpress\/ -->\n<title>Tourisme Durable - Lapland Restaurant Kotahovi<\/title>\n<meta name=\"robots\" content=\"index, follow, max-snippet:-1, max-image-preview:large, max-video-preview:-1\" \/>\n<link rel=\"canonical\" href=\"https:\/\/laplandrestaurant.fi\/fr\/tourisme-durable\/\" \/>\n<meta property=\"og:locale\" content=\"fr_FR\" \/>\n<meta property=\"og:type\" content=\"article\" \/>\n<meta property=\"og:title\" content=\"Tourisme Durable - Lapland Restaurant Kotahovi\" \/>\n<meta property=\"og:description\" content=\"\u00a0Tourisme durable et notre participation au programme national \u00ab\u00a0Sustainable Travel Finland\u00a0\u00bb &nbsp; Santa Claus Reindeer Oy (sarl), qui comprend Santa Claus Reindeer (les Rennes du P\u00e8re No\u00ebl), Mrs Santa Claus Christmas Cottage (la Maison de la M\u00e8re No\u00ebl) and Lapland Restaurant Kotahovi, vise \u00e0 am\u00e9liorer la durabilit\u00e9 et le respect de l\u2019environnement en participant \u00e0 &hellip; Continued\" \/>\n<meta property=\"og:url\" content=\"https:\/\/laplandrestaurant.fi\/fr\/tourisme-durable\/\" \/>\n<meta property=\"og:site_name\" content=\"Lapland Restaurant Kotahovi\" \/>\n<meta property=\"article:modified_time\" content=\"2023-09-07T10:22:37+00:00\" \/>\n<meta name=\"twitter:label1\" content=\"Dur\u00e9e de lecture estim\u00e9e\" \/>\n\t<meta name=\"twitter:data1\" content=\"2 minutes\" \/>\n<script type=\"application\/ld+json\" class=\"yoast-schema-graph\">{\"@context\":\"https:\\\/\\\/schema.org\",\"@graph\":[{\"@type\":\"WebPage\",\"@id\":\"https:\\\/\\\/laplandrestaurant.fi\\\/fr\\\/tourisme-durable\\\/\",\"url\":\"https:\\\/\\\/laplandrestaurant.fi\\\/fr\\\/tourisme-durable\\\/\",\"name\":\"Tourisme Durable - Lapland Restaurant Kotahovi\",\"isPartOf\":{\"@id\":\"https:\\\/\\\/laplandrestaurant.fi\\\/fi\\\/#website\"},\"datePublished\":\"2022-07-26T16:11:41+00:00\",\"dateModified\":\"2023-09-07T10:22:37+00:00\",\"breadcrumb\":{\"@id\":\"https:\\\/\\\/laplandrestaurant.fi\\\/fr\\\/tourisme-durable\\\/#breadcrumb\"},\"inLanguage\":\"fr-FR\",\"potentialAction\":[{\"@type\":\"ReadAction\",\"target\":[\"https:\\\/\\\/laplandrestaurant.fi\\\/fr\\\/tourisme-durable\\\/\"]}]},{\"@type\":\"BreadcrumbList\",\"@id\":\"https:\\\/\\\/laplandrestaurant.fi\\\/fr\\\/tourisme-durable\\\/#breadcrumb\",\"itemListElement\":[{\"@type\":\"ListItem\",\"position\":1,\"name\":\"Home\",\"item\":\"https:\\\/\\\/laplandrestaurant.fi\\\/fr\\\/\"},{\"@type\":\"ListItem\",\"position\":2,\"name\":\"Tourisme Durable\"}]},{\"@type\":\"WebSite\",\"@id\":\"https:\\\/\\\/laplandrestaurant.fi\\\/fi\\\/#website\",\"url\":\"https:\\\/\\\/laplandrestaurant.fi\\\/fi\\\/\",\"name\":\"Lapland Restaurant Kotahovi\",\"description\":\"Unique and Atmospheric Restaurant in Lapland Finland at the Acrtic Circle\",\"potentialAction\":[{\"@type\":\"SearchAction\",\"target\":{\"@type\":\"EntryPoint\",\"urlTemplate\":\"https:\\\/\\\/laplandrestaurant.fi\\\/fi\\\/search\\\/{search_term_string}\"},\"query-input\":{\"@type\":\"PropertyValueSpecification\",\"valueRequired\":true,\"valueName\":\"search_term_string\"}}],\"inLanguage\":\"fr-FR\"}]}<\/script>\n<!-- \/ Yoast SEO plugin. -->","yoast_head_json":{"title":"Tourisme Durable - Lapland Restaurant Kotahovi","robots":{"index":"index","follow":"follow","max-snippet":"max-snippet:-1","max-image-preview":"max-image-preview:large","max-video-preview":"max-video-preview:-1"},"canonical":"https:\/\/laplandrestaurant.fi\/fr\/tourisme-durable\/","og_locale":"fr_FR","og_type":"article","og_title":"Tourisme Durable - Lapland Restaurant Kotahovi","og_description":"\u00a0Tourisme durable et notre participation au programme national \u00ab\u00a0Sustainable Travel Finland\u00a0\u00bb &nbsp; Santa Claus Reindeer Oy (sarl), qui comprend Santa Claus Reindeer (les Rennes du P\u00e8re No\u00ebl), Mrs Santa Claus Christmas Cottage (la Maison de la M\u00e8re No\u00ebl) and Lapland Restaurant Kotahovi, vise \u00e0 am\u00e9liorer la durabilit\u00e9 et le respect de l\u2019environnement en participant \u00e0 &hellip; Continued","og_url":"https:\/\/laplandrestaurant.fi\/fr\/tourisme-durable\/","og_site_name":"Lapland Restaurant Kotahovi","article_modified_time":"2023-09-07T10:22:37+00:00","twitter_misc":{"Dur\u00e9e de lecture estim\u00e9e":"2 minutes"},"schema":{"@context":"https:\/\/schema.org","@graph":[{"@type":"WebPage","@id":"https:\/\/laplandrestaurant.fi\/fr\/tourisme-durable\/","url":"https:\/\/laplandrestaurant.fi\/fr\/tourisme-durable\/","name":"Tourisme Durable - Lapland Restaurant Kotahovi","isPartOf":{"@id":"https:\/\/laplandrestaurant.fi\/fi\/#website"},"datePublished":"2022-07-26T16:11:41+00:00","dateModified":"2023-09-07T10:22:37+00:00","breadcrumb":{"@id":"https:\/\/laplandrestaurant.fi\/fr\/tourisme-durable\/#breadcrumb"},"inLanguage":"fr-FR","potentialAction":[{"@type":"ReadAction","target":["https:\/\/laplandrestaurant.fi\/fr\/tourisme-durable\/"]}]},{"@type":"BreadcrumbList","@id":"https:\/\/laplandrestaurant.fi\/fr\/tourisme-durable\/#breadcrumb","itemListElement":[{"@type":"ListItem","position":1,"name":"Home","item":"https:\/\/laplandrestaurant.fi\/fr\/"},{"@type":"ListItem","position":2,"name":"Tourisme Durable"}]},{"@type":"WebSite","@id":"https:\/\/laplandrestaurant.fi\/fi\/#website","url":"https:\/\/laplandrestaurant.fi\/fi\/","name":"Lapland Restaurant Kotahovi","description":"Unique and Atmospheric Restaurant in Lapland Finland at the Acrtic Circle","potentialAction":[{"@type":"SearchAction","target":{"@type":"EntryPoint","urlTemplate":"https:\/\/laplandrestaurant.fi\/fi\/search\/{search_term_string}"},"query-input":{"@type":"PropertyValueSpecification","valueRequired":true,"valueName":"search_term_string"}}],"inLanguage":"fr-FR"}]}},"_links":{"self":[{"href":"https:\/\/laplandrestaurant.fi\/fr\/wp-json\/wp\/v2\/pages\/2533","targetHints":{"allow":["GET"]}}],"collection":[{"href":"https:\/\/laplandrestaurant.fi\/fr\/wp-json\/wp\/v2\/pages"}],"about":[{"href":"https:\/\/laplandrestaurant.fi\/fr\/wp-json\/wp\/v2\/types\/page"}],"author":[{"embeddable":true,"href":"https:\/\/laplandrestaurant.fi\/fr\/wp-json\/wp\/v2\/users\/9"}],"replies":[{"embeddable":true,"href":"https:\/\/laplandrestaurant.fi\/fr\/wp-json\/wp\/v2\/comments?post=2533"}],"version-history":[{"count":5,"href":"https:\/\/laplandrestaurant.fi\/fr\/wp-json\/wp\/v2\/pages\/2533\/revisions"}],"predecessor-version":[{"id":3157,"href":"https:\/\/laplandrestaurant.fi\/fr\/wp-json\/wp\/v2\/pages\/2533\/revisions\/3157"}],"wp:attachment":[{"href":"https:\/\/laplandrestaurant.fi\/fr\/wp-json\/wp\/v2\/media?parent=2533"}],"curies":[{"name":"wp","href":"https:\/\/api.w.org\/{rel}","templated":true}]}}