{"id":304,"date":"2015-04-15T01:40:22","date_gmt":"2015-04-14T22:40:22","guid":{"rendered":"http:\/\/www.laplandrestaurant.fi\/ota-yhteytta\/links\/"},"modified":"2025-01-19T20:04:08","modified_gmt":"2025-01-19T18:04:08","slug":"linkit","status":"publish","type":"page","link":"https:\/\/laplandrestaurant.fi\/fi\/ota-yhteytta\/linkit\/","title":{"rendered":"Hy\u00f6dylliset linkit : Rovaniemi ja Joulupukin Pajakyl\u00e4"},"content":{"rendered":"","protected":false},"excerpt":{"rendered":"","protected":false},"author":2,"featured_media":0,"parent":217,"menu_order":0,"comment_status":"closed","ping_status":"closed","template":"template-links.php","meta":{"_acf_changed":false,"footnotes":""},"class_list":["post-304","page","type-page","status-publish","hentry"],"acf":[],"yoast_head":"<!-- This site is optimized with the Yoast SEO plugin v27.4 - https:\/\/yoast.com\/product\/yoast-seo-wordpress\/ -->\n<title>Linkit - Lappi Lapland Restaurant Kotahovi Rovaniemi<\/title>\n<meta name=\"description\" content=\"Lappi Ravintola Lapland Restaurant Kotahovi: hy\u00f6dyllisi\u00e4 Rovaniemi ja Joulupukin pajakyl\u00e4 linkkej\u00e4\" \/>\n<meta name=\"robots\" content=\"index, follow, max-snippet:-1, max-image-preview:large, max-video-preview:-1\" \/>\n<link rel=\"canonical\" href=\"https:\/\/laplandrestaurant.fi\/fi\/ota-yhteytta\/linkit\/\" \/>\n<meta property=\"og:locale\" content=\"fi_FI\" \/>\n<meta property=\"og:type\" content=\"article\" \/>\n<meta property=\"og:title\" content=\"Linkit - Lappi Lapland Restaurant Kotahovi Rovaniemi\" \/>\n<meta property=\"og:description\" content=\"Lappi Ravintola Lapland Restaurant Kotahovi: hy\u00f6dyllisi\u00e4 Rovaniemi ja Joulupukin pajakyl\u00e4 linkkej\u00e4\" \/>\n<meta property=\"og:url\" content=\"https:\/\/laplandrestaurant.fi\/fi\/ota-yhteytta\/linkit\/\" \/>\n<meta property=\"og:site_name\" content=\"Lapland Restaurant Kotahovi\" \/>\n<meta property=\"article:modified_time\" content=\"2025-01-19T18:04:08+00:00\" \/>\n<script type=\"application\/ld+json\" class=\"yoast-schema-graph\">{\"@context\":\"https:\\\/\\\/schema.org\",\"@graph\":[{\"@type\":\"WebPage\",\"@id\":\"https:\\\/\\\/laplandrestaurant.fi\\\/fi\\\/ota-yhteytta\\\/linkit\\\/\",\"url\":\"https:\\\/\\\/laplandrestaurant.fi\\\/fi\\\/ota-yhteytta\\\/linkit\\\/\",\"name\":\"Linkit - Lappi Lapland Restaurant Kotahovi Rovaniemi\",\"isPartOf\":{\"@id\":\"https:\\\/\\\/laplandrestaurant.fi\\\/fi\\\/#website\"},\"datePublished\":\"2015-04-14T22:40:22+00:00\",\"dateModified\":\"2025-01-19T18:04:08+00:00\",\"description\":\"Lappi Ravintola Lapland Restaurant Kotahovi: hy\u00f6dyllisi\u00e4 Rovaniemi ja Joulupukin pajakyl\u00e4 linkkej\u00e4\",\"breadcrumb\":{\"@id\":\"https:\\\/\\\/laplandrestaurant.fi\\\/fi\\\/ota-yhteytta\\\/linkit\\\/#breadcrumb\"},\"inLanguage\":\"fi\",\"potentialAction\":[{\"@type\":\"ReadAction\",\"target\":[\"https:\\\/\\\/laplandrestaurant.fi\\\/fi\\\/ota-yhteytta\\\/linkit\\\/\"]}]},{\"@type\":\"BreadcrumbList\",\"@id\":\"https:\\\/\\\/laplandrestaurant.fi\\\/fi\\\/ota-yhteytta\\\/linkit\\\/#breadcrumb\",\"itemListElement\":[{\"@type\":\"ListItem\",\"position\":1,\"name\":\"Home\",\"item\":\"https:\\\/\\\/laplandrestaurant.fi\\\/fi\\\/\"},{\"@type\":\"ListItem\",\"position\":2,\"name\":\"Ota yhteytt\u00e4\",\"item\":\"https:\\\/\\\/laplandrestaurant.fi\\\/fi\\\/ota-yhteytta\\\/\"},{\"@type\":\"ListItem\",\"position\":3,\"name\":\"Hy\u00f6dylliset linkit : Rovaniemi ja Joulupukin Pajakyl\u00e4\"}]},{\"@type\":\"WebSite\",\"@id\":\"https:\\\/\\\/laplandrestaurant.fi\\\/fi\\\/#website\",\"url\":\"https:\\\/\\\/laplandrestaurant.fi\\\/fi\\\/\",\"name\":\"Lapland Restaurant Kotahovi\",\"description\":\"Unique and Atmospheric Restaurant in Lapland Finland at the Acrtic Circle\",\"potentialAction\":[{\"@type\":\"SearchAction\",\"target\":{\"@type\":\"EntryPoint\",\"urlTemplate\":\"https:\\\/\\\/laplandrestaurant.fi\\\/fi\\\/search\\\/{search_term_string}\"},\"query-input\":{\"@type\":\"PropertyValueSpecification\",\"valueRequired\":true,\"valueName\":\"search_term_string\"}}],\"inLanguage\":\"fi\"}]}<\/script>\n<!-- \/ Yoast SEO plugin. -->","yoast_head_json":{"title":"Linkit - Lappi Lapland Restaurant Kotahovi Rovaniemi","description":"Lappi Ravintola Lapland Restaurant Kotahovi: hy\u00f6dyllisi\u00e4 Rovaniemi ja Joulupukin pajakyl\u00e4 linkkej\u00e4","robots":{"index":"index","follow":"follow","max-snippet":"max-snippet:-1","max-image-preview":"max-image-preview:large","max-video-preview":"max-video-preview:-1"},"canonical":"https:\/\/laplandrestaurant.fi\/fi\/ota-yhteytta\/linkit\/","og_locale":"fi_FI","og_type":"article","og_title":"Linkit - Lappi Lapland Restaurant Kotahovi Rovaniemi","og_description":"Lappi Ravintola Lapland Restaurant Kotahovi: hy\u00f6dyllisi\u00e4 Rovaniemi ja Joulupukin pajakyl\u00e4 linkkej\u00e4","og_url":"https:\/\/laplandrestaurant.fi\/fi\/ota-yhteytta\/linkit\/","og_site_name":"Lapland Restaurant Kotahovi","article_modified_time":"2025-01-19T18:04:08+00:00","schema":{"@context":"https:\/\/schema.org","@graph":[{"@type":"WebPage","@id":"https:\/\/laplandrestaurant.fi\/fi\/ota-yhteytta\/linkit\/","url":"https:\/\/laplandrestaurant.fi\/fi\/ota-yhteytta\/linkit\/","name":"Linkit - Lappi Lapland Restaurant Kotahovi Rovaniemi","isPartOf":{"@id":"https:\/\/laplandrestaurant.fi\/fi\/#website"},"datePublished":"2015-04-14T22:40:22+00:00","dateModified":"2025-01-19T18:04:08+00:00","description":"Lappi Ravintola Lapland Restaurant Kotahovi: hy\u00f6dyllisi\u00e4 Rovaniemi ja Joulupukin pajakyl\u00e4 linkkej\u00e4","breadcrumb":{"@id":"https:\/\/laplandrestaurant.fi\/fi\/ota-yhteytta\/linkit\/#breadcrumb"},"inLanguage":"fi","potentialAction":[{"@type":"ReadAction","target":["https:\/\/laplandrestaurant.fi\/fi\/ota-yhteytta\/linkit\/"]}]},{"@type":"BreadcrumbList","@id":"https:\/\/laplandrestaurant.fi\/fi\/ota-yhteytta\/linkit\/#breadcrumb","itemListElement":[{"@type":"ListItem","position":1,"name":"Home","item":"https:\/\/laplandrestaurant.fi\/fi\/"},{"@type":"ListItem","position":2,"name":"Ota yhteytt\u00e4","item":"https:\/\/laplandrestaurant.fi\/fi\/ota-yhteytta\/"},{"@type":"ListItem","position":3,"name":"Hy\u00f6dylliset linkit : Rovaniemi ja Joulupukin Pajakyl\u00e4"}]},{"@type":"WebSite","@id":"https:\/\/laplandrestaurant.fi\/fi\/#website","url":"https:\/\/laplandrestaurant.fi\/fi\/","name":"Lapland Restaurant Kotahovi","description":"Unique and Atmospheric Restaurant in Lapland Finland at the Acrtic Circle","potentialAction":[{"@type":"SearchAction","target":{"@type":"EntryPoint","urlTemplate":"https:\/\/laplandrestaurant.fi\/fi\/search\/{search_term_string}"},"query-input":{"@type":"PropertyValueSpecification","valueRequired":true,"valueName":"search_term_string"}}],"inLanguage":"fi"}]}},"_links":{"self":[{"href":"https:\/\/laplandrestaurant.fi\/fi\/wp-json\/wp\/v2\/pages\/304","targetHints":{"allow":["GET"]}}],"collection":[{"href":"https:\/\/laplandrestaurant.fi\/fi\/wp-json\/wp\/v2\/pages"}],"about":[{"href":"https:\/\/laplandrestaurant.fi\/fi\/wp-json\/wp\/v2\/types\/page"}],"author":[{"embeddable":true,"href":"https:\/\/laplandrestaurant.fi\/fi\/wp-json\/wp\/v2\/users\/2"}],"replies":[{"embeddable":true,"href":"https:\/\/laplandrestaurant.fi\/fi\/wp-json\/wp\/v2\/comments?post=304"}],"version-history":[{"count":6,"href":"https:\/\/laplandrestaurant.fi\/fi\/wp-json\/wp\/v2\/pages\/304\/revisions"}],"predecessor-version":[{"id":3500,"href":"https:\/\/laplandrestaurant.fi\/fi\/wp-json\/wp\/v2\/pages\/304\/revisions\/3500"}],"up":[{"embeddable":true,"href":"https:\/\/laplandrestaurant.fi\/fi\/wp-json\/wp\/v2\/pages\/217"}],"wp:attachment":[{"href":"https:\/\/laplandrestaurant.fi\/fi\/wp-json\/wp\/v2\/media?parent=304"}],"curies":[{"name":"wp","href":"https:\/\/api.w.org\/{rel}","templated":true}]}}