{"id":235,"date":"2015-04-15T01:38:04","date_gmt":"2015-04-14T22:38:04","guid":{"rendered":"http:\/\/www.laplandrestaurant.fi\/kuvat-ja-videot\/video\/"},"modified":"2018-09-15T16:21:19","modified_gmt":"2018-09-15T13:21:19","slug":"video-lappi-ravintola-joulupukin-pajakyla","status":"publish","type":"page","link":"https:\/\/laplandrestaurant.fi\/fi\/kuvat-ja-videot\/video-lappi-ravintola-joulupukin-pajakyla\/","title":{"rendered":"Video"},"content":{"rendered":"<div class=\"entry-content-asset\"><iframe loading=\"lazy\" title=\"Lapland Restaurant Kotahovi in Santa Claus Village Lappi-ravintola Arctic Circle Rovaniemi\" width=\"500\" height=\"281\" src=\"https:\/\/www.youtube.com\/embed\/5yM18qs4fNg?feature=oembed\" frameborder=\"0\" allow=\"accelerometer; autoplay; clipboard-write; encrypted-media; gyroscope; picture-in-picture; web-share\" referrerpolicy=\"strict-origin-when-cross-origin\" allowfullscreen><\/iframe><\/div>\n<p style=\"text-align: center; margin-top: 20px;\">VIDEO: Lappi- tyylinen ravintola Lapland Restaurant Kotahovi Santa Claus Reinder kohteessa Joulupukin Pajakyl\u00e4ss\u00e4 Rovaniemell\u00e4<\/p>\n<p style=\"text-align: center; font-size: 0.8em; margin-top: -10px;\">Videon totettanut\u00a0\u00a0<a href=\"http:\/\/www.joulupukkitv.com\/\" target=\"_blank\" rel=\"noopener\">Joulupukki TV<\/a> \/\u00a0<a href=\"http:\/\/www.santatelevision.com\/joulupukki\" target=\"_blank\" rel=\"noopener\">Santatelevision<\/a>\u00a0&#8211; <a href=\"https:\/\/www.joulupukkitv.com\/videopalvelut\/ilmakuvaus-lappi-rovaniemi\/\">ilmakuvaukset<\/a> &#8211; <a href=\"https:\/\/www.joulupukkitv.com\/videopalvelut\/\">videokuvaukset<\/a><\/p>\n<div id=\"socialbox\" class=\"attachment\" style=\"margin-top:10px; margin-bottom:0px;\">\n  <ul>\n    <li class=\"pinit\"><a href=\"https:\/\/pinterest.com\/pin\/create\/button\/?url=https:\/\/laplandrestaurant.fi\/fi\/kuvat-ja-videot\/video-lappi-ravintola-joulupukin-pajakyla\/&media=http%3A%2F%2Fimg.youtube.com%2Fvi%2FMCcckT2uK10\/0.jpg&description=VIDEO: Lappi- tyylinen ravintola Lapland Restaurant Kotahovi Santa Claus Reinder kohteessa Joulupukin Pajakyl\u00e4ss\u00e4 Rovaniemell\u00e4 \" class=\"pin-it-button\" count-layout=\"horizontal\" always-show-count=\"1\"><img decoding=\"async\" border=\"0\" src=\"\/\/assets.pinterest.com\/images\/PinExt.png\" title=\"Pin It\" \/><\/a><\/li>\n    <li class=\"fb\"><div class=\"fb-like\" data-href=\"https:\/\/laplandrestaurant.fi\/fi\/kuvat-ja-videot\/video-lappi-ravintola-joulupukin-pajakyla\/\" data-send=\"false\" data-layout=\"button_count\" data-show-faces=\"false\"><\/div><\/li>\n    <li class=\"twit\"><a href=\"https:\/\/twitter.com\/share\" class=\"twitter-share-button\" data-count=\"none\" data-hashtags=\"kotahovi\">Tweet<\/a><\/li>\n  <\/ul>\n  <\/div>\n","protected":false},"excerpt":{"rendered":"<p>VIDEO: Lappi- tyylinen ravintola Lapland Restaurant Kotahovi Santa Claus Reinder kohteessa Joulupukin Pajakyl\u00e4ss\u00e4 Rovaniemell\u00e4 Videon totettanut\u00a0\u00a0Joulupukki TV \/\u00a0Santatelevision\u00a0&#8211; ilmakuvaukset &#8211; videokuvaukset<\/p>\n","protected":false},"author":2,"featured_media":0,"parent":220,"menu_order":0,"comment_status":"closed","ping_status":"closed","template":"template-video.php","meta":{"_acf_changed":false,"footnotes":""},"class_list":["post-235","page","type-page","status-publish","hentry"],"acf":[],"yoast_head":"<!-- This site is optimized with the Yoast SEO plugin v27.3 - https:\/\/yoast.com\/product\/yoast-seo-wordpress\/ -->\n<title>Video: Lapland Restaurant Kotahovi Lappi-ravintola Rovaniemi<\/title>\n<meta name=\"description\" content=\"Video: Lapland Restaurant Kotahovi Lappi-tyylinen ravintola Rovaniemi - Joulupukin Pajakyl\u00e4 - Napapiiri\" \/>\n<meta name=\"robots\" content=\"index, follow, max-snippet:-1, max-image-preview:large, max-video-preview:-1\" \/>\n<link rel=\"canonical\" href=\"https:\/\/laplandrestaurant.fi\/fi\/kuvat-ja-videot\/video-lappi-ravintola-joulupukin-pajakyla\/\" \/>\n<meta property=\"og:locale\" content=\"fi_FI\" \/>\n<meta property=\"og:type\" content=\"article\" \/>\n<meta property=\"og:title\" content=\"Video: Lapland Restaurant Kotahovi Lappi-ravintola Rovaniemi\" \/>\n<meta property=\"og:description\" content=\"Video: Lapland Restaurant Kotahovi Lappi-tyylinen ravintola Rovaniemi - Joulupukin Pajakyl\u00e4 - Napapiiri\" \/>\n<meta property=\"og:url\" content=\"https:\/\/laplandrestaurant.fi\/fi\/kuvat-ja-videot\/video-lappi-ravintola-joulupukin-pajakyla\/\" \/>\n<meta property=\"og:site_name\" content=\"Lapland Restaurant Kotahovi\" \/>\n<meta property=\"article:modified_time\" content=\"2018-09-15T13:21:19+00:00\" \/>\n<script type=\"application\/ld+json\" class=\"yoast-schema-graph\">{\"@context\":\"https:\\\/\\\/schema.org\",\"@graph\":[{\"@type\":\"WebPage\",\"@id\":\"https:\\\/\\\/laplandrestaurant.fi\\\/fi\\\/kuvat-ja-videot\\\/video-lappi-ravintola-joulupukin-pajakyla\\\/\",\"url\":\"https:\\\/\\\/laplandrestaurant.fi\\\/fi\\\/kuvat-ja-videot\\\/video-lappi-ravintola-joulupukin-pajakyla\\\/\",\"name\":\"Video: Lapland Restaurant Kotahovi Lappi-ravintola Rovaniemi\",\"isPartOf\":{\"@id\":\"https:\\\/\\\/laplandrestaurant.fi\\\/fi\\\/#website\"},\"datePublished\":\"2015-04-14T22:38:04+00:00\",\"dateModified\":\"2018-09-15T13:21:19+00:00\",\"description\":\"Video: Lapland Restaurant Kotahovi Lappi-tyylinen ravintola Rovaniemi - Joulupukin Pajakyl\u00e4 - Napapiiri\",\"breadcrumb\":{\"@id\":\"https:\\\/\\\/laplandrestaurant.fi\\\/fi\\\/kuvat-ja-videot\\\/video-lappi-ravintola-joulupukin-pajakyla\\\/#breadcrumb\"},\"inLanguage\":\"fi\",\"potentialAction\":[{\"@type\":\"ReadAction\",\"target\":[\"https:\\\/\\\/laplandrestaurant.fi\\\/fi\\\/kuvat-ja-videot\\\/video-lappi-ravintola-joulupukin-pajakyla\\\/\"]}]},{\"@type\":\"BreadcrumbList\",\"@id\":\"https:\\\/\\\/laplandrestaurant.fi\\\/fi\\\/kuvat-ja-videot\\\/video-lappi-ravintola-joulupukin-pajakyla\\\/#breadcrumb\",\"itemListElement\":[{\"@type\":\"ListItem\",\"position\":1,\"name\":\"Home\",\"item\":\"https:\\\/\\\/laplandrestaurant.fi\\\/fi\\\/\"},{\"@type\":\"ListItem\",\"position\":2,\"name\":\"Kuvat ja videot\",\"item\":\"https:\\\/\\\/laplandrestaurant.fi\\\/fi\\\/kuvat-ja-videot\\\/\"},{\"@type\":\"ListItem\",\"position\":3,\"name\":\"Video\"}]},{\"@type\":\"WebSite\",\"@id\":\"https:\\\/\\\/laplandrestaurant.fi\\\/fi\\\/#website\",\"url\":\"https:\\\/\\\/laplandrestaurant.fi\\\/fi\\\/\",\"name\":\"Lapland Restaurant Kotahovi\",\"description\":\"Unique and Atmospheric Restaurant in Lapland Finland at the Acrtic Circle\",\"potentialAction\":[{\"@type\":\"SearchAction\",\"target\":{\"@type\":\"EntryPoint\",\"urlTemplate\":\"https:\\\/\\\/laplandrestaurant.fi\\\/fi\\\/search\\\/{search_term_string}\"},\"query-input\":{\"@type\":\"PropertyValueSpecification\",\"valueRequired\":true,\"valueName\":\"search_term_string\"}}],\"inLanguage\":\"fi\"}]}<\/script>\n<!-- \/ Yoast SEO plugin. -->","yoast_head_json":{"title":"Video: Lapland Restaurant Kotahovi Lappi-ravintola Rovaniemi","description":"Video: Lapland Restaurant Kotahovi Lappi-tyylinen ravintola Rovaniemi - Joulupukin Pajakyl\u00e4 - Napapiiri","robots":{"index":"index","follow":"follow","max-snippet":"max-snippet:-1","max-image-preview":"max-image-preview:large","max-video-preview":"max-video-preview:-1"},"canonical":"https:\/\/laplandrestaurant.fi\/fi\/kuvat-ja-videot\/video-lappi-ravintola-joulupukin-pajakyla\/","og_locale":"fi_FI","og_type":"article","og_title":"Video: Lapland Restaurant Kotahovi Lappi-ravintola Rovaniemi","og_description":"Video: Lapland Restaurant Kotahovi Lappi-tyylinen ravintola Rovaniemi - Joulupukin Pajakyl\u00e4 - Napapiiri","og_url":"https:\/\/laplandrestaurant.fi\/fi\/kuvat-ja-videot\/video-lappi-ravintola-joulupukin-pajakyla\/","og_site_name":"Lapland Restaurant Kotahovi","article_modified_time":"2018-09-15T13:21:19+00:00","schema":{"@context":"https:\/\/schema.org","@graph":[{"@type":"WebPage","@id":"https:\/\/laplandrestaurant.fi\/fi\/kuvat-ja-videot\/video-lappi-ravintola-joulupukin-pajakyla\/","url":"https:\/\/laplandrestaurant.fi\/fi\/kuvat-ja-videot\/video-lappi-ravintola-joulupukin-pajakyla\/","name":"Video: Lapland Restaurant Kotahovi Lappi-ravintola Rovaniemi","isPartOf":{"@id":"https:\/\/laplandrestaurant.fi\/fi\/#website"},"datePublished":"2015-04-14T22:38:04+00:00","dateModified":"2018-09-15T13:21:19+00:00","description":"Video: Lapland Restaurant Kotahovi Lappi-tyylinen ravintola Rovaniemi - Joulupukin Pajakyl\u00e4 - Napapiiri","breadcrumb":{"@id":"https:\/\/laplandrestaurant.fi\/fi\/kuvat-ja-videot\/video-lappi-ravintola-joulupukin-pajakyla\/#breadcrumb"},"inLanguage":"fi","potentialAction":[{"@type":"ReadAction","target":["https:\/\/laplandrestaurant.fi\/fi\/kuvat-ja-videot\/video-lappi-ravintola-joulupukin-pajakyla\/"]}]},{"@type":"BreadcrumbList","@id":"https:\/\/laplandrestaurant.fi\/fi\/kuvat-ja-videot\/video-lappi-ravintola-joulupukin-pajakyla\/#breadcrumb","itemListElement":[{"@type":"ListItem","position":1,"name":"Home","item":"https:\/\/laplandrestaurant.fi\/fi\/"},{"@type":"ListItem","position":2,"name":"Kuvat ja videot","item":"https:\/\/laplandrestaurant.fi\/fi\/kuvat-ja-videot\/"},{"@type":"ListItem","position":3,"name":"Video"}]},{"@type":"WebSite","@id":"https:\/\/laplandrestaurant.fi\/fi\/#website","url":"https:\/\/laplandrestaurant.fi\/fi\/","name":"Lapland Restaurant Kotahovi","description":"Unique and Atmospheric Restaurant in Lapland Finland at the Acrtic Circle","potentialAction":[{"@type":"SearchAction","target":{"@type":"EntryPoint","urlTemplate":"https:\/\/laplandrestaurant.fi\/fi\/search\/{search_term_string}"},"query-input":{"@type":"PropertyValueSpecification","valueRequired":true,"valueName":"search_term_string"}}],"inLanguage":"fi"}]}},"_links":{"self":[{"href":"https:\/\/laplandrestaurant.fi\/fi\/wp-json\/wp\/v2\/pages\/235","targetHints":{"allow":["GET"]}}],"collection":[{"href":"https:\/\/laplandrestaurant.fi\/fi\/wp-json\/wp\/v2\/pages"}],"about":[{"href":"https:\/\/laplandrestaurant.fi\/fi\/wp-json\/wp\/v2\/types\/page"}],"author":[{"embeddable":true,"href":"https:\/\/laplandrestaurant.fi\/fi\/wp-json\/wp\/v2\/users\/2"}],"replies":[{"embeddable":true,"href":"https:\/\/laplandrestaurant.fi\/fi\/wp-json\/wp\/v2\/comments?post=235"}],"version-history":[{"count":5,"href":"https:\/\/laplandrestaurant.fi\/fi\/wp-json\/wp\/v2\/pages\/235\/revisions"}],"predecessor-version":[{"id":1024,"href":"https:\/\/laplandrestaurant.fi\/fi\/wp-json\/wp\/v2\/pages\/235\/revisions\/1024"}],"up":[{"embeddable":true,"href":"https:\/\/laplandrestaurant.fi\/fi\/wp-json\/wp\/v2\/pages\/220"}],"wp:attachment":[{"href":"https:\/\/laplandrestaurant.fi\/fi\/wp-json\/wp\/v2\/media?parent=235"}],"curies":[{"name":"wp","href":"https:\/\/api.w.org\/{rel}","templated":true}]}}