{"id":232,"date":"2015-04-14T13:51:33","date_gmt":"2015-04-14T10:51:33","guid":{"rendered":"http:\/\/www.laplandrestaurant.fi\/restaurant-rovaniemi-2\/"},"modified":"2024-11-17T12:46:03","modified_gmt":"2024-11-17T10:46:03","slug":"lappi-ravintola","status":"publish","type":"page","link":"https:\/\/laplandrestaurant.fi\/fi\/lappi-ravintola\/","title":{"rendered":"Ravintolamme"},"content":{"rendered":"<h1>Lapland Restaurant Kotahovi Joulupukin Pajakyl\u00e4ss\u00e4 Rovaniemell\u00e4<\/h1>\n<p>Lappi-henkinen ravintola Kotahovi avattiin Joulupukin Pajakyl\u00e4\u00e4n, Rovaniemelle, vuonna 2015. Ravintolan ja l\u00e4heisen Santa Claus Reindeer -porotilan omistaja on rovaniemel\u00e4inen K\u00f6rk\u00f6n perhe, jonka maatilalla on ollut poroja tutkitusti jo 1800-luvulta l\u00e4htien.<\/p>\n<p>Kotamaisen ulkomuotonsa mukaan nimetty ravintola Kotahovi haluaa tarjota kaikille vierailijoille mahdollisuuden nauttia maukkaista, perinteisist\u00e4 lappilaisista ja suomalaisista ruokalajeista tunnelmallisessa, kodikkaassa ymp\u00e4rist\u00f6ss\u00e4. Kuten aidossa lappilaisessa kodassakin, ravintolan keskell\u00e4 loimuaa l\u00e4mmitt\u00e4v\u00e4 avotuli, jota ravintolan 50 asiakaspaikkaa ymp\u00e4r\u00f6iv\u00e4t. Ravintolan ainutlaatuisen tunnelman luovat luonnonmukaisten rakennusmateriaalien ja perinteisten, k\u00e4sity\u00f6n\u00e4 tehtyjen sisustuselementtien lis\u00e4ksi my\u00f6s ikkunoista avautuvat n\u00e4kym\u00e4t poroineen.<\/p>\n<p>Ravintola Kotahovissa tarjoillaan kolmen ruokalajin herkullisia, perinteisi\u00e4 lappilaisia menuja, joiden raaka-aineina ovat muiden muassa poronliha, lohi, sek\u00e4 paikalliset sienet, marjat ja yrtit.<\/p>\n<p data-pm-slice=\"1 1 []\">Valitettavasti ravintolaamme EI voi tehd\u00e4 p\u00f6yt\u00e4varauksia marras- ja helmikuuhun v\u00e4lisen\u00e4 aikana.<\/p>\n<p>Tutustu <a href=\"https:\/\/laplandrestaurant.fi\/wp-content\/uploads\/Menu-suomi-2024.pdf\">T\u00c4\u00c4LT\u00c4\u00a0<\/a>ruokalistaamme. <a href=\"https:\/\/laplandrestaurant.fi\/wp-content\/uploads\/Kotahovi-menu-kesa-2023-suomi.pdf\"><\/a><\/p>\n<p><strong>Lapland Restaurant Kotahovi<\/strong><br \/>\nJoulumaantie 13<br \/>\nJoulupukin Pajakyl\u00e4<br \/>\n96930 Napapiiri Rovaniemi<\/p>\n<p>Puh: 040 8340 900<br \/>\n<a href=\"mailto:contact@laplandrestaurant.fi\">contact@laplandrestaurant.fi<\/a><\/p>\n","protected":false},"excerpt":{"rendered":"<p>Lapland Restaurant Kotahovi Joulupukin Pajakyl\u00e4ss\u00e4 Rovaniemell\u00e4 Lappi-henkinen ravintola Kotahovi avattiin Joulupukin Pajakyl\u00e4\u00e4n, Rovaniemelle, vuonna 2015. Ravintolan ja l\u00e4heisen Santa Claus Reindeer -porotilan omistaja on rovaniemel\u00e4inen K\u00f6rk\u00f6n perhe, jonka maatilalla on ollut poroja tutkitusti jo 1800-luvulta l\u00e4htien. Kotamaisen ulkomuotonsa mukaan nimetty ravintola Kotahovi haluaa tarjota kaikille vierailijoille mahdollisuuden nauttia maukkaista, perinteisist\u00e4 lappilaisista ja suomalaisista ruokalajeista tunnelmallisessa, &hellip; <a href=\"https:\/\/laplandrestaurant.fi\/fi\/lappi-ravintola\/\">Continued<\/a><\/p>\n","protected":false},"author":2,"featured_media":0,"parent":0,"menu_order":0,"comment_status":"closed","ping_status":"closed","template":"","meta":{"_acf_changed":false,"footnotes":""},"class_list":["post-232","page","type-page","status-publish","hentry"],"acf":[],"yoast_head":"<!-- This site is optimized with the Yoast SEO plugin v27.3 - https:\/\/yoast.com\/product\/yoast-seo-wordpress\/ -->\n<title>Lapland Restaurant Kotahovi ravintola | Joulupukin Pajakyl\u00e4<\/title>\n<meta name=\"description\" content=\"Lappi-tyylinen Lapland Restaurant Kotahovi ravintola | Joulupukin Pajakyl\u00e4 - Napapiiri - Rovaniemi. Astu lappilaisten makujen maailmaailmaan\" \/>\n<meta name=\"robots\" content=\"index, follow, max-snippet:-1, max-image-preview:large, max-video-preview:-1\" \/>\n<link rel=\"canonical\" href=\"https:\/\/laplandrestaurant.fi\/fi\/lappi-ravintola\/\" \/>\n<meta property=\"og:locale\" content=\"fi_FI\" \/>\n<meta property=\"og:type\" content=\"article\" \/>\n<meta property=\"og:title\" content=\"Lapland Restaurant Kotahovi ravintola | Joulupukin Pajakyl\u00e4\" \/>\n<meta property=\"og:description\" content=\"Lappi-tyylinen Lapland Restaurant Kotahovi ravintola | Joulupukin Pajakyl\u00e4 - Napapiiri - Rovaniemi. Astu lappilaisten makujen maailmaailmaan\" \/>\n<meta property=\"og:url\" content=\"https:\/\/laplandrestaurant.fi\/fi\/lappi-ravintola\/\" \/>\n<meta property=\"og:site_name\" content=\"Lapland Restaurant Kotahovi\" \/>\n<meta property=\"article:modified_time\" content=\"2024-11-17T10:46:03+00:00\" \/>\n<meta name=\"twitter:label1\" content=\"Arvioitu lukuaika\" \/>\n\t<meta name=\"twitter:data1\" content=\"1 minuutti\" \/>\n<script type=\"application\/ld+json\" class=\"yoast-schema-graph\">{\"@context\":\"https:\\\/\\\/schema.org\",\"@graph\":[{\"@type\":\"WebPage\",\"@id\":\"https:\\\/\\\/laplandrestaurant.fi\\\/fi\\\/lappi-ravintola\\\/\",\"url\":\"https:\\\/\\\/laplandrestaurant.fi\\\/fi\\\/lappi-ravintola\\\/\",\"name\":\"Lapland Restaurant Kotahovi ravintola | Joulupukin Pajakyl\u00e4\",\"isPartOf\":{\"@id\":\"https:\\\/\\\/laplandrestaurant.fi\\\/fi\\\/#website\"},\"datePublished\":\"2015-04-14T10:51:33+00:00\",\"dateModified\":\"2024-11-17T10:46:03+00:00\",\"description\":\"Lappi-tyylinen Lapland Restaurant Kotahovi ravintola | Joulupukin Pajakyl\u00e4 - Napapiiri - Rovaniemi. Astu lappilaisten makujen maailmaailmaan\",\"breadcrumb\":{\"@id\":\"https:\\\/\\\/laplandrestaurant.fi\\\/fi\\\/lappi-ravintola\\\/#breadcrumb\"},\"inLanguage\":\"fi\",\"potentialAction\":[{\"@type\":\"ReadAction\",\"target\":[\"https:\\\/\\\/laplandrestaurant.fi\\\/fi\\\/lappi-ravintola\\\/\"]}]},{\"@type\":\"BreadcrumbList\",\"@id\":\"https:\\\/\\\/laplandrestaurant.fi\\\/fi\\\/lappi-ravintola\\\/#breadcrumb\",\"itemListElement\":[{\"@type\":\"ListItem\",\"position\":1,\"name\":\"Home\",\"item\":\"https:\\\/\\\/laplandrestaurant.fi\\\/fi\\\/\"},{\"@type\":\"ListItem\",\"position\":2,\"name\":\"Ravintolamme\"}]},{\"@type\":\"WebSite\",\"@id\":\"https:\\\/\\\/laplandrestaurant.fi\\\/fi\\\/#website\",\"url\":\"https:\\\/\\\/laplandrestaurant.fi\\\/fi\\\/\",\"name\":\"Lapland Restaurant Kotahovi\",\"description\":\"Unique and Atmospheric Restaurant in Lapland Finland at the Acrtic Circle\",\"potentialAction\":[{\"@type\":\"SearchAction\",\"target\":{\"@type\":\"EntryPoint\",\"urlTemplate\":\"https:\\\/\\\/laplandrestaurant.fi\\\/fi\\\/search\\\/{search_term_string}\"},\"query-input\":{\"@type\":\"PropertyValueSpecification\",\"valueRequired\":true,\"valueName\":\"search_term_string\"}}],\"inLanguage\":\"fi\"}]}<\/script>\n<!-- \/ Yoast SEO plugin. -->","yoast_head_json":{"title":"Lapland Restaurant Kotahovi ravintola | Joulupukin Pajakyl\u00e4","description":"Lappi-tyylinen Lapland Restaurant Kotahovi ravintola | Joulupukin Pajakyl\u00e4 - Napapiiri - Rovaniemi. Astu lappilaisten makujen maailmaailmaan","robots":{"index":"index","follow":"follow","max-snippet":"max-snippet:-1","max-image-preview":"max-image-preview:large","max-video-preview":"max-video-preview:-1"},"canonical":"https:\/\/laplandrestaurant.fi\/fi\/lappi-ravintola\/","og_locale":"fi_FI","og_type":"article","og_title":"Lapland Restaurant Kotahovi ravintola | Joulupukin Pajakyl\u00e4","og_description":"Lappi-tyylinen Lapland Restaurant Kotahovi ravintola | Joulupukin Pajakyl\u00e4 - Napapiiri - Rovaniemi. Astu lappilaisten makujen maailmaailmaan","og_url":"https:\/\/laplandrestaurant.fi\/fi\/lappi-ravintola\/","og_site_name":"Lapland Restaurant Kotahovi","article_modified_time":"2024-11-17T10:46:03+00:00","twitter_misc":{"Arvioitu lukuaika":"1 minuutti"},"schema":{"@context":"https:\/\/schema.org","@graph":[{"@type":"WebPage","@id":"https:\/\/laplandrestaurant.fi\/fi\/lappi-ravintola\/","url":"https:\/\/laplandrestaurant.fi\/fi\/lappi-ravintola\/","name":"Lapland Restaurant Kotahovi ravintola | Joulupukin Pajakyl\u00e4","isPartOf":{"@id":"https:\/\/laplandrestaurant.fi\/fi\/#website"},"datePublished":"2015-04-14T10:51:33+00:00","dateModified":"2024-11-17T10:46:03+00:00","description":"Lappi-tyylinen Lapland Restaurant Kotahovi ravintola | Joulupukin Pajakyl\u00e4 - Napapiiri - Rovaniemi. Astu lappilaisten makujen maailmaailmaan","breadcrumb":{"@id":"https:\/\/laplandrestaurant.fi\/fi\/lappi-ravintola\/#breadcrumb"},"inLanguage":"fi","potentialAction":[{"@type":"ReadAction","target":["https:\/\/laplandrestaurant.fi\/fi\/lappi-ravintola\/"]}]},{"@type":"BreadcrumbList","@id":"https:\/\/laplandrestaurant.fi\/fi\/lappi-ravintola\/#breadcrumb","itemListElement":[{"@type":"ListItem","position":1,"name":"Home","item":"https:\/\/laplandrestaurant.fi\/fi\/"},{"@type":"ListItem","position":2,"name":"Ravintolamme"}]},{"@type":"WebSite","@id":"https:\/\/laplandrestaurant.fi\/fi\/#website","url":"https:\/\/laplandrestaurant.fi\/fi\/","name":"Lapland Restaurant Kotahovi","description":"Unique and Atmospheric Restaurant in Lapland Finland at the Acrtic Circle","potentialAction":[{"@type":"SearchAction","target":{"@type":"EntryPoint","urlTemplate":"https:\/\/laplandrestaurant.fi\/fi\/search\/{search_term_string}"},"query-input":{"@type":"PropertyValueSpecification","valueRequired":true,"valueName":"search_term_string"}}],"inLanguage":"fi"}]}},"_links":{"self":[{"href":"https:\/\/laplandrestaurant.fi\/fi\/wp-json\/wp\/v2\/pages\/232","targetHints":{"allow":["GET"]}}],"collection":[{"href":"https:\/\/laplandrestaurant.fi\/fi\/wp-json\/wp\/v2\/pages"}],"about":[{"href":"https:\/\/laplandrestaurant.fi\/fi\/wp-json\/wp\/v2\/types\/page"}],"author":[{"embeddable":true,"href":"https:\/\/laplandrestaurant.fi\/fi\/wp-json\/wp\/v2\/users\/2"}],"replies":[{"embeddable":true,"href":"https:\/\/laplandrestaurant.fi\/fi\/wp-json\/wp\/v2\/comments?post=232"}],"version-history":[{"count":9,"href":"https:\/\/laplandrestaurant.fi\/fi\/wp-json\/wp\/v2\/pages\/232\/revisions"}],"predecessor-version":[{"id":3488,"href":"https:\/\/laplandrestaurant.fi\/fi\/wp-json\/wp\/v2\/pages\/232\/revisions\/3488"}],"wp:attachment":[{"href":"https:\/\/laplandrestaurant.fi\/fi\/wp-json\/wp\/v2\/media?parent=232"}],"curies":[{"name":"wp","href":"https:\/\/api.w.org\/{rel}","templated":true}]}}