{"id":228,"date":"2015-04-14T08:16:46","date_gmt":"2015-04-14T05:16:46","guid":{"rendered":"http:\/\/www.laplandrestaurant.fi\/etusivu-2\/"},"modified":"2025-08-31T12:06:43","modified_gmt":"2025-08-31T09:06:43","slug":"etusivu","status":"publish","type":"page","link":"https:\/\/laplandrestaurant.fi\/fi\/","title":{"rendered":"Etusivu"},"content":{"rendered":"<h1>Tervetuloa Lapland Restaurant Kotahoviin, Rovaniemen Napapiirille!<\/h1>\n<p>Lapland Restaurant Kotahovi sijaitsee Joulupukin Pajakyl\u00e4ss\u00e4, Santa Claus Reindeer -poropuiston ytimess\u00e4, aivan Joulupukin Kammarin takana.<\/p>\n<p>Kotamaisesta ulkomuodostaan tunnistettava Kotahovi tarjoaa perinteisi\u00e4 lappilaisia ja suomalaisia ruokia tunnelmallisessa milj\u00f6\u00f6ss\u00e4, jonka keskell\u00e4 loimuaa l\u00e4mmin avotuli. Suussasulavista, puhtaista lappilaista raaka-aineista valmistetuista herkuista nauttiessasi voit my\u00f6s ihastella ulkona liikkuvia poroja ja Joulupukin Pajakyl\u00e4n tunnelmaa.<\/p>\n<p>Tutustu <a href=\"https:\/\/laplandrestaurant.fi\/wp-content\/uploads\/Menu-suomi-2024.pdf\">T\u00c4ST\u00c4<\/a> Lappi-teemaiseen ruokalistaamme.<\/p>\n<p><span>Emme ota p\u00f6yt\u00e4varauksia \u2013 t\u00e4\u00e4ll\u00e4 kaikki Napapiirin matkaajat ovat l\u00e4mpim\u00e4sti tervetulleita, ja palvelemme vieraita saapumisj\u00e4rjestyksess\u00e4. Istahda alas, rentoudu ja anna keitti\u00f6mme tuoksujen johdattaa sinut tunnelmalliselle ruokamatkalle.<\/span><\/p>\n<p>Tervetuloa tutustumaan lappilaisiin makuihin Lapland Restaurant Kotahoviin!<\/p>\n<p>&nbsp;<\/p>\n","protected":false},"excerpt":{"rendered":"<p>Tervetuloa Lapland Restaurant Kotahoviin, Rovaniemen Napapiirille! Lapland Restaurant Kotahovi sijaitsee Joulupukin Pajakyl\u00e4ss\u00e4, Santa Claus Reindeer -poropuiston ytimess\u00e4, aivan Joulupukin Kammarin takana. Kotamaisesta ulkomuodostaan tunnistettava Kotahovi tarjoaa perinteisi\u00e4 lappilaisia ja suomalaisia ruokia tunnelmallisessa milj\u00f6\u00f6ss\u00e4, jonka keskell\u00e4 loimuaa l\u00e4mmin avotuli. Suussasulavista, puhtaista lappilaista raaka-aineista valmistetuista herkuista nauttiessasi voit my\u00f6s ihastella ulkona liikkuvia poroja ja Joulupukin Pajakyl\u00e4n tunnelmaa. &hellip; <a href=\"https:\/\/laplandrestaurant.fi\/fi\/\">Continued<\/a><\/p>\n","protected":false},"author":2,"featured_media":0,"parent":0,"menu_order":0,"comment_status":"closed","ping_status":"closed","template":"template-etusivu.php","meta":{"_acf_changed":false,"footnotes":""},"class_list":["post-228","page","type-page","status-publish","hentry"],"acf":[],"yoast_head":"<!-- This site is optimized with the Yoast SEO plugin v27.3 - https:\/\/yoast.com\/product\/yoast-seo-wordpress\/ -->\n<title>Lappi-tyylinen ravintola Lapland Restaurant Kotahovi | Rovaniemi<\/title>\n<meta name=\"description\" content=\"Lappi-tyylinen ravintola Lapland Restaurant Kotahovi | Joulupukin Pajakyl\u00e4 - Napapiiri - Rovaniemi | astu lappilaisten makujen maailmaan Santa Claus Reindeer kohteessa\" \/>\n<meta name=\"robots\" content=\"index, follow, max-snippet:-1, max-image-preview:large, max-video-preview:-1\" \/>\n<link rel=\"canonical\" href=\"https:\/\/laplandrestaurant.fi\/fi\/\" \/>\n<meta property=\"og:locale\" content=\"fi_FI\" \/>\n<meta property=\"og:type\" content=\"article\" \/>\n<meta property=\"og:title\" content=\"Lappi-tyylinen ravintola Lapland Restaurant Kotahovi | Rovaniemi\" \/>\n<meta property=\"og:description\" content=\"Lappi-tyylinen ravintola Lapland Restaurant Kotahovi | Joulupukin Pajakyl\u00e4 - Napapiiri - Rovaniemi | astu lappilaisten makujen maailmaan Santa Claus Reindeer kohteessa\" \/>\n<meta property=\"og:url\" content=\"https:\/\/laplandrestaurant.fi\/fi\/\" \/>\n<meta property=\"og:site_name\" content=\"Lapland Restaurant Kotahovi\" \/>\n<meta property=\"article:modified_time\" content=\"2025-08-31T09:06:43+00:00\" \/>\n<meta name=\"twitter:label1\" content=\"Arvioitu lukuaika\" \/>\n\t<meta name=\"twitter:data1\" content=\"1 minuutti\" \/>\n<script type=\"application\/ld+json\" class=\"yoast-schema-graph\">{\"@context\":\"https:\\\/\\\/schema.org\",\"@graph\":[{\"@type\":\"WebPage\",\"@id\":\"https:\\\/\\\/laplandrestaurant.fi\\\/fi\\\/\",\"url\":\"https:\\\/\\\/laplandrestaurant.fi\\\/fi\\\/\",\"name\":\"Lappi-tyylinen ravintola Lapland Restaurant Kotahovi | Rovaniemi\",\"isPartOf\":{\"@id\":\"https:\\\/\\\/laplandrestaurant.fi\\\/fi\\\/#website\"},\"datePublished\":\"2015-04-14T05:16:46+00:00\",\"dateModified\":\"2025-08-31T09:06:43+00:00\",\"description\":\"Lappi-tyylinen ravintola Lapland Restaurant Kotahovi | Joulupukin Pajakyl\u00e4 - Napapiiri - Rovaniemi | astu lappilaisten makujen maailmaan Santa Claus Reindeer kohteessa\",\"breadcrumb\":{\"@id\":\"https:\\\/\\\/laplandrestaurant.fi\\\/fi\\\/#breadcrumb\"},\"inLanguage\":\"fi\",\"potentialAction\":[{\"@type\":\"ReadAction\",\"target\":[\"https:\\\/\\\/laplandrestaurant.fi\\\/fi\\\/\"]}]},{\"@type\":\"BreadcrumbList\",\"@id\":\"https:\\\/\\\/laplandrestaurant.fi\\\/fi\\\/#breadcrumb\",\"itemListElement\":[{\"@type\":\"ListItem\",\"position\":1,\"name\":\"Home\",\"item\":\"https:\\\/\\\/laplandrestaurant.fi\\\/fi\\\/\"},{\"@type\":\"ListItem\",\"position\":2,\"name\":\"Etusivu\"}]},{\"@type\":\"WebSite\",\"@id\":\"https:\\\/\\\/laplandrestaurant.fi\\\/fi\\\/#website\",\"url\":\"https:\\\/\\\/laplandrestaurant.fi\\\/fi\\\/\",\"name\":\"Lapland Restaurant Kotahovi\",\"description\":\"Unique and Atmospheric Restaurant in Lapland Finland at the Acrtic Circle\",\"potentialAction\":[{\"@type\":\"SearchAction\",\"target\":{\"@type\":\"EntryPoint\",\"urlTemplate\":\"https:\\\/\\\/laplandrestaurant.fi\\\/fi\\\/search\\\/{search_term_string}\"},\"query-input\":{\"@type\":\"PropertyValueSpecification\",\"valueRequired\":true,\"valueName\":\"search_term_string\"}}],\"inLanguage\":\"fi\"}]}<\/script>\n<!-- \/ Yoast SEO plugin. -->","yoast_head_json":{"title":"Lappi-tyylinen ravintola Lapland Restaurant Kotahovi | Rovaniemi","description":"Lappi-tyylinen ravintola Lapland Restaurant Kotahovi | Joulupukin Pajakyl\u00e4 - Napapiiri - Rovaniemi | astu lappilaisten makujen maailmaan Santa Claus Reindeer kohteessa","robots":{"index":"index","follow":"follow","max-snippet":"max-snippet:-1","max-image-preview":"max-image-preview:large","max-video-preview":"max-video-preview:-1"},"canonical":"https:\/\/laplandrestaurant.fi\/fi\/","og_locale":"fi_FI","og_type":"article","og_title":"Lappi-tyylinen ravintola Lapland Restaurant Kotahovi | Rovaniemi","og_description":"Lappi-tyylinen ravintola Lapland Restaurant Kotahovi | Joulupukin Pajakyl\u00e4 - Napapiiri - Rovaniemi | astu lappilaisten makujen maailmaan Santa Claus Reindeer kohteessa","og_url":"https:\/\/laplandrestaurant.fi\/fi\/","og_site_name":"Lapland Restaurant Kotahovi","article_modified_time":"2025-08-31T09:06:43+00:00","twitter_misc":{"Arvioitu lukuaika":"1 minuutti"},"schema":{"@context":"https:\/\/schema.org","@graph":[{"@type":"WebPage","@id":"https:\/\/laplandrestaurant.fi\/fi\/","url":"https:\/\/laplandrestaurant.fi\/fi\/","name":"Lappi-tyylinen ravintola Lapland Restaurant Kotahovi | Rovaniemi","isPartOf":{"@id":"https:\/\/laplandrestaurant.fi\/fi\/#website"},"datePublished":"2015-04-14T05:16:46+00:00","dateModified":"2025-08-31T09:06:43+00:00","description":"Lappi-tyylinen ravintola Lapland Restaurant Kotahovi | Joulupukin Pajakyl\u00e4 - Napapiiri - Rovaniemi | astu lappilaisten makujen maailmaan Santa Claus Reindeer kohteessa","breadcrumb":{"@id":"https:\/\/laplandrestaurant.fi\/fi\/#breadcrumb"},"inLanguage":"fi","potentialAction":[{"@type":"ReadAction","target":["https:\/\/laplandrestaurant.fi\/fi\/"]}]},{"@type":"BreadcrumbList","@id":"https:\/\/laplandrestaurant.fi\/fi\/#breadcrumb","itemListElement":[{"@type":"ListItem","position":1,"name":"Home","item":"https:\/\/laplandrestaurant.fi\/fi\/"},{"@type":"ListItem","position":2,"name":"Etusivu"}]},{"@type":"WebSite","@id":"https:\/\/laplandrestaurant.fi\/fi\/#website","url":"https:\/\/laplandrestaurant.fi\/fi\/","name":"Lapland Restaurant Kotahovi","description":"Unique and Atmospheric Restaurant in Lapland Finland at the Acrtic Circle","potentialAction":[{"@type":"SearchAction","target":{"@type":"EntryPoint","urlTemplate":"https:\/\/laplandrestaurant.fi\/fi\/search\/{search_term_string}"},"query-input":{"@type":"PropertyValueSpecification","valueRequired":true,"valueName":"search_term_string"}}],"inLanguage":"fi"}]}},"_links":{"self":[{"href":"https:\/\/laplandrestaurant.fi\/fi\/wp-json\/wp\/v2\/pages\/228","targetHints":{"allow":["GET"]}}],"collection":[{"href":"https:\/\/laplandrestaurant.fi\/fi\/wp-json\/wp\/v2\/pages"}],"about":[{"href":"https:\/\/laplandrestaurant.fi\/fi\/wp-json\/wp\/v2\/types\/page"}],"author":[{"embeddable":true,"href":"https:\/\/laplandrestaurant.fi\/fi\/wp-json\/wp\/v2\/users\/2"}],"replies":[{"embeddable":true,"href":"https:\/\/laplandrestaurant.fi\/fi\/wp-json\/wp\/v2\/comments?post=228"}],"version-history":[{"count":12,"href":"https:\/\/laplandrestaurant.fi\/fi\/wp-json\/wp\/v2\/pages\/228\/revisions"}],"predecessor-version":[{"id":3609,"href":"https:\/\/laplandrestaurant.fi\/fi\/wp-json\/wp\/v2\/pages\/228\/revisions\/3609"}],"wp:attachment":[{"href":"https:\/\/laplandrestaurant.fi\/fi\/wp-json\/wp\/v2\/media?parent=228"}],"curies":[{"name":"wp","href":"https:\/\/api.w.org\/{rel}","templated":true}]}}