{"id":222,"date":"2015-04-14T13:51:32","date_gmt":"2015-04-14T10:51:32","guid":{"rendered":"http:\/\/www.laplandrestaurant.fi\/groups-santa-claus-village-2\/"},"modified":"2025-12-15T11:55:19","modified_gmt":"2025-12-15T09:55:19","slug":"ryhmille","status":"publish","type":"page","link":"https:\/\/laplandrestaurant.fi\/fi\/ryhmille\/","title":{"rendered":"Ryhmille"},"content":{"rendered":"<h1>Ryhmille<\/h1>\n<p>Keskeisen sijaintinsa vuoksi ravintola Kotahovi on t\u00e4ydellinen valinta ryhmille! Vierailu ravintolassa on helppo yhdist\u00e4\u00e4 p\u00e4iv\u00e4\u00e4n Joulupukin Pajakyl\u00e4ss\u00e4 ja Joulupukin porojen luona. Jokaiselle l\u00f6ytyy ruokalistalta sopiva vaihtoehto, ja erityisruokavaliot huomioidaan tilausta tehdess\u00e4.<\/p>\n<p>Ravintolaan mahtuu kerralla 50 asiakasta, mutta t\u00e4t\u00e4 suuremmat ryhm\u00e4t voidaan jakaa kahtia: kun toinen puoli ryhm\u00e4st\u00e4 tutustuu poroihin ja kokeilee poroajelua, toinen puoli nauttii ravintolan antimista.<\/p>\n<p>Pyyd\u00e4mme tekem\u00e4\u00e4n ryhmille (minimi 10 hl\u00f6\u00e4) ennakkovarauksen s\u00e4hk\u00f6postilla tai puhelimitse. Valitettavasti ravintolaamme EI voi tehd\u00e4 p\u00f6yt\u00e4varauksia talvisesonkina.<\/p>\n<p><strong>L\u00e4mpim\u00e4sti tervetuloa!<\/strong><\/p>\n","protected":false},"excerpt":{"rendered":"<p>Ryhmille Keskeisen sijaintinsa vuoksi ravintola Kotahovi on t\u00e4ydellinen valinta ryhmille! Vierailu ravintolassa on helppo yhdist\u00e4\u00e4 p\u00e4iv\u00e4\u00e4n Joulupukin Pajakyl\u00e4ss\u00e4 ja Joulupukin porojen luona. Jokaiselle l\u00f6ytyy ruokalistalta sopiva vaihtoehto, ja erityisruokavaliot huomioidaan tilausta tehdess\u00e4. Ravintolaan mahtuu kerralla 50 asiakasta, mutta t\u00e4t\u00e4 suuremmat ryhm\u00e4t voidaan jakaa kahtia: kun toinen puoli ryhm\u00e4st\u00e4 tutustuu poroihin ja kokeilee poroajelua, toinen puoli &hellip; <a href=\"https:\/\/laplandrestaurant.fi\/fi\/ryhmille\/\">Continued<\/a><\/p>\n","protected":false},"author":2,"featured_media":0,"parent":0,"menu_order":0,"comment_status":"closed","ping_status":"closed","template":"","meta":{"_acf_changed":false,"footnotes":""},"class_list":["post-222","page","type-page","status-publish","hentry"],"acf":[],"yoast_head":"<!-- This site is optimized with the Yoast SEO plugin v27.3 - https:\/\/yoast.com\/product\/yoast-seo-wordpress\/ -->\n<title>Ryhm\u00e4t: Lappi-ravintola Kotahovi, Joulupukin pajakyl\u00e4 Rovaniemi<\/title>\n<meta name=\"description\" content=\"Ryhm\u00e4t: Lappi-ravintola Kotahovi, Joulupukin pajakyl\u00e4 Rovaniemi Napapiiri Lappi\" \/>\n<meta name=\"robots\" content=\"index, follow, max-snippet:-1, max-image-preview:large, max-video-preview:-1\" \/>\n<link rel=\"canonical\" href=\"https:\/\/laplandrestaurant.fi\/fi\/ryhmille\/\" \/>\n<meta property=\"og:locale\" content=\"fi_FI\" \/>\n<meta property=\"og:type\" content=\"article\" \/>\n<meta property=\"og:title\" content=\"Ryhm\u00e4t: Lappi-ravintola Kotahovi, Joulupukin pajakyl\u00e4 Rovaniemi\" \/>\n<meta property=\"og:description\" content=\"Ryhm\u00e4t: Lappi-ravintola Kotahovi, Joulupukin pajakyl\u00e4 Rovaniemi Napapiiri Lappi\" \/>\n<meta property=\"og:url\" content=\"https:\/\/laplandrestaurant.fi\/fi\/ryhmille\/\" \/>\n<meta property=\"og:site_name\" content=\"Lapland Restaurant Kotahovi\" \/>\n<meta property=\"article:modified_time\" content=\"2025-12-15T09:55:19+00:00\" \/>\n<meta name=\"twitter:label1\" content=\"Arvioitu lukuaika\" \/>\n\t<meta name=\"twitter:data1\" content=\"1 minuutti\" \/>\n<script type=\"application\/ld+json\" class=\"yoast-schema-graph\">{\"@context\":\"https:\\\/\\\/schema.org\",\"@graph\":[{\"@type\":\"WebPage\",\"@id\":\"https:\\\/\\\/laplandrestaurant.fi\\\/fi\\\/ryhmille\\\/\",\"url\":\"https:\\\/\\\/laplandrestaurant.fi\\\/fi\\\/ryhmille\\\/\",\"name\":\"Ryhm\u00e4t: Lappi-ravintola Kotahovi, Joulupukin pajakyl\u00e4 Rovaniemi\",\"isPartOf\":{\"@id\":\"https:\\\/\\\/laplandrestaurant.fi\\\/fi\\\/#website\"},\"datePublished\":\"2015-04-14T10:51:32+00:00\",\"dateModified\":\"2025-12-15T09:55:19+00:00\",\"description\":\"Ryhm\u00e4t: Lappi-ravintola Kotahovi, Joulupukin pajakyl\u00e4 Rovaniemi Napapiiri Lappi\",\"breadcrumb\":{\"@id\":\"https:\\\/\\\/laplandrestaurant.fi\\\/fi\\\/ryhmille\\\/#breadcrumb\"},\"inLanguage\":\"fi\",\"potentialAction\":[{\"@type\":\"ReadAction\",\"target\":[\"https:\\\/\\\/laplandrestaurant.fi\\\/fi\\\/ryhmille\\\/\"]}]},{\"@type\":\"BreadcrumbList\",\"@id\":\"https:\\\/\\\/laplandrestaurant.fi\\\/fi\\\/ryhmille\\\/#breadcrumb\",\"itemListElement\":[{\"@type\":\"ListItem\",\"position\":1,\"name\":\"Home\",\"item\":\"https:\\\/\\\/laplandrestaurant.fi\\\/fi\\\/\"},{\"@type\":\"ListItem\",\"position\":2,\"name\":\"Ryhmille\"}]},{\"@type\":\"WebSite\",\"@id\":\"https:\\\/\\\/laplandrestaurant.fi\\\/fi\\\/#website\",\"url\":\"https:\\\/\\\/laplandrestaurant.fi\\\/fi\\\/\",\"name\":\"Lapland Restaurant Kotahovi\",\"description\":\"Unique and Atmospheric Restaurant in Lapland Finland at the Acrtic Circle\",\"potentialAction\":[{\"@type\":\"SearchAction\",\"target\":{\"@type\":\"EntryPoint\",\"urlTemplate\":\"https:\\\/\\\/laplandrestaurant.fi\\\/fi\\\/search\\\/{search_term_string}\"},\"query-input\":{\"@type\":\"PropertyValueSpecification\",\"valueRequired\":true,\"valueName\":\"search_term_string\"}}],\"inLanguage\":\"fi\"}]}<\/script>\n<!-- \/ Yoast SEO plugin. -->","yoast_head_json":{"title":"Ryhm\u00e4t: Lappi-ravintola Kotahovi, Joulupukin pajakyl\u00e4 Rovaniemi","description":"Ryhm\u00e4t: Lappi-ravintola Kotahovi, Joulupukin pajakyl\u00e4 Rovaniemi Napapiiri Lappi","robots":{"index":"index","follow":"follow","max-snippet":"max-snippet:-1","max-image-preview":"max-image-preview:large","max-video-preview":"max-video-preview:-1"},"canonical":"https:\/\/laplandrestaurant.fi\/fi\/ryhmille\/","og_locale":"fi_FI","og_type":"article","og_title":"Ryhm\u00e4t: Lappi-ravintola Kotahovi, Joulupukin pajakyl\u00e4 Rovaniemi","og_description":"Ryhm\u00e4t: Lappi-ravintola Kotahovi, Joulupukin pajakyl\u00e4 Rovaniemi Napapiiri Lappi","og_url":"https:\/\/laplandrestaurant.fi\/fi\/ryhmille\/","og_site_name":"Lapland Restaurant Kotahovi","article_modified_time":"2025-12-15T09:55:19+00:00","twitter_misc":{"Arvioitu lukuaika":"1 minuutti"},"schema":{"@context":"https:\/\/schema.org","@graph":[{"@type":"WebPage","@id":"https:\/\/laplandrestaurant.fi\/fi\/ryhmille\/","url":"https:\/\/laplandrestaurant.fi\/fi\/ryhmille\/","name":"Ryhm\u00e4t: Lappi-ravintola Kotahovi, Joulupukin pajakyl\u00e4 Rovaniemi","isPartOf":{"@id":"https:\/\/laplandrestaurant.fi\/fi\/#website"},"datePublished":"2015-04-14T10:51:32+00:00","dateModified":"2025-12-15T09:55:19+00:00","description":"Ryhm\u00e4t: Lappi-ravintola Kotahovi, Joulupukin pajakyl\u00e4 Rovaniemi Napapiiri Lappi","breadcrumb":{"@id":"https:\/\/laplandrestaurant.fi\/fi\/ryhmille\/#breadcrumb"},"inLanguage":"fi","potentialAction":[{"@type":"ReadAction","target":["https:\/\/laplandrestaurant.fi\/fi\/ryhmille\/"]}]},{"@type":"BreadcrumbList","@id":"https:\/\/laplandrestaurant.fi\/fi\/ryhmille\/#breadcrumb","itemListElement":[{"@type":"ListItem","position":1,"name":"Home","item":"https:\/\/laplandrestaurant.fi\/fi\/"},{"@type":"ListItem","position":2,"name":"Ryhmille"}]},{"@type":"WebSite","@id":"https:\/\/laplandrestaurant.fi\/fi\/#website","url":"https:\/\/laplandrestaurant.fi\/fi\/","name":"Lapland Restaurant Kotahovi","description":"Unique and Atmospheric Restaurant in Lapland Finland at the Acrtic Circle","potentialAction":[{"@type":"SearchAction","target":{"@type":"EntryPoint","urlTemplate":"https:\/\/laplandrestaurant.fi\/fi\/search\/{search_term_string}"},"query-input":{"@type":"PropertyValueSpecification","valueRequired":true,"valueName":"search_term_string"}}],"inLanguage":"fi"}]}},"_links":{"self":[{"href":"https:\/\/laplandrestaurant.fi\/fi\/wp-json\/wp\/v2\/pages\/222","targetHints":{"allow":["GET"]}}],"collection":[{"href":"https:\/\/laplandrestaurant.fi\/fi\/wp-json\/wp\/v2\/pages"}],"about":[{"href":"https:\/\/laplandrestaurant.fi\/fi\/wp-json\/wp\/v2\/types\/page"}],"author":[{"embeddable":true,"href":"https:\/\/laplandrestaurant.fi\/fi\/wp-json\/wp\/v2\/users\/2"}],"replies":[{"embeddable":true,"href":"https:\/\/laplandrestaurant.fi\/fi\/wp-json\/wp\/v2\/comments?post=222"}],"version-history":[{"count":8,"href":"https:\/\/laplandrestaurant.fi\/fi\/wp-json\/wp\/v2\/pages\/222\/revisions"}],"predecessor-version":[{"id":3639,"href":"https:\/\/laplandrestaurant.fi\/fi\/wp-json\/wp\/v2\/pages\/222\/revisions\/3639"}],"wp:attachment":[{"href":"https:\/\/laplandrestaurant.fi\/fi\/wp-json\/wp\/v2\/media?parent=222"}],"curies":[{"name":"wp","href":"https:\/\/api.w.org\/{rel}","templated":true}]}}