{"id":429,"date":"2015-04-14T13:51:33","date_gmt":"2015-04-14T10:51:33","guid":{"rendered":"http:\/\/www.laplandrestaurant.fi\/restaurant-rovaniemi-2\/"},"modified":"2024-11-17T12:40:20","modified_gmt":"2024-11-17T10:40:20","slug":"restaurante-rovaniemi-pueblo-papa-noel-santa-claus","status":"publish","type":"page","link":"https:\/\/laplandrestaurant.fi\/es\/restaurante-rovaniemi-pueblo-papa-noel-santa-claus\/","title":{"rendered":"Restaurante"},"content":{"rendered":"<h1><strong><span>Restaurante lap\u00f3n Kotahovi en el Pueblo de Pap\u00e1 Noel en Rovaniemi<\/span><\/strong><\/h1>\n<p><span>El restaurante de comida tradicional lapona Kotahovi se inaugur\u00f3 en el Pueblo de <a href=\"https:\/\/papanoel.fi\/\">Pap\u00e1 Noel,<\/a> en Rovaniemi, en 2015. Tanto el restaurante como el cercano complejo de renos Santa Claus Reindeer son propiedad de una familia local de K\u00f6rkk\u00f6, conocida por ser pastores de renos desde el siglo XIX.<\/span><\/p>\n<p><span>El dise\u00f1o \u00fanico del restaurante Kotahovi representa una caba\u00f1a tradicional lapona, lo que tambi\u00e9n da al restaurante su nombre finland\u00e9s, \u00abKotahovi\u00bb. El restaurante Kotahovi quiere ofrecer a cada visitante la posibilidad de degustar la deliciosa cocina tradicional lapona y finlandesa en un entorno encantador. Como toda caba\u00f1a tradicional lapona, el Kotahovi cuenta con una id\u00edlica chimenea en el medio de la estancia, rodeada de 50 plazas para los comensales.<\/span><\/p>\n<p><span>El ambiente \u00fanico del restaurante se consigue no solo con el dise\u00f1o tradicional y la decoraci\u00f3n interior hecha a mano por locales, sino tambi\u00e9n con las hermosas vistas al aire libre de las que dispone. El restaurante lap\u00f3n Kotahovi ofrece deliciosos men\u00fas de tres platos con el reno, el salm\u00f3n, las setas locales, bayas y hierbas del lugar como ingredientes principales.<\/span><\/p>\n<p><span>Consulta nuestro men\u00fa <strong><a href=\"https:\/\/laplandrestaurant.fi\/wp-content\/uploads\/Menu-Eng.-2024.pdf\">AQUI<\/a>.<br \/>\n<\/strong>Lamentamos informarle que no hay reservas disponibles en nuestro restaurante de noviembre a febrero.<strong><br \/>\n<\/strong><\/span><\/p>\n<p><strong>Lapland Restaurant Kotahovi<\/strong><br \/>\nJoulumaantie 13<br \/>\nSanta Claus Village<br \/>\nFIN-96930 Napapiiri Arctic Circle<br \/>\nFINLANDIA<\/p>\n<p>Tel: +358 40 8340 900<br \/>\n<a href=\"mailto:contact@laplandrestaurant.fi\">contact@laplandrestaurant.fi<\/a><\/p>\n","protected":false},"excerpt":{"rendered":"<p>Restaurante lap\u00f3n Kotahovi en el Pueblo de Pap\u00e1 Noel en Rovaniemi El restaurante de comida tradicional lapona Kotahovi se inaugur\u00f3 en el Pueblo de Pap\u00e1 Noel, en Rovaniemi, en 2015. Tanto el restaurante como el cercano complejo de renos Santa Claus Reindeer son propiedad de una familia local de K\u00f6rkk\u00f6, conocida por ser pastores de &hellip; <a href=\"https:\/\/laplandrestaurant.fi\/es\/restaurante-rovaniemi-pueblo-papa-noel-santa-claus\/\">Continued<\/a><\/p>\n","protected":false},"author":2,"featured_media":0,"parent":0,"menu_order":0,"comment_status":"closed","ping_status":"closed","template":"","meta":{"_acf_changed":false,"footnotes":""},"class_list":["post-429","page","type-page","status-publish","hentry"],"acf":[],"yoast_head":"<!-- This site is optimized with the Yoast SEO plugin v27.3 - https:\/\/yoast.com\/product\/yoast-seo-wordpress\/ -->\n<title>Lapland Restaurant Kotahovi Rovaniemi Pueblo de Pap\u00e1 Noel<\/title>\n<meta name=\"description\" content=\"Lapland Restaurant Kotahovi - Restaurante lap\u00f3n Kotahovi en Rovaniemi en el Pueblo de Pap\u00e1 Noel - Santa Claus - Laponia - Finlandia\" \/>\n<meta name=\"robots\" content=\"index, follow, max-snippet:-1, max-image-preview:large, max-video-preview:-1\" \/>\n<link rel=\"canonical\" href=\"https:\/\/laplandrestaurant.fi\/es\/restaurante-rovaniemi-pueblo-papa-noel-santa-claus\/\" \/>\n<meta property=\"og:locale\" content=\"es_ES\" \/>\n<meta property=\"og:type\" content=\"article\" \/>\n<meta property=\"og:title\" content=\"Lapland Restaurant Kotahovi Rovaniemi Pueblo de Pap\u00e1 Noel\" \/>\n<meta property=\"og:description\" content=\"Lapland Restaurant Kotahovi - Restaurante lap\u00f3n Kotahovi en Rovaniemi en el Pueblo de Pap\u00e1 Noel - Santa Claus - Laponia - Finlandia\" \/>\n<meta property=\"og:url\" content=\"https:\/\/laplandrestaurant.fi\/es\/restaurante-rovaniemi-pueblo-papa-noel-santa-claus\/\" \/>\n<meta property=\"og:site_name\" content=\"Lapland Restaurant Kotahovi\" \/>\n<meta property=\"article:modified_time\" content=\"2024-11-17T10:40:20+00:00\" \/>\n<meta name=\"twitter:label1\" content=\"Tiempo de lectura\" \/>\n\t<meta name=\"twitter:data1\" content=\"1 minuto\" \/>\n<script type=\"application\/ld+json\" class=\"yoast-schema-graph\">{\"@context\":\"https:\\\/\\\/schema.org\",\"@graph\":[{\"@type\":\"WebPage\",\"@id\":\"https:\\\/\\\/laplandrestaurant.fi\\\/es\\\/restaurante-rovaniemi-pueblo-papa-noel-santa-claus\\\/\",\"url\":\"https:\\\/\\\/laplandrestaurant.fi\\\/es\\\/restaurante-rovaniemi-pueblo-papa-noel-santa-claus\\\/\",\"name\":\"Lapland Restaurant Kotahovi Rovaniemi Pueblo de Pap\u00e1 Noel\",\"isPartOf\":{\"@id\":\"https:\\\/\\\/laplandrestaurant.fi\\\/fi\\\/#website\"},\"datePublished\":\"2015-04-14T10:51:33+00:00\",\"dateModified\":\"2024-11-17T10:40:20+00:00\",\"description\":\"Lapland Restaurant Kotahovi - Restaurante lap\u00f3n Kotahovi en Rovaniemi en el Pueblo de Pap\u00e1 Noel - Santa Claus - Laponia - Finlandia\",\"breadcrumb\":{\"@id\":\"https:\\\/\\\/laplandrestaurant.fi\\\/es\\\/restaurante-rovaniemi-pueblo-papa-noel-santa-claus\\\/#breadcrumb\"},\"inLanguage\":\"es\",\"potentialAction\":[{\"@type\":\"ReadAction\",\"target\":[\"https:\\\/\\\/laplandrestaurant.fi\\\/es\\\/restaurante-rovaniemi-pueblo-papa-noel-santa-claus\\\/\"]}]},{\"@type\":\"BreadcrumbList\",\"@id\":\"https:\\\/\\\/laplandrestaurant.fi\\\/es\\\/restaurante-rovaniemi-pueblo-papa-noel-santa-claus\\\/#breadcrumb\",\"itemListElement\":[{\"@type\":\"ListItem\",\"position\":1,\"name\":\"Home\",\"item\":\"https:\\\/\\\/laplandrestaurant.fi\\\/es\\\/\"},{\"@type\":\"ListItem\",\"position\":2,\"name\":\"Restaurante\"}]},{\"@type\":\"WebSite\",\"@id\":\"https:\\\/\\\/laplandrestaurant.fi\\\/fi\\\/#website\",\"url\":\"https:\\\/\\\/laplandrestaurant.fi\\\/fi\\\/\",\"name\":\"Lapland Restaurant Kotahovi\",\"description\":\"Unique and Atmospheric Restaurant in Lapland Finland at the Acrtic Circle\",\"potentialAction\":[{\"@type\":\"SearchAction\",\"target\":{\"@type\":\"EntryPoint\",\"urlTemplate\":\"https:\\\/\\\/laplandrestaurant.fi\\\/fi\\\/search\\\/{search_term_string}\"},\"query-input\":{\"@type\":\"PropertyValueSpecification\",\"valueRequired\":true,\"valueName\":\"search_term_string\"}}],\"inLanguage\":\"es\"}]}<\/script>\n<!-- \/ Yoast SEO plugin. -->","yoast_head_json":{"title":"Lapland Restaurant Kotahovi Rovaniemi Pueblo de Pap\u00e1 Noel","description":"Lapland Restaurant Kotahovi - Restaurante lap\u00f3n Kotahovi en Rovaniemi en el Pueblo de Pap\u00e1 Noel - Santa Claus - Laponia - Finlandia","robots":{"index":"index","follow":"follow","max-snippet":"max-snippet:-1","max-image-preview":"max-image-preview:large","max-video-preview":"max-video-preview:-1"},"canonical":"https:\/\/laplandrestaurant.fi\/es\/restaurante-rovaniemi-pueblo-papa-noel-santa-claus\/","og_locale":"es_ES","og_type":"article","og_title":"Lapland Restaurant Kotahovi Rovaniemi Pueblo de Pap\u00e1 Noel","og_description":"Lapland Restaurant Kotahovi - Restaurante lap\u00f3n Kotahovi en Rovaniemi en el Pueblo de Pap\u00e1 Noel - Santa Claus - Laponia - Finlandia","og_url":"https:\/\/laplandrestaurant.fi\/es\/restaurante-rovaniemi-pueblo-papa-noel-santa-claus\/","og_site_name":"Lapland Restaurant Kotahovi","article_modified_time":"2024-11-17T10:40:20+00:00","twitter_misc":{"Tiempo de lectura":"1 minuto"},"schema":{"@context":"https:\/\/schema.org","@graph":[{"@type":"WebPage","@id":"https:\/\/laplandrestaurant.fi\/es\/restaurante-rovaniemi-pueblo-papa-noel-santa-claus\/","url":"https:\/\/laplandrestaurant.fi\/es\/restaurante-rovaniemi-pueblo-papa-noel-santa-claus\/","name":"Lapland Restaurant Kotahovi Rovaniemi Pueblo de Pap\u00e1 Noel","isPartOf":{"@id":"https:\/\/laplandrestaurant.fi\/fi\/#website"},"datePublished":"2015-04-14T10:51:33+00:00","dateModified":"2024-11-17T10:40:20+00:00","description":"Lapland Restaurant Kotahovi - Restaurante lap\u00f3n Kotahovi en Rovaniemi en el Pueblo de Pap\u00e1 Noel - Santa Claus - Laponia - Finlandia","breadcrumb":{"@id":"https:\/\/laplandrestaurant.fi\/es\/restaurante-rovaniemi-pueblo-papa-noel-santa-claus\/#breadcrumb"},"inLanguage":"es","potentialAction":[{"@type":"ReadAction","target":["https:\/\/laplandrestaurant.fi\/es\/restaurante-rovaniemi-pueblo-papa-noel-santa-claus\/"]}]},{"@type":"BreadcrumbList","@id":"https:\/\/laplandrestaurant.fi\/es\/restaurante-rovaniemi-pueblo-papa-noel-santa-claus\/#breadcrumb","itemListElement":[{"@type":"ListItem","position":1,"name":"Home","item":"https:\/\/laplandrestaurant.fi\/es\/"},{"@type":"ListItem","position":2,"name":"Restaurante"}]},{"@type":"WebSite","@id":"https:\/\/laplandrestaurant.fi\/fi\/#website","url":"https:\/\/laplandrestaurant.fi\/fi\/","name":"Lapland Restaurant Kotahovi","description":"Unique and Atmospheric Restaurant in Lapland Finland at the Acrtic Circle","potentialAction":[{"@type":"SearchAction","target":{"@type":"EntryPoint","urlTemplate":"https:\/\/laplandrestaurant.fi\/fi\/search\/{search_term_string}"},"query-input":{"@type":"PropertyValueSpecification","valueRequired":true,"valueName":"search_term_string"}}],"inLanguage":"es"}]}},"_links":{"self":[{"href":"https:\/\/laplandrestaurant.fi\/es\/wp-json\/wp\/v2\/pages\/429","targetHints":{"allow":["GET"]}}],"collection":[{"href":"https:\/\/laplandrestaurant.fi\/es\/wp-json\/wp\/v2\/pages"}],"about":[{"href":"https:\/\/laplandrestaurant.fi\/es\/wp-json\/wp\/v2\/types\/page"}],"author":[{"embeddable":true,"href":"https:\/\/laplandrestaurant.fi\/es\/wp-json\/wp\/v2\/users\/2"}],"replies":[{"embeddable":true,"href":"https:\/\/laplandrestaurant.fi\/es\/wp-json\/wp\/v2\/comments?post=429"}],"version-history":[{"count":6,"href":"https:\/\/laplandrestaurant.fi\/es\/wp-json\/wp\/v2\/pages\/429\/revisions"}],"predecessor-version":[{"id":3476,"href":"https:\/\/laplandrestaurant.fi\/es\/wp-json\/wp\/v2\/pages\/429\/revisions\/3476"}],"wp:attachment":[{"href":"https:\/\/laplandrestaurant.fi\/es\/wp-json\/wp\/v2\/media?parent=429"}],"curies":[{"name":"wp","href":"https:\/\/api.w.org\/{rel}","templated":true}]}}