{"id":424,"date":"2015-04-14T13:51:32","date_gmt":"2015-04-14T10:51:32","guid":{"rendered":"http:\/\/www.laplandrestaurant.fi\/groups-santa-claus-village-2\/"},"modified":"2025-12-15T12:02:12","modified_gmt":"2025-12-15T10:02:12","slug":"grupos","status":"publish","type":"page","link":"https:\/\/laplandrestaurant.fi\/es\/grupos\/","title":{"rendered":"Grupos"},"content":{"rendered":"<h1>Grupos<\/h1>\n<p><span>Gracias a su buena ubicaci\u00f3n, el restaurante lap\u00f3n Kotahovi resulta un lugar perfecto para almorzar en grupo. Una visita a nuestro restaurante es perfecta para combinar con una excursi\u00f3n de un d\u00eda al Pueblo de <a href=\"https:\/\/papanoel.fi\/\">Pap\u00e1 Noe<\/a>l y con una visita al complejo Santa Claus Reindeer. En el men\u00fa hay platos para todos los gustos, as\u00ed como opciones para cualquier restricci\u00f3n diet\u00e9tica.<\/span><\/p>\n<p><span>El restaurante Kotahovi tiene capacidad para 50 comensales a la vez, y los grupos m\u00e1s grandes se pueden dividir en dos: mientras unos disfrutan de una deliciosa comida en el restaurante, los dem\u00e1s pueden visitar los renos al aire libre y viceversa.<\/span><\/p>\n<p><span>Se recomienda a los grupos que reserven previamente llamando por tel\u00e9fono o a trav\u00e9s del correo electr\u00f3nico. Lamentamos informarle que no hay reservas disponibles en nuestro restaurante durante la temporada de invierno.<\/span><\/p>\n<p><strong>\u00a1Sed muy bienvenidos!<\/strong><\/p>\n","protected":false},"excerpt":{"rendered":"<p>Grupos Gracias a su buena ubicaci\u00f3n, el restaurante lap\u00f3n Kotahovi resulta un lugar perfecto para almorzar en grupo. Una visita a nuestro restaurante es perfecta para combinar con una excursi\u00f3n de un d\u00eda al Pueblo de Pap\u00e1 Noel y con una visita al complejo Santa Claus Reindeer. En el men\u00fa hay platos para todos los &hellip; <a href=\"https:\/\/laplandrestaurant.fi\/es\/grupos\/\">Continued<\/a><\/p>\n","protected":false},"author":2,"featured_media":0,"parent":0,"menu_order":0,"comment_status":"closed","ping_status":"closed","template":"","meta":{"_acf_changed":false,"footnotes":""},"class_list":["post-424","page","type-page","status-publish","hentry"],"acf":[],"yoast_head":"<!-- This site is optimized with the Yoast SEO plugin v27.3 - https:\/\/yoast.com\/product\/yoast-seo-wordpress\/ -->\n<title>Grupos: Restaurante lapon Kotahovi Rovaniemi Pueblo de Pap\u00e1 Noel<\/title>\n<meta name=\"description\" content=\"Grupos: Restaurante lapon Kotahovi Rovaniemi - el Pueblo de Pap\u00e1 Noel - Laponia Finlandia\" \/>\n<meta name=\"robots\" content=\"index, follow, max-snippet:-1, max-image-preview:large, max-video-preview:-1\" \/>\n<link rel=\"canonical\" href=\"https:\/\/laplandrestaurant.fi\/es\/grupos\/\" \/>\n<meta property=\"og:locale\" content=\"es_ES\" \/>\n<meta property=\"og:type\" content=\"article\" \/>\n<meta property=\"og:title\" content=\"Grupos: Restaurante lapon Kotahovi Rovaniemi Pueblo de Pap\u00e1 Noel\" \/>\n<meta property=\"og:description\" content=\"Grupos: Restaurante lapon Kotahovi Rovaniemi - el Pueblo de Pap\u00e1 Noel - Laponia Finlandia\" \/>\n<meta property=\"og:url\" content=\"https:\/\/laplandrestaurant.fi\/es\/grupos\/\" \/>\n<meta property=\"og:site_name\" content=\"Lapland Restaurant Kotahovi\" \/>\n<meta property=\"article:modified_time\" content=\"2025-12-15T10:02:12+00:00\" \/>\n<meta name=\"twitter:label1\" content=\"Tiempo de lectura\" \/>\n\t<meta name=\"twitter:data1\" content=\"1 minuto\" \/>\n<script type=\"application\/ld+json\" class=\"yoast-schema-graph\">{\"@context\":\"https:\\\/\\\/schema.org\",\"@graph\":[{\"@type\":\"WebPage\",\"@id\":\"https:\\\/\\\/laplandrestaurant.fi\\\/es\\\/grupos\\\/\",\"url\":\"https:\\\/\\\/laplandrestaurant.fi\\\/es\\\/grupos\\\/\",\"name\":\"Grupos: Restaurante lapon Kotahovi Rovaniemi Pueblo de Pap\u00e1 Noel\",\"isPartOf\":{\"@id\":\"https:\\\/\\\/laplandrestaurant.fi\\\/fi\\\/#website\"},\"datePublished\":\"2015-04-14T10:51:32+00:00\",\"dateModified\":\"2025-12-15T10:02:12+00:00\",\"description\":\"Grupos: Restaurante lapon Kotahovi Rovaniemi - el Pueblo de Pap\u00e1 Noel - Laponia Finlandia\",\"breadcrumb\":{\"@id\":\"https:\\\/\\\/laplandrestaurant.fi\\\/es\\\/grupos\\\/#breadcrumb\"},\"inLanguage\":\"es\",\"potentialAction\":[{\"@type\":\"ReadAction\",\"target\":[\"https:\\\/\\\/laplandrestaurant.fi\\\/es\\\/grupos\\\/\"]}]},{\"@type\":\"BreadcrumbList\",\"@id\":\"https:\\\/\\\/laplandrestaurant.fi\\\/es\\\/grupos\\\/#breadcrumb\",\"itemListElement\":[{\"@type\":\"ListItem\",\"position\":1,\"name\":\"Home\",\"item\":\"https:\\\/\\\/laplandrestaurant.fi\\\/es\\\/\"},{\"@type\":\"ListItem\",\"position\":2,\"name\":\"Grupos\"}]},{\"@type\":\"WebSite\",\"@id\":\"https:\\\/\\\/laplandrestaurant.fi\\\/fi\\\/#website\",\"url\":\"https:\\\/\\\/laplandrestaurant.fi\\\/fi\\\/\",\"name\":\"Lapland Restaurant Kotahovi\",\"description\":\"Unique and Atmospheric Restaurant in Lapland Finland at the Acrtic Circle\",\"potentialAction\":[{\"@type\":\"SearchAction\",\"target\":{\"@type\":\"EntryPoint\",\"urlTemplate\":\"https:\\\/\\\/laplandrestaurant.fi\\\/fi\\\/search\\\/{search_term_string}\"},\"query-input\":{\"@type\":\"PropertyValueSpecification\",\"valueRequired\":true,\"valueName\":\"search_term_string\"}}],\"inLanguage\":\"es\"}]}<\/script>\n<!-- \/ Yoast SEO plugin. -->","yoast_head_json":{"title":"Grupos: Restaurante lapon Kotahovi Rovaniemi Pueblo de Pap\u00e1 Noel","description":"Grupos: Restaurante lapon Kotahovi Rovaniemi - el Pueblo de Pap\u00e1 Noel - Laponia Finlandia","robots":{"index":"index","follow":"follow","max-snippet":"max-snippet:-1","max-image-preview":"max-image-preview:large","max-video-preview":"max-video-preview:-1"},"canonical":"https:\/\/laplandrestaurant.fi\/es\/grupos\/","og_locale":"es_ES","og_type":"article","og_title":"Grupos: Restaurante lapon Kotahovi Rovaniemi Pueblo de Pap\u00e1 Noel","og_description":"Grupos: Restaurante lapon Kotahovi Rovaniemi - el Pueblo de Pap\u00e1 Noel - Laponia Finlandia","og_url":"https:\/\/laplandrestaurant.fi\/es\/grupos\/","og_site_name":"Lapland Restaurant Kotahovi","article_modified_time":"2025-12-15T10:02:12+00:00","twitter_misc":{"Tiempo de lectura":"1 minuto"},"schema":{"@context":"https:\/\/schema.org","@graph":[{"@type":"WebPage","@id":"https:\/\/laplandrestaurant.fi\/es\/grupos\/","url":"https:\/\/laplandrestaurant.fi\/es\/grupos\/","name":"Grupos: Restaurante lapon Kotahovi Rovaniemi Pueblo de Pap\u00e1 Noel","isPartOf":{"@id":"https:\/\/laplandrestaurant.fi\/fi\/#website"},"datePublished":"2015-04-14T10:51:32+00:00","dateModified":"2025-12-15T10:02:12+00:00","description":"Grupos: Restaurante lapon Kotahovi Rovaniemi - el Pueblo de Pap\u00e1 Noel - Laponia Finlandia","breadcrumb":{"@id":"https:\/\/laplandrestaurant.fi\/es\/grupos\/#breadcrumb"},"inLanguage":"es","potentialAction":[{"@type":"ReadAction","target":["https:\/\/laplandrestaurant.fi\/es\/grupos\/"]}]},{"@type":"BreadcrumbList","@id":"https:\/\/laplandrestaurant.fi\/es\/grupos\/#breadcrumb","itemListElement":[{"@type":"ListItem","position":1,"name":"Home","item":"https:\/\/laplandrestaurant.fi\/es\/"},{"@type":"ListItem","position":2,"name":"Grupos"}]},{"@type":"WebSite","@id":"https:\/\/laplandrestaurant.fi\/fi\/#website","url":"https:\/\/laplandrestaurant.fi\/fi\/","name":"Lapland Restaurant Kotahovi","description":"Unique and Atmospheric Restaurant in Lapland Finland at the Acrtic Circle","potentialAction":[{"@type":"SearchAction","target":{"@type":"EntryPoint","urlTemplate":"https:\/\/laplandrestaurant.fi\/fi\/search\/{search_term_string}"},"query-input":{"@type":"PropertyValueSpecification","valueRequired":true,"valueName":"search_term_string"}}],"inLanguage":"es"}]}},"_links":{"self":[{"href":"https:\/\/laplandrestaurant.fi\/es\/wp-json\/wp\/v2\/pages\/424","targetHints":{"allow":["GET"]}}],"collection":[{"href":"https:\/\/laplandrestaurant.fi\/es\/wp-json\/wp\/v2\/pages"}],"about":[{"href":"https:\/\/laplandrestaurant.fi\/es\/wp-json\/wp\/v2\/types\/page"}],"author":[{"embeddable":true,"href":"https:\/\/laplandrestaurant.fi\/es\/wp-json\/wp\/v2\/users\/2"}],"replies":[{"embeddable":true,"href":"https:\/\/laplandrestaurant.fi\/es\/wp-json\/wp\/v2\/comments?post=424"}],"version-history":[{"count":7,"href":"https:\/\/laplandrestaurant.fi\/es\/wp-json\/wp\/v2\/pages\/424\/revisions"}],"predecessor-version":[{"id":3643,"href":"https:\/\/laplandrestaurant.fi\/es\/wp-json\/wp\/v2\/pages\/424\/revisions\/3643"}],"wp:attachment":[{"href":"https:\/\/laplandrestaurant.fi\/es\/wp-json\/wp\/v2\/media?parent=424"}],"curies":[{"name":"wp","href":"https:\/\/api.w.org\/{rel}","templated":true}]}}