{"id":422,"date":"2015-04-14T13:51:32","date_gmt":"2015-04-14T10:51:32","guid":{"rendered":"http:\/\/www.laplandrestaurant.fi\/opening-hours-2\/"},"modified":"2025-12-15T11:48:25","modified_gmt":"2025-12-15T09:48:25","slug":"horarios-de-apertura","status":"publish","type":"page","link":"https:\/\/laplandrestaurant.fi\/es\/horarios-de-apertura\/","title":{"rendered":"Horarios de apertura"},"content":{"rendered":"<h1>Horarios de apertura<\/h1>\n<div jsname=\"fek9E\" class=\"iYB33c\">\n<div class=\"dlJLJe\">\n<ul>\n<li><strong>1.3. &#8211; 30.4.2025:<\/strong> Abierto <strong>de lunes a viernes de 12.00 a 17.00<\/strong>, la cocina cierra a las 16.30<br \/>\n<strong data-start=\"148\" data-end=\"162\">\u00a1Atenci\u00f3n!<\/strong> Kotahovi estar\u00e1 <strong data-start=\"179\" data-end=\"238\">cerrado en Semana Santa <\/strong>(del 18 al 21 de abril de 2025).<\/li>\n<li><strong>Mayo: Cerrado<\/strong><\/li>\n<li><strong data-start=\"260\" data-end=\"280\">2.6 \u2013 31.8.2025:<\/strong> Abierto <strong data-start=\"289\" data-end=\"328\">de lunes a viernes de 11.00 a 16.00<\/strong>, la cocina cierra a las 15.30.<br \/>\n(<strong data-start=\"363\" data-end=\"404\">Cerrado del 20 al 29 de junio de 2025<\/strong> por una breve pausa de verano)<\/li>\n<li><strong>Septiembre: Cerrado<\/strong><\/li>\n<li><strong data-start=\"462\" data-end=\"484\">1.10 \u2013 30.11.2025:<\/strong> Abierto <strong data-start=\"493\" data-end=\"532\">de lunes a viernes de 12.00 a 17.00<\/strong>, la cocina cierra a las 16.30.<\/li>\n<li><strong data-start=\"565\" data-end=\"591\">1.12.2025 \u2013 31.1.2026:<\/strong> <strong data-start=\"592\" data-end=\"635\">Abierto todos los d\u00edas de 12.00 a 17.00<\/strong>, la cocina cierra a las 16.30.<\/li>\n<li><span><strong>24.12.2025:<\/strong> De 12:00 a 15:00, la cocina cierra a las 14:30.<\/span><\/li>\n<li><strong data-start=\"668\" data-end=\"688\">1.2 \u2013 31.3.2026:<\/strong> Abierto <strong data-start=\"697\" data-end=\"735\">de lunes a s\u00e1bado de 12.00 a 17.00<\/strong>, la cocina cierra a las 16.30.<\/li>\n<li><strong data-start=\"768\" data-end=\"786\">1. \u2013 30.4.2026:<\/strong> Abierto <strong data-start=\"795\" data-end=\"834\">de lunes a viernes de 11.00 a 16.00<\/strong>, la cocina cierra a las 15.30.<\/li>\n<\/ul>\n<p data-placeholder=\"K\u00e4\u00e4nn\u00f6s\" dir=\"ltr\">No servimos bebidas alcoh\u00f3licas.<span class=\"Y2IQFc\" lang=\"es\"><\/span><\/p>\n<p data-placeholder=\"K\u00e4\u00e4nn\u00f6s\" dir=\"ltr\">C\u00e1lida bienvenida!<\/p>\n<\/div>\n<\/div>\n","protected":false},"excerpt":{"rendered":"<p>Horarios de apertura 1.3. &#8211; 30.4.2025: Abierto de lunes a viernes de 12.00 a 17.00, la cocina cierra a las 16.30 \u00a1Atenci\u00f3n! Kotahovi estar\u00e1 cerrado en Semana Santa (del 18 al 21 de abril de 2025). Mayo: Cerrado 2.6 \u2013 31.8.2025: Abierto de lunes a viernes de 11.00 a 16.00, la cocina cierra a las &hellip; <a href=\"https:\/\/laplandrestaurant.fi\/es\/horarios-de-apertura\/\">Continued<\/a><\/p>\n","protected":false},"author":2,"featured_media":0,"parent":0,"menu_order":0,"comment_status":"closed","ping_status":"closed","template":"","meta":{"_acf_changed":false,"footnotes":""},"class_list":["post-422","page","type-page","status-publish","hentry"],"acf":[],"yoast_head":"<!-- This site is optimized with the Yoast SEO plugin v27.3 - https:\/\/yoast.com\/product\/yoast-seo-wordpress\/ -->\n<title>Horarios de apertura - Lapland Restaurant Kotahovi<\/title>\n<meta name=\"robots\" content=\"index, follow, max-snippet:-1, max-image-preview:large, max-video-preview:-1\" \/>\n<link rel=\"canonical\" href=\"https:\/\/laplandrestaurant.fi\/es\/horarios-de-apertura\/\" \/>\n<meta property=\"og:locale\" content=\"es_ES\" \/>\n<meta property=\"og:type\" content=\"article\" \/>\n<meta property=\"og:title\" content=\"Horarios de apertura - Lapland Restaurant Kotahovi\" \/>\n<meta property=\"og:description\" content=\"Horarios de apertura 1.3. &#8211; 30.4.2025: Abierto de lunes a viernes de 12.00 a 17.00, la cocina cierra a las 16.30 \u00a1Atenci\u00f3n! Kotahovi estar\u00e1 cerrado en Semana Santa (del 18 al 21 de abril de 2025). Mayo: Cerrado 2.6 \u2013 31.8.2025: Abierto de lunes a viernes de 11.00 a 16.00, la cocina cierra a las &hellip; Continued\" \/>\n<meta property=\"og:url\" content=\"https:\/\/laplandrestaurant.fi\/es\/horarios-de-apertura\/\" \/>\n<meta property=\"og:site_name\" content=\"Lapland Restaurant Kotahovi\" \/>\n<meta property=\"article:modified_time\" content=\"2025-12-15T09:48:25+00:00\" \/>\n<meta name=\"twitter:label1\" content=\"Tiempo de lectura\" \/>\n\t<meta name=\"twitter:data1\" content=\"1 minuto\" \/>\n<script type=\"application\/ld+json\" class=\"yoast-schema-graph\">{\"@context\":\"https:\\\/\\\/schema.org\",\"@graph\":[{\"@type\":\"WebPage\",\"@id\":\"https:\\\/\\\/laplandrestaurant.fi\\\/es\\\/horarios-de-apertura\\\/\",\"url\":\"https:\\\/\\\/laplandrestaurant.fi\\\/es\\\/horarios-de-apertura\\\/\",\"name\":\"Horarios de apertura - Lapland Restaurant Kotahovi\",\"isPartOf\":{\"@id\":\"https:\\\/\\\/laplandrestaurant.fi\\\/fi\\\/#website\"},\"datePublished\":\"2015-04-14T10:51:32+00:00\",\"dateModified\":\"2025-12-15T09:48:25+00:00\",\"breadcrumb\":{\"@id\":\"https:\\\/\\\/laplandrestaurant.fi\\\/es\\\/horarios-de-apertura\\\/#breadcrumb\"},\"inLanguage\":\"es\",\"potentialAction\":[{\"@type\":\"ReadAction\",\"target\":[\"https:\\\/\\\/laplandrestaurant.fi\\\/es\\\/horarios-de-apertura\\\/\"]}]},{\"@type\":\"BreadcrumbList\",\"@id\":\"https:\\\/\\\/laplandrestaurant.fi\\\/es\\\/horarios-de-apertura\\\/#breadcrumb\",\"itemListElement\":[{\"@type\":\"ListItem\",\"position\":1,\"name\":\"Home\",\"item\":\"https:\\\/\\\/laplandrestaurant.fi\\\/es\\\/\"},{\"@type\":\"ListItem\",\"position\":2,\"name\":\"Horarios de apertura\"}]},{\"@type\":\"WebSite\",\"@id\":\"https:\\\/\\\/laplandrestaurant.fi\\\/fi\\\/#website\",\"url\":\"https:\\\/\\\/laplandrestaurant.fi\\\/fi\\\/\",\"name\":\"Lapland Restaurant Kotahovi\",\"description\":\"Unique and Atmospheric Restaurant in Lapland Finland at the Acrtic Circle\",\"potentialAction\":[{\"@type\":\"SearchAction\",\"target\":{\"@type\":\"EntryPoint\",\"urlTemplate\":\"https:\\\/\\\/laplandrestaurant.fi\\\/fi\\\/search\\\/{search_term_string}\"},\"query-input\":{\"@type\":\"PropertyValueSpecification\",\"valueRequired\":true,\"valueName\":\"search_term_string\"}}],\"inLanguage\":\"es\"}]}<\/script>\n<!-- \/ Yoast SEO plugin. -->","yoast_head_json":{"title":"Horarios de apertura - Lapland Restaurant Kotahovi","robots":{"index":"index","follow":"follow","max-snippet":"max-snippet:-1","max-image-preview":"max-image-preview:large","max-video-preview":"max-video-preview:-1"},"canonical":"https:\/\/laplandrestaurant.fi\/es\/horarios-de-apertura\/","og_locale":"es_ES","og_type":"article","og_title":"Horarios de apertura - Lapland Restaurant Kotahovi","og_description":"Horarios de apertura 1.3. &#8211; 30.4.2025: Abierto de lunes a viernes de 12.00 a 17.00, la cocina cierra a las 16.30 \u00a1Atenci\u00f3n! Kotahovi estar\u00e1 cerrado en Semana Santa (del 18 al 21 de abril de 2025). Mayo: Cerrado 2.6 \u2013 31.8.2025: Abierto de lunes a viernes de 11.00 a 16.00, la cocina cierra a las &hellip; Continued","og_url":"https:\/\/laplandrestaurant.fi\/es\/horarios-de-apertura\/","og_site_name":"Lapland Restaurant Kotahovi","article_modified_time":"2025-12-15T09:48:25+00:00","twitter_misc":{"Tiempo de lectura":"1 minuto"},"schema":{"@context":"https:\/\/schema.org","@graph":[{"@type":"WebPage","@id":"https:\/\/laplandrestaurant.fi\/es\/horarios-de-apertura\/","url":"https:\/\/laplandrestaurant.fi\/es\/horarios-de-apertura\/","name":"Horarios de apertura - Lapland Restaurant Kotahovi","isPartOf":{"@id":"https:\/\/laplandrestaurant.fi\/fi\/#website"},"datePublished":"2015-04-14T10:51:32+00:00","dateModified":"2025-12-15T09:48:25+00:00","breadcrumb":{"@id":"https:\/\/laplandrestaurant.fi\/es\/horarios-de-apertura\/#breadcrumb"},"inLanguage":"es","potentialAction":[{"@type":"ReadAction","target":["https:\/\/laplandrestaurant.fi\/es\/horarios-de-apertura\/"]}]},{"@type":"BreadcrumbList","@id":"https:\/\/laplandrestaurant.fi\/es\/horarios-de-apertura\/#breadcrumb","itemListElement":[{"@type":"ListItem","position":1,"name":"Home","item":"https:\/\/laplandrestaurant.fi\/es\/"},{"@type":"ListItem","position":2,"name":"Horarios de apertura"}]},{"@type":"WebSite","@id":"https:\/\/laplandrestaurant.fi\/fi\/#website","url":"https:\/\/laplandrestaurant.fi\/fi\/","name":"Lapland Restaurant Kotahovi","description":"Unique and Atmospheric Restaurant in Lapland Finland at the Acrtic Circle","potentialAction":[{"@type":"SearchAction","target":{"@type":"EntryPoint","urlTemplate":"https:\/\/laplandrestaurant.fi\/fi\/search\/{search_term_string}"},"query-input":{"@type":"PropertyValueSpecification","valueRequired":true,"valueName":"search_term_string"}}],"inLanguage":"es"}]}},"_links":{"self":[{"href":"https:\/\/laplandrestaurant.fi\/es\/wp-json\/wp\/v2\/pages\/422","targetHints":{"allow":["GET"]}}],"collection":[{"href":"https:\/\/laplandrestaurant.fi\/es\/wp-json\/wp\/v2\/pages"}],"about":[{"href":"https:\/\/laplandrestaurant.fi\/es\/wp-json\/wp\/v2\/types\/page"}],"author":[{"embeddable":true,"href":"https:\/\/laplandrestaurant.fi\/es\/wp-json\/wp\/v2\/users\/2"}],"replies":[{"embeddable":true,"href":"https:\/\/laplandrestaurant.fi\/es\/wp-json\/wp\/v2\/comments?post=422"}],"version-history":[{"count":9,"href":"https:\/\/laplandrestaurant.fi\/es\/wp-json\/wp\/v2\/pages\/422\/revisions"}],"predecessor-version":[{"id":3631,"href":"https:\/\/laplandrestaurant.fi\/es\/wp-json\/wp\/v2\/pages\/422\/revisions\/3631"}],"wp:attachment":[{"href":"https:\/\/laplandrestaurant.fi\/es\/wp-json\/wp\/v2\/media?parent=422"}],"curies":[{"name":"wp","href":"https:\/\/api.w.org\/{rel}","templated":true}]}}