{"id":421,"date":"2015-04-14T08:16:46","date_gmt":"2015-04-14T05:16:46","guid":{"rendered":"http:\/\/www.laplandrestaurant.fi\/etusivu-2\/"},"modified":"2025-08-31T12:02:17","modified_gmt":"2025-08-31T09:02:17","slug":"etusivu","status":"publish","type":"page","link":"https:\/\/laplandrestaurant.fi\/es\/","title":{"rendered":"Etusivu"},"content":{"rendered":"<h1><span>\u00a1Bienvenido al restaurante lap\u00f3n Kotahovi en el C\u00edrculo Polar \u00c1rtico, en Rovaniemi!<\/span><\/h1>\n<p><span>El restaurante de comida tradicional lapona Kotahovi es un encantador restaurante para el almuerzo ubicado en el conocido <a href=\"https:\/\/santaclausvillage.info\/es\/\">Pueblo de Pap\u00e1 Noel<\/a>, justo en el patio trasero de la Oficina de <a href=\"https:\/\/papanoel.fi\/\">Pap\u00e1 Noel<\/a>. La entrada principal del restaurante se encuentra dentro del complejo Santa Claus Reindeer.<\/span><\/p>\n<p><span>En el acogedor comedor del restaurante Kotahovi en la <a href=\"https:\/\/laponia.fi\/\">Laponia finlandesa<\/a>, con una chimenea en el centro de la sala, se sirve cocina local tradicional de Laponia. Disfruta del acogedor ambiente mientras pruebas una comida deliciosa, \u00a1e incluso puede que veas alg\u00fan que otro reno al aire libre. <\/span><\/p>\n<p><span lang=\"es\">Vea <a href=\"https:\/\/laplandrestaurant.fi\/wp-content\/uploads\/Menu-Eng.-2024.pdf\">AQU\u00cd<\/a> nuestro men\u00fa de Laponia.<\/span><\/p>\n<p><span>No aceptamos reservas: aqu\u00ed todos son bienvenidos, y atendemos a nuestros invitados en el orden de llegada. Si\u00e9ntese, rel\u00e1jese y deje que los aromas de nuestra cocina le gu\u00eden en un acogedor viaje por Laponia.<\/span><\/p>\n<p>\u00a1Sed muy bienvenidos a disfrutar de las delicias laponas en el restaurante Kotahovi!<\/p>\n","protected":false},"excerpt":{"rendered":"<p>\u00a1Bienvenido al restaurante lap\u00f3n Kotahovi en el C\u00edrculo Polar \u00c1rtico, en Rovaniemi! El restaurante de comida tradicional lapona Kotahovi es un encantador restaurante para el almuerzo ubicado en el conocido Pueblo de Pap\u00e1 Noel, justo en el patio trasero de la Oficina de Pap\u00e1 Noel. La entrada principal del restaurante se encuentra dentro del complejo &hellip; <a href=\"https:\/\/laplandrestaurant.fi\/es\/\">Continued<\/a><\/p>\n","protected":false},"author":2,"featured_media":0,"parent":0,"menu_order":0,"comment_status":"closed","ping_status":"closed","template":"template-etusivu.php","meta":{"_acf_changed":false,"footnotes":""},"class_list":["post-421","page","type-page","status-publish","hentry"],"acf":[],"yoast_head":"<!-- This site is optimized with the Yoast SEO plugin v27.3 - https:\/\/yoast.com\/product\/yoast-seo-wordpress\/ -->\n<title>Restaurante lap\u00f3n Kotahovi: Pueblo de Pap\u00e1 Noel Rovaniemi<\/title>\n<meta name=\"description\" content=\"Restaurante lap\u00f3n Kotahovi: El Pueblo de Pap\u00e1 Noel en Rovaniemi en Laponia en Finlandia - Lapland Restaurant Kotahovi\" \/>\n<meta name=\"robots\" content=\"index, follow, max-snippet:-1, max-image-preview:large, max-video-preview:-1\" \/>\n<link rel=\"canonical\" href=\"https:\/\/laplandrestaurant.fi\/es\/\" \/>\n<meta property=\"og:locale\" content=\"es_ES\" \/>\n<meta property=\"og:type\" content=\"article\" \/>\n<meta property=\"og:title\" content=\"Restaurante lap\u00f3n Kotahovi: Pueblo de Pap\u00e1 Noel Rovaniemi\" \/>\n<meta property=\"og:description\" content=\"Restaurante lap\u00f3n Kotahovi: El Pueblo de Pap\u00e1 Noel en Rovaniemi en Laponia en Finlandia - Lapland Restaurant Kotahovi\" \/>\n<meta property=\"og:url\" content=\"https:\/\/laplandrestaurant.fi\/es\/\" \/>\n<meta property=\"og:site_name\" content=\"Lapland Restaurant Kotahovi\" \/>\n<meta property=\"article:modified_time\" content=\"2025-08-31T09:02:17+00:00\" \/>\n<meta name=\"twitter:label1\" content=\"Tiempo de lectura\" \/>\n\t<meta name=\"twitter:data1\" content=\"1 minuto\" \/>\n<script type=\"application\/ld+json\" class=\"yoast-schema-graph\">{\"@context\":\"https:\\\/\\\/schema.org\",\"@graph\":[{\"@type\":\"WebPage\",\"@id\":\"https:\\\/\\\/laplandrestaurant.fi\\\/es\\\/\",\"url\":\"https:\\\/\\\/laplandrestaurant.fi\\\/es\\\/\",\"name\":\"Restaurante lap\u00f3n Kotahovi: Pueblo de Pap\u00e1 Noel Rovaniemi\",\"isPartOf\":{\"@id\":\"https:\\\/\\\/laplandrestaurant.fi\\\/fi\\\/#website\"},\"datePublished\":\"2015-04-14T05:16:46+00:00\",\"dateModified\":\"2025-08-31T09:02:17+00:00\",\"description\":\"Restaurante lap\u00f3n Kotahovi: El Pueblo de Pap\u00e1 Noel en Rovaniemi en Laponia en Finlandia - Lapland Restaurant Kotahovi\",\"breadcrumb\":{\"@id\":\"https:\\\/\\\/laplandrestaurant.fi\\\/es\\\/#breadcrumb\"},\"inLanguage\":\"es\",\"potentialAction\":[{\"@type\":\"ReadAction\",\"target\":[\"https:\\\/\\\/laplandrestaurant.fi\\\/es\\\/\"]}]},{\"@type\":\"BreadcrumbList\",\"@id\":\"https:\\\/\\\/laplandrestaurant.fi\\\/es\\\/#breadcrumb\",\"itemListElement\":[{\"@type\":\"ListItem\",\"position\":1,\"name\":\"Home\",\"item\":\"https:\\\/\\\/laplandrestaurant.fi\\\/es\\\/\"},{\"@type\":\"ListItem\",\"position\":2,\"name\":\"Etusivu\"}]},{\"@type\":\"WebSite\",\"@id\":\"https:\\\/\\\/laplandrestaurant.fi\\\/fi\\\/#website\",\"url\":\"https:\\\/\\\/laplandrestaurant.fi\\\/fi\\\/\",\"name\":\"Lapland Restaurant Kotahovi\",\"description\":\"Unique and Atmospheric Restaurant in Lapland Finland at the Acrtic Circle\",\"potentialAction\":[{\"@type\":\"SearchAction\",\"target\":{\"@type\":\"EntryPoint\",\"urlTemplate\":\"https:\\\/\\\/laplandrestaurant.fi\\\/fi\\\/search\\\/{search_term_string}\"},\"query-input\":{\"@type\":\"PropertyValueSpecification\",\"valueRequired\":true,\"valueName\":\"search_term_string\"}}],\"inLanguage\":\"es\"}]}<\/script>\n<!-- \/ Yoast SEO plugin. -->","yoast_head_json":{"title":"Restaurante lap\u00f3n Kotahovi: Pueblo de Pap\u00e1 Noel Rovaniemi","description":"Restaurante lap\u00f3n Kotahovi: El Pueblo de Pap\u00e1 Noel en Rovaniemi en Laponia en Finlandia - Lapland Restaurant Kotahovi","robots":{"index":"index","follow":"follow","max-snippet":"max-snippet:-1","max-image-preview":"max-image-preview:large","max-video-preview":"max-video-preview:-1"},"canonical":"https:\/\/laplandrestaurant.fi\/es\/","og_locale":"es_ES","og_type":"article","og_title":"Restaurante lap\u00f3n Kotahovi: Pueblo de Pap\u00e1 Noel Rovaniemi","og_description":"Restaurante lap\u00f3n Kotahovi: El Pueblo de Pap\u00e1 Noel en Rovaniemi en Laponia en Finlandia - Lapland Restaurant Kotahovi","og_url":"https:\/\/laplandrestaurant.fi\/es\/","og_site_name":"Lapland Restaurant Kotahovi","article_modified_time":"2025-08-31T09:02:17+00:00","twitter_misc":{"Tiempo de lectura":"1 minuto"},"schema":{"@context":"https:\/\/schema.org","@graph":[{"@type":"WebPage","@id":"https:\/\/laplandrestaurant.fi\/es\/","url":"https:\/\/laplandrestaurant.fi\/es\/","name":"Restaurante lap\u00f3n Kotahovi: Pueblo de Pap\u00e1 Noel Rovaniemi","isPartOf":{"@id":"https:\/\/laplandrestaurant.fi\/fi\/#website"},"datePublished":"2015-04-14T05:16:46+00:00","dateModified":"2025-08-31T09:02:17+00:00","description":"Restaurante lap\u00f3n Kotahovi: El Pueblo de Pap\u00e1 Noel en Rovaniemi en Laponia en Finlandia - Lapland Restaurant Kotahovi","breadcrumb":{"@id":"https:\/\/laplandrestaurant.fi\/es\/#breadcrumb"},"inLanguage":"es","potentialAction":[{"@type":"ReadAction","target":["https:\/\/laplandrestaurant.fi\/es\/"]}]},{"@type":"BreadcrumbList","@id":"https:\/\/laplandrestaurant.fi\/es\/#breadcrumb","itemListElement":[{"@type":"ListItem","position":1,"name":"Home","item":"https:\/\/laplandrestaurant.fi\/es\/"},{"@type":"ListItem","position":2,"name":"Etusivu"}]},{"@type":"WebSite","@id":"https:\/\/laplandrestaurant.fi\/fi\/#website","url":"https:\/\/laplandrestaurant.fi\/fi\/","name":"Lapland Restaurant Kotahovi","description":"Unique and Atmospheric Restaurant in Lapland Finland at the Acrtic Circle","potentialAction":[{"@type":"SearchAction","target":{"@type":"EntryPoint","urlTemplate":"https:\/\/laplandrestaurant.fi\/fi\/search\/{search_term_string}"},"query-input":{"@type":"PropertyValueSpecification","valueRequired":true,"valueName":"search_term_string"}}],"inLanguage":"es"}]}},"_links":{"self":[{"href":"https:\/\/laplandrestaurant.fi\/es\/wp-json\/wp\/v2\/pages\/421","targetHints":{"allow":["GET"]}}],"collection":[{"href":"https:\/\/laplandrestaurant.fi\/es\/wp-json\/wp\/v2\/pages"}],"about":[{"href":"https:\/\/laplandrestaurant.fi\/es\/wp-json\/wp\/v2\/types\/page"}],"author":[{"embeddable":true,"href":"https:\/\/laplandrestaurant.fi\/es\/wp-json\/wp\/v2\/users\/2"}],"replies":[{"embeddable":true,"href":"https:\/\/laplandrestaurant.fi\/es\/wp-json\/wp\/v2\/comments?post=421"}],"version-history":[{"count":10,"href":"https:\/\/laplandrestaurant.fi\/es\/wp-json\/wp\/v2\/pages\/421\/revisions"}],"predecessor-version":[{"id":3605,"href":"https:\/\/laplandrestaurant.fi\/es\/wp-json\/wp\/v2\/pages\/421\/revisions\/3605"}],"wp:attachment":[{"href":"https:\/\/laplandrestaurant.fi\/es\/wp-json\/wp\/v2\/media?parent=421"}],"curies":[{"name":"wp","href":"https:\/\/api.w.org\/{rel}","templated":true}]}}