{"id":2282,"date":"2022-07-19T12:49:42","date_gmt":"2022-07-19T09:49:42","guid":{"rendered":"https:\/\/www.laplandrestaurant.fi\/?page_id=2282"},"modified":"2023-09-07T13:26:41","modified_gmt":"2023-09-07T10:26:41","slug":"la-nuestra-participacion-en-el-programa-sustainable-travel-finland","status":"publish","type":"page","link":"https:\/\/laplandrestaurant.fi\/es\/la-nuestra-participacion-en-el-programa-sustainable-travel-finland\/","title":{"rendered":"La nuestra participaci\u00f3n en el programa Sustainable Travel Finland"},"content":{"rendered":"<p>&nbsp;<\/p>\n<h3 style=\"text-align: center;\"><strong>La nuestra participaci\u00f3n en el programa Sustainable Travel Finland<\/p>\n<p><\/strong><\/h3>\n<p style=\"text-align: left;\"><span style=\"font-weight: 400;\">Santa Claus Reindeer Oy, empresa que incluye a Santa Claus Reindeer, Mrs. Santa Claus Christmas Cottage y Lapland Restaurant Kotahovi, tiene como objetivo mejorar la sostenibilidad participando en un programa de reciente creaci\u00f3n llamado <a href=\"https:\/\/www.visitfinland.fi\/en\/liiketoiminnan-kehittaminen\/vastuullinen-matkailu\/sustainable-travel-finland\"><strong>Sustainable Travel Finland<\/strong><\/a>. Este programa apoya a las empresas de viajes finlandesas para que sean m\u00e1s sostenibles y ecol\u00f3gicas, impulsando as\u00ed el desarrollo del turismo sostenible en Finlandia. Los distintos pasos del programa ayudan a las empresas a mejorar sus funciones de manera gradual.<\/span><\/p>\n<p style=\"text-align: left;\"><span style=\"font-weight: 400;\">Dado que no solo queremos ser ecol\u00f3gicos, sino tambi\u00e9n preservar y revivir el patrimonio cultural lap\u00f3n, especialmente la cultura gastron\u00f3mica lapona, nos result\u00f3 muy f\u00e1cil comprometernos con los valores y objetivos del programa. As\u00ed pues, nuestra empresa se alegr\u00f3 de iniciar el viaje hacia la sostenibilidad con este programa durante la primavera de 2020.<\/span><\/p>\n<p style=\"text-align: left;\"><span style=\"font-weight: 400;\">Nuestros primeros objetivos de sostenibilidad son aumentar el uso de ingredientes locales y de temporada en nuestro restaurante, reducir el desperdicio de alimentos y tener m\u00e1s en cuenta las diferentes dietas y alergias alimentarias. Nuestro objetivo es ser m\u00e1s sostenibles en nuestras operaciones, ya sean del \u00e1rea de la cocina, del reciclaje, del consumo de agua, de la calefacci\u00f3n o del uso de electricidad.<\/span><\/p>\n<p style=\"text-align: left;\"><span style=\"font-weight: 400;\">Para nosotros es esencial que cada visitante se sienta bienvenido a pesar de su edad, requisitos diet\u00e9ticos u otras posibles limitaciones. Nos hemos ocupado de que nuestro restaurante est\u00e9 libre de cualquier barrera.<\/span><\/p>\n<p style=\"text-align: left;\"><span style=\"font-weight: 400;\">Para obtener m\u00e1s informaci\u00f3n sobre nuestro viaje de sostenibilidad, ac\u00e9rcate a nuestro personal o cont\u00e1ctanos por correo electr\u00f3nico.<\/span><\/p>\n","protected":false},"excerpt":{"rendered":"<p>&nbsp; La nuestra participaci\u00f3n en el programa Sustainable Travel Finland Santa Claus Reindeer Oy, empresa que incluye a Santa Claus Reindeer, Mrs. Santa Claus Christmas Cottage y Lapland Restaurant Kotahovi, tiene como objetivo mejorar la sostenibilidad participando en un programa de reciente creaci\u00f3n llamado Sustainable Travel Finland. Este programa apoya a las empresas de viajes &hellip; <a href=\"https:\/\/laplandrestaurant.fi\/es\/la-nuestra-participacion-en-el-programa-sustainable-travel-finland\/\">Continued<\/a><\/p>\n","protected":false},"author":9,"featured_media":0,"parent":0,"menu_order":0,"comment_status":"closed","ping_status":"closed","template":"","meta":{"_acf_changed":false,"footnotes":""},"class_list":["post-2282","page","type-page","status-publish","hentry"],"acf":[],"yoast_head":"<!-- This site is optimized with the Yoast SEO plugin v27.3 - https:\/\/yoast.com\/product\/yoast-seo-wordpress\/ -->\n<title>La nuestra participaci\u00f3n en el programa Sustainable Travel Finland - Lapland Restaurant Kotahovi<\/title>\n<meta name=\"robots\" content=\"index, follow, max-snippet:-1, max-image-preview:large, max-video-preview:-1\" \/>\n<link rel=\"canonical\" href=\"https:\/\/laplandrestaurant.fi\/es\/la-nuestra-participacion-en-el-programa-sustainable-travel-finland\/\" \/>\n<meta property=\"og:locale\" content=\"es_ES\" \/>\n<meta property=\"og:type\" content=\"article\" \/>\n<meta property=\"og:title\" content=\"La nuestra participaci\u00f3n en el programa Sustainable Travel Finland - Lapland Restaurant Kotahovi\" \/>\n<meta property=\"og:description\" content=\"&nbsp; La nuestra participaci\u00f3n en el programa Sustainable Travel Finland Santa Claus Reindeer Oy, empresa que incluye a Santa Claus Reindeer, Mrs. Santa Claus Christmas Cottage y Lapland Restaurant Kotahovi, tiene como objetivo mejorar la sostenibilidad participando en un programa de reciente creaci\u00f3n llamado Sustainable Travel Finland. Este programa apoya a las empresas de viajes &hellip; Continued\" \/>\n<meta property=\"og:url\" content=\"https:\/\/laplandrestaurant.fi\/es\/la-nuestra-participacion-en-el-programa-sustainable-travel-finland\/\" \/>\n<meta property=\"og:site_name\" content=\"Lapland Restaurant Kotahovi\" \/>\n<meta property=\"article:modified_time\" content=\"2023-09-07T10:26:41+00:00\" \/>\n<meta name=\"twitter:label1\" content=\"Tiempo de lectura\" \/>\n\t<meta name=\"twitter:data1\" content=\"2 minutos\" \/>\n<script type=\"application\/ld+json\" class=\"yoast-schema-graph\">{\"@context\":\"https:\\\/\\\/schema.org\",\"@graph\":[{\"@type\":\"WebPage\",\"@id\":\"https:\\\/\\\/laplandrestaurant.fi\\\/es\\\/la-nuestra-participacion-en-el-programa-sustainable-travel-finland\\\/\",\"url\":\"https:\\\/\\\/laplandrestaurant.fi\\\/es\\\/la-nuestra-participacion-en-el-programa-sustainable-travel-finland\\\/\",\"name\":\"La nuestra participaci\u00f3n en el programa Sustainable Travel Finland - Lapland Restaurant Kotahovi\",\"isPartOf\":{\"@id\":\"https:\\\/\\\/laplandrestaurant.fi\\\/fi\\\/#website\"},\"datePublished\":\"2022-07-19T09:49:42+00:00\",\"dateModified\":\"2023-09-07T10:26:41+00:00\",\"breadcrumb\":{\"@id\":\"https:\\\/\\\/laplandrestaurant.fi\\\/es\\\/la-nuestra-participacion-en-el-programa-sustainable-travel-finland\\\/#breadcrumb\"},\"inLanguage\":\"es\",\"potentialAction\":[{\"@type\":\"ReadAction\",\"target\":[\"https:\\\/\\\/laplandrestaurant.fi\\\/es\\\/la-nuestra-participacion-en-el-programa-sustainable-travel-finland\\\/\"]}]},{\"@type\":\"BreadcrumbList\",\"@id\":\"https:\\\/\\\/laplandrestaurant.fi\\\/es\\\/la-nuestra-participacion-en-el-programa-sustainable-travel-finland\\\/#breadcrumb\",\"itemListElement\":[{\"@type\":\"ListItem\",\"position\":1,\"name\":\"Home\",\"item\":\"https:\\\/\\\/laplandrestaurant.fi\\\/es\\\/\"},{\"@type\":\"ListItem\",\"position\":2,\"name\":\"La nuestra participaci\u00f3n en el programa Sustainable Travel Finland\"}]},{\"@type\":\"WebSite\",\"@id\":\"https:\\\/\\\/laplandrestaurant.fi\\\/fi\\\/#website\",\"url\":\"https:\\\/\\\/laplandrestaurant.fi\\\/fi\\\/\",\"name\":\"Lapland Restaurant Kotahovi\",\"description\":\"Unique and Atmospheric Restaurant in Lapland Finland at the Acrtic Circle\",\"potentialAction\":[{\"@type\":\"SearchAction\",\"target\":{\"@type\":\"EntryPoint\",\"urlTemplate\":\"https:\\\/\\\/laplandrestaurant.fi\\\/fi\\\/search\\\/{search_term_string}\"},\"query-input\":{\"@type\":\"PropertyValueSpecification\",\"valueRequired\":true,\"valueName\":\"search_term_string\"}}],\"inLanguage\":\"es\"}]}<\/script>\n<!-- \/ Yoast SEO plugin. -->","yoast_head_json":{"title":"La nuestra participaci\u00f3n en el programa Sustainable Travel Finland - Lapland Restaurant Kotahovi","robots":{"index":"index","follow":"follow","max-snippet":"max-snippet:-1","max-image-preview":"max-image-preview:large","max-video-preview":"max-video-preview:-1"},"canonical":"https:\/\/laplandrestaurant.fi\/es\/la-nuestra-participacion-en-el-programa-sustainable-travel-finland\/","og_locale":"es_ES","og_type":"article","og_title":"La nuestra participaci\u00f3n en el programa Sustainable Travel Finland - Lapland Restaurant Kotahovi","og_description":"&nbsp; La nuestra participaci\u00f3n en el programa Sustainable Travel Finland Santa Claus Reindeer Oy, empresa que incluye a Santa Claus Reindeer, Mrs. Santa Claus Christmas Cottage y Lapland Restaurant Kotahovi, tiene como objetivo mejorar la sostenibilidad participando en un programa de reciente creaci\u00f3n llamado Sustainable Travel Finland. Este programa apoya a las empresas de viajes &hellip; Continued","og_url":"https:\/\/laplandrestaurant.fi\/es\/la-nuestra-participacion-en-el-programa-sustainable-travel-finland\/","og_site_name":"Lapland Restaurant Kotahovi","article_modified_time":"2023-09-07T10:26:41+00:00","twitter_misc":{"Tiempo de lectura":"2 minutos"},"schema":{"@context":"https:\/\/schema.org","@graph":[{"@type":"WebPage","@id":"https:\/\/laplandrestaurant.fi\/es\/la-nuestra-participacion-en-el-programa-sustainable-travel-finland\/","url":"https:\/\/laplandrestaurant.fi\/es\/la-nuestra-participacion-en-el-programa-sustainable-travel-finland\/","name":"La nuestra participaci\u00f3n en el programa Sustainable Travel Finland - Lapland Restaurant Kotahovi","isPartOf":{"@id":"https:\/\/laplandrestaurant.fi\/fi\/#website"},"datePublished":"2022-07-19T09:49:42+00:00","dateModified":"2023-09-07T10:26:41+00:00","breadcrumb":{"@id":"https:\/\/laplandrestaurant.fi\/es\/la-nuestra-participacion-en-el-programa-sustainable-travel-finland\/#breadcrumb"},"inLanguage":"es","potentialAction":[{"@type":"ReadAction","target":["https:\/\/laplandrestaurant.fi\/es\/la-nuestra-participacion-en-el-programa-sustainable-travel-finland\/"]}]},{"@type":"BreadcrumbList","@id":"https:\/\/laplandrestaurant.fi\/es\/la-nuestra-participacion-en-el-programa-sustainable-travel-finland\/#breadcrumb","itemListElement":[{"@type":"ListItem","position":1,"name":"Home","item":"https:\/\/laplandrestaurant.fi\/es\/"},{"@type":"ListItem","position":2,"name":"La nuestra participaci\u00f3n en el programa Sustainable Travel Finland"}]},{"@type":"WebSite","@id":"https:\/\/laplandrestaurant.fi\/fi\/#website","url":"https:\/\/laplandrestaurant.fi\/fi\/","name":"Lapland Restaurant Kotahovi","description":"Unique and Atmospheric Restaurant in Lapland Finland at the Acrtic Circle","potentialAction":[{"@type":"SearchAction","target":{"@type":"EntryPoint","urlTemplate":"https:\/\/laplandrestaurant.fi\/fi\/search\/{search_term_string}"},"query-input":{"@type":"PropertyValueSpecification","valueRequired":true,"valueName":"search_term_string"}}],"inLanguage":"es"}]}},"_links":{"self":[{"href":"https:\/\/laplandrestaurant.fi\/es\/wp-json\/wp\/v2\/pages\/2282","targetHints":{"allow":["GET"]}}],"collection":[{"href":"https:\/\/laplandrestaurant.fi\/es\/wp-json\/wp\/v2\/pages"}],"about":[{"href":"https:\/\/laplandrestaurant.fi\/es\/wp-json\/wp\/v2\/types\/page"}],"author":[{"embeddable":true,"href":"https:\/\/laplandrestaurant.fi\/es\/wp-json\/wp\/v2\/users\/9"}],"replies":[{"embeddable":true,"href":"https:\/\/laplandrestaurant.fi\/es\/wp-json\/wp\/v2\/comments?post=2282"}],"version-history":[{"count":6,"href":"https:\/\/laplandrestaurant.fi\/es\/wp-json\/wp\/v2\/pages\/2282\/revisions"}],"predecessor-version":[{"id":3162,"href":"https:\/\/laplandrestaurant.fi\/es\/wp-json\/wp\/v2\/pages\/2282\/revisions\/3162"}],"wp:attachment":[{"href":"https:\/\/laplandrestaurant.fi\/es\/wp-json\/wp\/v2\/media?parent=2282"}],"curies":[{"name":"wp","href":"https:\/\/api.w.org\/{rel}","templated":true}]}}