{"id":521,"date":"2015-04-14T08:16:46","date_gmt":"2015-04-14T05:16:46","guid":{"rendered":"http:\/\/www.laplandrestaurant.fi\/etusivu-2\/"},"modified":"2025-08-31T11:59:53","modified_gmt":"2025-08-31T08:59:53","slug":"etusivu","status":"publish","type":"page","link":"https:\/\/laplandrestaurant.fi\/de\/","title":{"rendered":"Home"},"content":{"rendered":"<h1><span style=\"font-weight: 400;\">Herzlich willkommen im Lapland Restaurant Kotahovi, am Polarkreis in Rovaniemi!<\/span><\/h1>\n<p>Das Lapland Restaurant Kotahovi ist ein sch\u00f6nes Restaurant in der Mitte des sehr bekannten Weihnachtsmanndorfs, direkt hinter dem Weihnachtsmannhaus. Der Eingang zum Restaurant Kotahovi befindet sich im Zentrum vom Santa Claus Reindeer Rentierpark.<\/p>\n<p>Lokale, traditionelle Gerichte werden im gem\u00fctlichen Speisesaal serviert. In der Mitte des Saals gibt es ein warmes Feuer. W\u00e4hrend man die leckeren Gerichte genie\u00dft, kann man die sch\u00f6ne Stimmung bewundern, und manchmal auch die Rentiere drau\u00dfen sehen!<br \/>\n<span class=\"Y2IQFc\" lang=\"de\"><br \/>\nSehen Sie sich <a href=\"https:\/\/laplandrestaurant.fi\/wp-content\/uploads\/menu-english-21-10-24.pdf\">HIER<\/a> unser Lappland-Men\u00fc an.<\/p>\n<p><span>Wir nehmen keine Reservierungen an \u2013 hier ist jeder willkommen, und wir bedienen unsere G\u00e4ste in der Reihenfolge ihres Eintreffens. Nehmen Sie Platz, entspannen Sie sich, und lassen Sie sich von den Aromen aus unserer K\u00fcche auf eine gem\u00fctliche Lappland-Reise entf\u00fchren.<\/span><br \/>\n<\/span><\/p>\n<p>Sie sind herzlich willkommen im Lapland Restaurant Kotahovi die lappischen Gerichte zu genie\u00dfen!<\/p>\n<p>&nbsp;<\/p>\n","protected":false},"excerpt":{"rendered":"<p>Herzlich willkommen im Lapland Restaurant Kotahovi, am Polarkreis in Rovaniemi! Das Lapland Restaurant Kotahovi ist ein sch\u00f6nes Restaurant in der Mitte des sehr bekannten Weihnachtsmanndorfs, direkt hinter dem Weihnachtsmannhaus. Der Eingang zum Restaurant Kotahovi befindet sich im Zentrum vom Santa Claus Reindeer Rentierpark. Lokale, traditionelle Gerichte werden im gem\u00fctlichen Speisesaal serviert. In der Mitte des &hellip; <a href=\"https:\/\/laplandrestaurant.fi\/de\/\">Continued<\/a><\/p>\n","protected":false},"author":2,"featured_media":0,"parent":0,"menu_order":0,"comment_status":"closed","ping_status":"closed","template":"template-etusivu.php","meta":{"_acf_changed":false,"footnotes":""},"class_list":["post-521","page","type-page","status-publish","hentry"],"acf":[],"yoast_head":"<!-- This site is optimized with the Yoast SEO plugin v27.3 - https:\/\/yoast.com\/product\/yoast-seo-wordpress\/ -->\n<title>Lappland Restaurant Kotahovi: Weihnachtsmanndorf Rovaniemi Polarkreis<\/title>\n<meta name=\"description\" content=\"Lappland Restaurant Kotahovi - Weihnachtsmanndorf - Rovaniemi - Polarkreis - Finnland\" \/>\n<meta name=\"robots\" content=\"index, follow, max-snippet:-1, max-image-preview:large, max-video-preview:-1\" \/>\n<link rel=\"canonical\" href=\"https:\/\/laplandrestaurant.fi\/de\/\" \/>\n<meta property=\"og:locale\" content=\"de_DE\" \/>\n<meta property=\"og:type\" content=\"article\" \/>\n<meta property=\"og:title\" content=\"Lappland Restaurant Kotahovi: Weihnachtsmanndorf Rovaniemi Polarkreis\" \/>\n<meta property=\"og:description\" content=\"Lappland Restaurant Kotahovi - Weihnachtsmanndorf - Rovaniemi - Polarkreis - Finnland\" \/>\n<meta property=\"og:url\" content=\"https:\/\/laplandrestaurant.fi\/de\/\" \/>\n<meta property=\"og:site_name\" content=\"Lapland Restaurant Kotahovi\" \/>\n<meta property=\"article:modified_time\" content=\"2025-08-31T08:59:53+00:00\" \/>\n<meta name=\"twitter:label1\" content=\"Gesch\u00e4tzte Lesezeit\" \/>\n\t<meta name=\"twitter:data1\" content=\"1\u00a0Minute\" \/>\n<script type=\"application\/ld+json\" class=\"yoast-schema-graph\">{\"@context\":\"https:\\\/\\\/schema.org\",\"@graph\":[{\"@type\":\"WebPage\",\"@id\":\"https:\\\/\\\/laplandrestaurant.fi\\\/de\\\/\",\"url\":\"https:\\\/\\\/laplandrestaurant.fi\\\/de\\\/\",\"name\":\"Lappland Restaurant Kotahovi: Weihnachtsmanndorf Rovaniemi Polarkreis\",\"isPartOf\":{\"@id\":\"https:\\\/\\\/laplandrestaurant.fi\\\/fi\\\/#website\"},\"datePublished\":\"2015-04-14T05:16:46+00:00\",\"dateModified\":\"2025-08-31T08:59:53+00:00\",\"description\":\"Lappland Restaurant Kotahovi - Weihnachtsmanndorf - Rovaniemi - Polarkreis - Finnland\",\"breadcrumb\":{\"@id\":\"https:\\\/\\\/laplandrestaurant.fi\\\/de\\\/#breadcrumb\"},\"inLanguage\":\"de\",\"potentialAction\":[{\"@type\":\"ReadAction\",\"target\":[\"https:\\\/\\\/laplandrestaurant.fi\\\/de\\\/\"]}]},{\"@type\":\"BreadcrumbList\",\"@id\":\"https:\\\/\\\/laplandrestaurant.fi\\\/de\\\/#breadcrumb\",\"itemListElement\":[{\"@type\":\"ListItem\",\"position\":1,\"name\":\"Home\",\"item\":\"https:\\\/\\\/laplandrestaurant.fi\\\/de\\\/\"},{\"@type\":\"ListItem\",\"position\":2,\"name\":\"Home\"}]},{\"@type\":\"WebSite\",\"@id\":\"https:\\\/\\\/laplandrestaurant.fi\\\/fi\\\/#website\",\"url\":\"https:\\\/\\\/laplandrestaurant.fi\\\/fi\\\/\",\"name\":\"Lapland Restaurant Kotahovi\",\"description\":\"Unique and Atmospheric Restaurant in Lapland Finland at the Acrtic Circle\",\"potentialAction\":[{\"@type\":\"SearchAction\",\"target\":{\"@type\":\"EntryPoint\",\"urlTemplate\":\"https:\\\/\\\/laplandrestaurant.fi\\\/fi\\\/search\\\/{search_term_string}\"},\"query-input\":{\"@type\":\"PropertyValueSpecification\",\"valueRequired\":true,\"valueName\":\"search_term_string\"}}],\"inLanguage\":\"de\"}]}<\/script>\n<!-- \/ Yoast SEO plugin. -->","yoast_head_json":{"title":"Lappland Restaurant Kotahovi: Weihnachtsmanndorf Rovaniemi Polarkreis","description":"Lappland Restaurant Kotahovi - Weihnachtsmanndorf - Rovaniemi - Polarkreis - Finnland","robots":{"index":"index","follow":"follow","max-snippet":"max-snippet:-1","max-image-preview":"max-image-preview:large","max-video-preview":"max-video-preview:-1"},"canonical":"https:\/\/laplandrestaurant.fi\/de\/","og_locale":"de_DE","og_type":"article","og_title":"Lappland Restaurant Kotahovi: Weihnachtsmanndorf Rovaniemi Polarkreis","og_description":"Lappland Restaurant Kotahovi - Weihnachtsmanndorf - Rovaniemi - Polarkreis - Finnland","og_url":"https:\/\/laplandrestaurant.fi\/de\/","og_site_name":"Lapland Restaurant Kotahovi","article_modified_time":"2025-08-31T08:59:53+00:00","twitter_misc":{"Gesch\u00e4tzte Lesezeit":"1\u00a0Minute"},"schema":{"@context":"https:\/\/schema.org","@graph":[{"@type":"WebPage","@id":"https:\/\/laplandrestaurant.fi\/de\/","url":"https:\/\/laplandrestaurant.fi\/de\/","name":"Lappland Restaurant Kotahovi: Weihnachtsmanndorf Rovaniemi Polarkreis","isPartOf":{"@id":"https:\/\/laplandrestaurant.fi\/fi\/#website"},"datePublished":"2015-04-14T05:16:46+00:00","dateModified":"2025-08-31T08:59:53+00:00","description":"Lappland Restaurant Kotahovi - Weihnachtsmanndorf - Rovaniemi - Polarkreis - Finnland","breadcrumb":{"@id":"https:\/\/laplandrestaurant.fi\/de\/#breadcrumb"},"inLanguage":"de","potentialAction":[{"@type":"ReadAction","target":["https:\/\/laplandrestaurant.fi\/de\/"]}]},{"@type":"BreadcrumbList","@id":"https:\/\/laplandrestaurant.fi\/de\/#breadcrumb","itemListElement":[{"@type":"ListItem","position":1,"name":"Home","item":"https:\/\/laplandrestaurant.fi\/de\/"},{"@type":"ListItem","position":2,"name":"Home"}]},{"@type":"WebSite","@id":"https:\/\/laplandrestaurant.fi\/fi\/#website","url":"https:\/\/laplandrestaurant.fi\/fi\/","name":"Lapland Restaurant Kotahovi","description":"Unique and Atmospheric Restaurant in Lapland Finland at the Acrtic Circle","potentialAction":[{"@type":"SearchAction","target":{"@type":"EntryPoint","urlTemplate":"https:\/\/laplandrestaurant.fi\/fi\/search\/{search_term_string}"},"query-input":{"@type":"PropertyValueSpecification","valueRequired":true,"valueName":"search_term_string"}}],"inLanguage":"de"}]}},"_links":{"self":[{"href":"https:\/\/laplandrestaurant.fi\/de\/wp-json\/wp\/v2\/pages\/521","targetHints":{"allow":["GET"]}}],"collection":[{"href":"https:\/\/laplandrestaurant.fi\/de\/wp-json\/wp\/v2\/pages"}],"about":[{"href":"https:\/\/laplandrestaurant.fi\/de\/wp-json\/wp\/v2\/types\/page"}],"author":[{"embeddable":true,"href":"https:\/\/laplandrestaurant.fi\/de\/wp-json\/wp\/v2\/users\/2"}],"replies":[{"embeddable":true,"href":"https:\/\/laplandrestaurant.fi\/de\/wp-json\/wp\/v2\/comments?post=521"}],"version-history":[{"count":10,"href":"https:\/\/laplandrestaurant.fi\/de\/wp-json\/wp\/v2\/pages\/521\/revisions"}],"predecessor-version":[{"id":3603,"href":"https:\/\/laplandrestaurant.fi\/de\/wp-json\/wp\/v2\/pages\/521\/revisions\/3603"}],"wp:attachment":[{"href":"https:\/\/laplandrestaurant.fi\/de\/wp-json\/wp\/v2\/media?parent=521"}],"curies":[{"name":"wp","href":"https:\/\/api.w.org\/{rel}","templated":true}]}}