{"id":514,"date":"2015-04-14T13:51:32","date_gmt":"2015-04-14T10:51:32","guid":{"rendered":"http:\/\/www.laplandrestaurant.fi\/groups-santa-claus-village-2\/"},"modified":"2025-12-15T12:01:37","modified_gmt":"2025-12-15T10:01:37","slug":"gruppen","status":"publish","type":"page","link":"https:\/\/laplandrestaurant.fi\/de\/gruppen\/","title":{"rendered":"Gruppen"},"content":{"rendered":"<h1>Gruppen<\/h1>\n<p>Aufgrund seiner optimalen Lage ist das Restaurant Kotahovi ideal f\u00fcr Mittagsessen, besonders f\u00fcr Gruppen. Ein Besuch in unserem Restaurant kann leicht mit einer Tagestour im Weihnachtsmanndorf und einem Besuch im Rentierpark verkn\u00fcpft werden. In dem exklusiven Men\u00fc ist f\u00fcr jeden etwas dabei, auch Allergien und Unvertr\u00e4glichkeiten werden beachtet.<\/p>\n<p>Das Restaurant bietet Platz f\u00fcr 50 Personen, aber wir k\u00f6nnen auch gr\u00f6\u00dfere Gruppen bedienen in dem wir die Gruppe aufteilen. W\u00e4hrend der eine Teil im Restaurant die k\u00f6stlichen Gerichte genie\u00dft, kann der andere Teil Rentierschlittenfahrten ausprobieren oder den Rentierpark besuchen, und umgekehrt.<\/p>\n<p>Es wird empfohlen eine Reservierung zu machen, per Telefon oder per E-Mail.<\/p>\n<p>Wir bedauern, Ihnen mitteilen zu m\u00fcssen, dass in unserem Restaurant<strong data-start=\"79\" data-end=\"107\"> w\u00e4hrend der Wintersaison <\/strong>keine Reservierungen m\u00f6glich sind.<\/p>\n","protected":false},"excerpt":{"rendered":"<p>Gruppen Aufgrund seiner optimalen Lage ist das Restaurant Kotahovi ideal f\u00fcr Mittagsessen, besonders f\u00fcr Gruppen. Ein Besuch in unserem Restaurant kann leicht mit einer Tagestour im Weihnachtsmanndorf und einem Besuch im Rentierpark verkn\u00fcpft werden. In dem exklusiven Men\u00fc ist f\u00fcr jeden etwas dabei, auch Allergien und Unvertr\u00e4glichkeiten werden beachtet. Das Restaurant bietet Platz f\u00fcr 50 &hellip; <a href=\"https:\/\/laplandrestaurant.fi\/de\/gruppen\/\">Continued<\/a><\/p>\n","protected":false},"author":2,"featured_media":0,"parent":0,"menu_order":0,"comment_status":"closed","ping_status":"closed","template":"","meta":{"_acf_changed":false,"footnotes":""},"class_list":["post-514","page","type-page","status-publish","hentry"],"acf":[],"yoast_head":"<!-- This site is optimized with the Yoast SEO plugin v27.3 - https:\/\/yoast.com\/product\/yoast-seo-wordpress\/ -->\n<title>Gruppen: Lappland Restaurant Kotahovi - Weihnachtsmanndorf<\/title>\n<meta name=\"description\" content=\"Gruppen: Lappland Restaurant Kotahovi - Weihnachtsmanndorf - Polarkreis - Rovaniemi - Finnland\" \/>\n<meta name=\"robots\" content=\"index, follow, max-snippet:-1, max-image-preview:large, max-video-preview:-1\" \/>\n<link rel=\"canonical\" href=\"https:\/\/laplandrestaurant.fi\/de\/gruppen\/\" \/>\n<meta property=\"og:locale\" content=\"de_DE\" \/>\n<meta property=\"og:type\" content=\"article\" \/>\n<meta property=\"og:title\" content=\"Gruppen: Lappland Restaurant Kotahovi - Weihnachtsmanndorf\" \/>\n<meta property=\"og:description\" content=\"Gruppen: Lappland Restaurant Kotahovi - Weihnachtsmanndorf - Polarkreis - Rovaniemi - Finnland\" \/>\n<meta property=\"og:url\" content=\"https:\/\/laplandrestaurant.fi\/de\/gruppen\/\" \/>\n<meta property=\"og:site_name\" content=\"Lapland Restaurant Kotahovi\" \/>\n<meta property=\"article:modified_time\" content=\"2025-12-15T10:01:37+00:00\" \/>\n<meta name=\"twitter:label1\" content=\"Gesch\u00e4tzte Lesezeit\" \/>\n\t<meta name=\"twitter:data1\" content=\"1\u00a0Minute\" \/>\n<script type=\"application\/ld+json\" class=\"yoast-schema-graph\">{\"@context\":\"https:\\\/\\\/schema.org\",\"@graph\":[{\"@type\":\"WebPage\",\"@id\":\"https:\\\/\\\/laplandrestaurant.fi\\\/de\\\/gruppen\\\/\",\"url\":\"https:\\\/\\\/laplandrestaurant.fi\\\/de\\\/gruppen\\\/\",\"name\":\"Gruppen: Lappland Restaurant Kotahovi - Weihnachtsmanndorf\",\"isPartOf\":{\"@id\":\"https:\\\/\\\/laplandrestaurant.fi\\\/fi\\\/#website\"},\"datePublished\":\"2015-04-14T10:51:32+00:00\",\"dateModified\":\"2025-12-15T10:01:37+00:00\",\"description\":\"Gruppen: Lappland Restaurant Kotahovi - Weihnachtsmanndorf - Polarkreis - Rovaniemi - Finnland\",\"breadcrumb\":{\"@id\":\"https:\\\/\\\/laplandrestaurant.fi\\\/de\\\/gruppen\\\/#breadcrumb\"},\"inLanguage\":\"de\",\"potentialAction\":[{\"@type\":\"ReadAction\",\"target\":[\"https:\\\/\\\/laplandrestaurant.fi\\\/de\\\/gruppen\\\/\"]}]},{\"@type\":\"BreadcrumbList\",\"@id\":\"https:\\\/\\\/laplandrestaurant.fi\\\/de\\\/gruppen\\\/#breadcrumb\",\"itemListElement\":[{\"@type\":\"ListItem\",\"position\":1,\"name\":\"Home\",\"item\":\"https:\\\/\\\/laplandrestaurant.fi\\\/de\\\/\"},{\"@type\":\"ListItem\",\"position\":2,\"name\":\"Gruppen\"}]},{\"@type\":\"WebSite\",\"@id\":\"https:\\\/\\\/laplandrestaurant.fi\\\/fi\\\/#website\",\"url\":\"https:\\\/\\\/laplandrestaurant.fi\\\/fi\\\/\",\"name\":\"Lapland Restaurant Kotahovi\",\"description\":\"Unique and Atmospheric Restaurant in Lapland Finland at the Acrtic Circle\",\"potentialAction\":[{\"@type\":\"SearchAction\",\"target\":{\"@type\":\"EntryPoint\",\"urlTemplate\":\"https:\\\/\\\/laplandrestaurant.fi\\\/fi\\\/search\\\/{search_term_string}\"},\"query-input\":{\"@type\":\"PropertyValueSpecification\",\"valueRequired\":true,\"valueName\":\"search_term_string\"}}],\"inLanguage\":\"de\"}]}<\/script>\n<!-- \/ Yoast SEO plugin. -->","yoast_head_json":{"title":"Gruppen: Lappland Restaurant Kotahovi - Weihnachtsmanndorf","description":"Gruppen: Lappland Restaurant Kotahovi - Weihnachtsmanndorf - Polarkreis - Rovaniemi - Finnland","robots":{"index":"index","follow":"follow","max-snippet":"max-snippet:-1","max-image-preview":"max-image-preview:large","max-video-preview":"max-video-preview:-1"},"canonical":"https:\/\/laplandrestaurant.fi\/de\/gruppen\/","og_locale":"de_DE","og_type":"article","og_title":"Gruppen: Lappland Restaurant Kotahovi - Weihnachtsmanndorf","og_description":"Gruppen: Lappland Restaurant Kotahovi - Weihnachtsmanndorf - Polarkreis - Rovaniemi - Finnland","og_url":"https:\/\/laplandrestaurant.fi\/de\/gruppen\/","og_site_name":"Lapland Restaurant Kotahovi","article_modified_time":"2025-12-15T10:01:37+00:00","twitter_misc":{"Gesch\u00e4tzte Lesezeit":"1\u00a0Minute"},"schema":{"@context":"https:\/\/schema.org","@graph":[{"@type":"WebPage","@id":"https:\/\/laplandrestaurant.fi\/de\/gruppen\/","url":"https:\/\/laplandrestaurant.fi\/de\/gruppen\/","name":"Gruppen: Lappland Restaurant Kotahovi - Weihnachtsmanndorf","isPartOf":{"@id":"https:\/\/laplandrestaurant.fi\/fi\/#website"},"datePublished":"2015-04-14T10:51:32+00:00","dateModified":"2025-12-15T10:01:37+00:00","description":"Gruppen: Lappland Restaurant Kotahovi - Weihnachtsmanndorf - Polarkreis - Rovaniemi - Finnland","breadcrumb":{"@id":"https:\/\/laplandrestaurant.fi\/de\/gruppen\/#breadcrumb"},"inLanguage":"de","potentialAction":[{"@type":"ReadAction","target":["https:\/\/laplandrestaurant.fi\/de\/gruppen\/"]}]},{"@type":"BreadcrumbList","@id":"https:\/\/laplandrestaurant.fi\/de\/gruppen\/#breadcrumb","itemListElement":[{"@type":"ListItem","position":1,"name":"Home","item":"https:\/\/laplandrestaurant.fi\/de\/"},{"@type":"ListItem","position":2,"name":"Gruppen"}]},{"@type":"WebSite","@id":"https:\/\/laplandrestaurant.fi\/fi\/#website","url":"https:\/\/laplandrestaurant.fi\/fi\/","name":"Lapland Restaurant Kotahovi","description":"Unique and Atmospheric Restaurant in Lapland Finland at the Acrtic Circle","potentialAction":[{"@type":"SearchAction","target":{"@type":"EntryPoint","urlTemplate":"https:\/\/laplandrestaurant.fi\/fi\/search\/{search_term_string}"},"query-input":{"@type":"PropertyValueSpecification","valueRequired":true,"valueName":"search_term_string"}}],"inLanguage":"de"}]}},"_links":{"self":[{"href":"https:\/\/laplandrestaurant.fi\/de\/wp-json\/wp\/v2\/pages\/514","targetHints":{"allow":["GET"]}}],"collection":[{"href":"https:\/\/laplandrestaurant.fi\/de\/wp-json\/wp\/v2\/pages"}],"about":[{"href":"https:\/\/laplandrestaurant.fi\/de\/wp-json\/wp\/v2\/types\/page"}],"author":[{"embeddable":true,"href":"https:\/\/laplandrestaurant.fi\/de\/wp-json\/wp\/v2\/users\/2"}],"replies":[{"embeddable":true,"href":"https:\/\/laplandrestaurant.fi\/de\/wp-json\/wp\/v2\/comments?post=514"}],"version-history":[{"count":7,"href":"https:\/\/laplandrestaurant.fi\/de\/wp-json\/wp\/v2\/pages\/514\/revisions"}],"predecessor-version":[{"id":3642,"href":"https:\/\/laplandrestaurant.fi\/de\/wp-json\/wp\/v2\/pages\/514\/revisions\/3642"}],"wp:attachment":[{"href":"https:\/\/laplandrestaurant.fi\/de\/wp-json\/wp\/v2\/media?parent=514"}],"curies":[{"name":"wp","href":"https:\/\/api.w.org\/{rel}","templated":true}]}}