{"id":512,"date":"2015-04-14T13:51:32","date_gmt":"2015-04-14T10:51:32","guid":{"rendered":"http:\/\/www.laplandrestaurant.fi\/opening-hours-2\/"},"modified":"2025-12-15T11:49:58","modified_gmt":"2025-12-15T09:49:58","slug":"offnungszeiten","status":"publish","type":"page","link":"https:\/\/laplandrestaurant.fi\/de\/offnungszeiten\/","title":{"rendered":"\u00d6ffnungszeiten"},"content":{"rendered":"<h1><a href=\"https:\/\/laplandrestaurant.fi\/wp-content\/uploads\/2015\/04\/DSC00086-kotahovi-low-res.jpg\"><\/a>\u00d6ffnungszeiten<\/h1>\n<ul>\n<li><strong>1.3. &#8211; 30.4.2025:<\/strong> Ge\u00f6ffnet <strong>Montag bis Freitag von 12.00 bis 17.00 Uhr<\/strong>, die K\u00fcche schlie\u00dft um 16.30 Uhr<br \/>\nAchtung! Kotahovi ist <strong>an Ostern<\/strong>, vom 18. bis 21. April 2025, <strong>geschlossen<\/strong>.<\/li>\n<li><strong data-start=\"263\" data-end=\"284\">2.6. \u2013 31.8.2025:<\/strong> Ge\u00f6ffnet <strong data-start=\"294\" data-end=\"340\">Montag bis Freitag von 11.00 bis 16.00 Uhr<\/strong>, K\u00fcche schlie\u00dft um 15:30 Uhr.<br \/>\n(20.\u201329. Juni 2025 wegen Sommerpause geschlossen)<\/li>\n<li><strong>September: Geschlossen<\/strong><\/li>\n<li><strong data-start=\"456\" data-end=\"479\">1.10. \u2013 30.11.2025:<\/strong> Ge\u00f6ffnet <strong data-start=\"489\" data-end=\"535\">Montag bis Freitag von 12.00 bis 17.00 Uhr<\/strong>, K\u00fcche schlie\u00dft um 16:30 Uhr.<\/li>\n<li><strong data-start=\"567\" data-end=\"593\">1.12.2025 \u2013 31.1.2026:<\/strong> <strong data-start=\"594\" data-end=\"638\">T\u00e4glich ge\u00f6ffnet von 12.00 bis 17.00 Uhr<\/strong>, K\u00fcche schlie\u00dft um 16:30 Uhr.<\/li>\n<li><span><strong>24.12.2025: Von 12:00 bis 15:00,<\/strong> die K\u00fcche schlie\u00dft um 14:30 Uhr.<\/span><\/li>\n<li><strong data-start=\"670\" data-end=\"691\">1.2. \u2013 31.3.2026:<\/strong> Ge\u00f6ffnet <strong data-start=\"701\" data-end=\"747\">Montag bis Samstag von 12.00 bis 17.00 Uhr<\/strong>, K\u00fcche schlie\u00dft um 16:30 Uhr.<\/li>\n<li><strong data-start=\"779\" data-end=\"798\">1. \u2013 30.4.2026:<\/strong> Ge\u00f6ffnet <strong data-start=\"808\" data-end=\"854\">Montag bis Freitag von 11.00 bis 16.00 Uhr<\/strong>, K\u00fcche schlie\u00dft um 15:30 Uhr.<\/li>\n<\/ul>\n<p>Wir weisen Sie freundlich darauf hin, dass wir keine alkoholischen Getr\u00e4nke anbieten.<\/p>\n<p>Herzlich willkommen!<\/p>\n","protected":false},"excerpt":{"rendered":"<p>\u00d6ffnungszeiten 1.3. &#8211; 30.4.2025: Ge\u00f6ffnet Montag bis Freitag von 12.00 bis 17.00 Uhr, die K\u00fcche schlie\u00dft um 16.30 Uhr Achtung! Kotahovi ist an Ostern, vom 18. bis 21. April 2025, geschlossen. 2.6. \u2013 31.8.2025: Ge\u00f6ffnet Montag bis Freitag von 11.00 bis 16.00 Uhr, K\u00fcche schlie\u00dft um 15:30 Uhr. (20.\u201329. Juni 2025 wegen Sommerpause geschlossen) September: &hellip; <a href=\"https:\/\/laplandrestaurant.fi\/de\/offnungszeiten\/\">Continued<\/a><\/p>\n","protected":false},"author":2,"featured_media":0,"parent":0,"menu_order":0,"comment_status":"closed","ping_status":"closed","template":"","meta":{"_acf_changed":false,"footnotes":""},"class_list":["post-512","page","type-page","status-publish","hentry"],"acf":[],"yoast_head":"<!-- This site is optimized with the Yoast SEO plugin v27.3 - https:\/\/yoast.com\/product\/yoast-seo-wordpress\/ -->\n<title>\u00d6ffnungszeiten - Lapland Restaurant Kotahovi<\/title>\n<meta name=\"robots\" content=\"index, follow, max-snippet:-1, max-image-preview:large, max-video-preview:-1\" \/>\n<link rel=\"canonical\" href=\"https:\/\/laplandrestaurant.fi\/de\/offnungszeiten\/\" \/>\n<meta property=\"og:locale\" content=\"de_DE\" \/>\n<meta property=\"og:type\" content=\"article\" \/>\n<meta property=\"og:title\" content=\"\u00d6ffnungszeiten - Lapland Restaurant Kotahovi\" \/>\n<meta property=\"og:description\" content=\"\u00d6ffnungszeiten 1.3. &#8211; 30.4.2025: Ge\u00f6ffnet Montag bis Freitag von 12.00 bis 17.00 Uhr, die K\u00fcche schlie\u00dft um 16.30 Uhr Achtung! Kotahovi ist an Ostern, vom 18. bis 21. April 2025, geschlossen. 2.6. \u2013 31.8.2025: Ge\u00f6ffnet Montag bis Freitag von 11.00 bis 16.00 Uhr, K\u00fcche schlie\u00dft um 15:30 Uhr. (20.\u201329. Juni 2025 wegen Sommerpause geschlossen) September: &hellip; Continued\" \/>\n<meta property=\"og:url\" content=\"https:\/\/laplandrestaurant.fi\/de\/offnungszeiten\/\" \/>\n<meta property=\"og:site_name\" content=\"Lapland Restaurant Kotahovi\" \/>\n<meta property=\"article:modified_time\" content=\"2025-12-15T09:49:58+00:00\" \/>\n<meta name=\"twitter:label1\" content=\"Gesch\u00e4tzte Lesezeit\" \/>\n\t<meta name=\"twitter:data1\" content=\"1\u00a0Minute\" \/>\n<script type=\"application\/ld+json\" class=\"yoast-schema-graph\">{\"@context\":\"https:\\\/\\\/schema.org\",\"@graph\":[{\"@type\":\"WebPage\",\"@id\":\"https:\\\/\\\/laplandrestaurant.fi\\\/de\\\/offnungszeiten\\\/\",\"url\":\"https:\\\/\\\/laplandrestaurant.fi\\\/de\\\/offnungszeiten\\\/\",\"name\":\"\u00d6ffnungszeiten - Lapland Restaurant Kotahovi\",\"isPartOf\":{\"@id\":\"https:\\\/\\\/laplandrestaurant.fi\\\/fi\\\/#website\"},\"datePublished\":\"2015-04-14T10:51:32+00:00\",\"dateModified\":\"2025-12-15T09:49:58+00:00\",\"breadcrumb\":{\"@id\":\"https:\\\/\\\/laplandrestaurant.fi\\\/de\\\/offnungszeiten\\\/#breadcrumb\"},\"inLanguage\":\"de\",\"potentialAction\":[{\"@type\":\"ReadAction\",\"target\":[\"https:\\\/\\\/laplandrestaurant.fi\\\/de\\\/offnungszeiten\\\/\"]}]},{\"@type\":\"BreadcrumbList\",\"@id\":\"https:\\\/\\\/laplandrestaurant.fi\\\/de\\\/offnungszeiten\\\/#breadcrumb\",\"itemListElement\":[{\"@type\":\"ListItem\",\"position\":1,\"name\":\"Home\",\"item\":\"https:\\\/\\\/laplandrestaurant.fi\\\/de\\\/\"},{\"@type\":\"ListItem\",\"position\":2,\"name\":\"\u00d6ffnungszeiten\"}]},{\"@type\":\"WebSite\",\"@id\":\"https:\\\/\\\/laplandrestaurant.fi\\\/fi\\\/#website\",\"url\":\"https:\\\/\\\/laplandrestaurant.fi\\\/fi\\\/\",\"name\":\"Lapland Restaurant Kotahovi\",\"description\":\"Unique and Atmospheric Restaurant in Lapland Finland at the Acrtic Circle\",\"potentialAction\":[{\"@type\":\"SearchAction\",\"target\":{\"@type\":\"EntryPoint\",\"urlTemplate\":\"https:\\\/\\\/laplandrestaurant.fi\\\/fi\\\/search\\\/{search_term_string}\"},\"query-input\":{\"@type\":\"PropertyValueSpecification\",\"valueRequired\":true,\"valueName\":\"search_term_string\"}}],\"inLanguage\":\"de\"}]}<\/script>\n<!-- \/ Yoast SEO plugin. -->","yoast_head_json":{"title":"\u00d6ffnungszeiten - Lapland Restaurant Kotahovi","robots":{"index":"index","follow":"follow","max-snippet":"max-snippet:-1","max-image-preview":"max-image-preview:large","max-video-preview":"max-video-preview:-1"},"canonical":"https:\/\/laplandrestaurant.fi\/de\/offnungszeiten\/","og_locale":"de_DE","og_type":"article","og_title":"\u00d6ffnungszeiten - Lapland Restaurant Kotahovi","og_description":"\u00d6ffnungszeiten 1.3. &#8211; 30.4.2025: Ge\u00f6ffnet Montag bis Freitag von 12.00 bis 17.00 Uhr, die K\u00fcche schlie\u00dft um 16.30 Uhr Achtung! Kotahovi ist an Ostern, vom 18. bis 21. April 2025, geschlossen. 2.6. \u2013 31.8.2025: Ge\u00f6ffnet Montag bis Freitag von 11.00 bis 16.00 Uhr, K\u00fcche schlie\u00dft um 15:30 Uhr. (20.\u201329. Juni 2025 wegen Sommerpause geschlossen) September: &hellip; Continued","og_url":"https:\/\/laplandrestaurant.fi\/de\/offnungszeiten\/","og_site_name":"Lapland Restaurant Kotahovi","article_modified_time":"2025-12-15T09:49:58+00:00","twitter_misc":{"Gesch\u00e4tzte Lesezeit":"1\u00a0Minute"},"schema":{"@context":"https:\/\/schema.org","@graph":[{"@type":"WebPage","@id":"https:\/\/laplandrestaurant.fi\/de\/offnungszeiten\/","url":"https:\/\/laplandrestaurant.fi\/de\/offnungszeiten\/","name":"\u00d6ffnungszeiten - Lapland Restaurant Kotahovi","isPartOf":{"@id":"https:\/\/laplandrestaurant.fi\/fi\/#website"},"datePublished":"2015-04-14T10:51:32+00:00","dateModified":"2025-12-15T09:49:58+00:00","breadcrumb":{"@id":"https:\/\/laplandrestaurant.fi\/de\/offnungszeiten\/#breadcrumb"},"inLanguage":"de","potentialAction":[{"@type":"ReadAction","target":["https:\/\/laplandrestaurant.fi\/de\/offnungszeiten\/"]}]},{"@type":"BreadcrumbList","@id":"https:\/\/laplandrestaurant.fi\/de\/offnungszeiten\/#breadcrumb","itemListElement":[{"@type":"ListItem","position":1,"name":"Home","item":"https:\/\/laplandrestaurant.fi\/de\/"},{"@type":"ListItem","position":2,"name":"\u00d6ffnungszeiten"}]},{"@type":"WebSite","@id":"https:\/\/laplandrestaurant.fi\/fi\/#website","url":"https:\/\/laplandrestaurant.fi\/fi\/","name":"Lapland Restaurant Kotahovi","description":"Unique and Atmospheric Restaurant in Lapland Finland at the Acrtic Circle","potentialAction":[{"@type":"SearchAction","target":{"@type":"EntryPoint","urlTemplate":"https:\/\/laplandrestaurant.fi\/fi\/search\/{search_term_string}"},"query-input":{"@type":"PropertyValueSpecification","valueRequired":true,"valueName":"search_term_string"}}],"inLanguage":"de"}]}},"_links":{"self":[{"href":"https:\/\/laplandrestaurant.fi\/de\/wp-json\/wp\/v2\/pages\/512","targetHints":{"allow":["GET"]}}],"collection":[{"href":"https:\/\/laplandrestaurant.fi\/de\/wp-json\/wp\/v2\/pages"}],"about":[{"href":"https:\/\/laplandrestaurant.fi\/de\/wp-json\/wp\/v2\/types\/page"}],"author":[{"embeddable":true,"href":"https:\/\/laplandrestaurant.fi\/de\/wp-json\/wp\/v2\/users\/2"}],"replies":[{"embeddable":true,"href":"https:\/\/laplandrestaurant.fi\/de\/wp-json\/wp\/v2\/comments?post=512"}],"version-history":[{"count":9,"href":"https:\/\/laplandrestaurant.fi\/de\/wp-json\/wp\/v2\/pages\/512\/revisions"}],"predecessor-version":[{"id":3635,"href":"https:\/\/laplandrestaurant.fi\/de\/wp-json\/wp\/v2\/pages\/512\/revisions\/3635"}],"wp:attachment":[{"href":"https:\/\/laplandrestaurant.fi\/de\/wp-json\/wp\/v2\/media?parent=512"}],"curies":[{"name":"wp","href":"https:\/\/api.w.org\/{rel}","templated":true}]}}