{"id":504,"date":"2015-04-14T13:51:33","date_gmt":"2015-04-14T10:51:33","guid":{"rendered":"http:\/\/www.laplandrestaurant.fi\/restaurant-rovaniemi-2\/"},"modified":"2024-11-17T12:39:58","modified_gmt":"2024-11-17T10:39:58","slug":"lappland-restaurant-rovaniemi-weihnachtsmanndorf","status":"publish","type":"page","link":"https:\/\/laplandrestaurant.fi\/de\/lappland-restaurant-rovaniemi-weihnachtsmanndorf\/","title":{"rendered":"Restaurant"},"content":{"rendered":"<h1>Lappland Restaurant Kotahovi im Weihnachtsmanndorf in Rovaniemi in Finnland<\/h1>\n<p>Das Lapland Restaurant Kotahovi wurde 2015 im Weihnachtsmanndorf er\u00f6ffnet. Das Restaurant und der nahe gelegene Rentierpark Santa Claus Reindeer geh\u00f6ren der Familie K\u00f6rkk\u00f6, welche seit dem 19. Jahrhundert Rentiere h\u00fcten.<\/p>\n<p>Das einzigartige Design des Restaurants symbolisiert eine typische Lappische H\u00fctte, die ihr auch ihren finnischen Namen Kotahovi gibt. Das Restaurant Kotahovi will jedem Besucher die M\u00f6glichkeit bieten, k\u00f6stliche, traditionelle lappische und finnische Gerichte in gem\u00fctlichem Milieu zu genie\u00dfen. Wie in einer typischen Lappischen H\u00fctte, hat das Restaurant Kotahovi auch ein idyllisches Feuer in der Mitte, umgeben von 50 Sitzpl\u00e4tzen f\u00fcr Besucher.<\/p>\n<p>Die einzigartige Stimmung ist nicht nur durch das traditionelle Design und die lokalen, handgemachten Dekorationen geboten, sondern auch durch die sch\u00f6ne umgebende Landschaft. Das Restaurant serviert Drei-G\u00e4nge-Men\u00fcs mit beispielsweise Rentierfleisch, Lachs, lokalen Pilzen, Beeren und Kr\u00e4utern.<\/p>\n<p>Unsere Speisekarte finden Sie <a href=\"https:\/\/laplandrestaurant.fi\/wp-content\/uploads\/Menu-Eng.-2024.pdf\"><strong>HIER<\/strong><\/a>.<\/p>\n<p>Wir bedauern, Ihnen mitteilen zu m\u00fcssen, dass in unserem Restaurant von November bis Februar keine Reservierungen m\u00f6glich sind<\/p>\n<p><strong>Lapland Restaurant Kotahovi<\/strong><br \/>\nJoulumaantie 13<br \/>\nSanta Claus Village<br \/>\n96930 Napapiiri Arctic Circle<br \/>\nFINNLAND<\/p>\n<p>Tel: +358 40 8340 900<br \/>\n<a href=\"mailto:contact@laplandrestaurant.fi\">contact@laplandrestaurant.fi<\/a><\/p>\n","protected":false},"excerpt":{"rendered":"<p>Lappland Restaurant Kotahovi im Weihnachtsmanndorf in Rovaniemi in Finnland Das Lapland Restaurant Kotahovi wurde 2015 im Weihnachtsmanndorf er\u00f6ffnet. Das Restaurant und der nahe gelegene Rentierpark Santa Claus Reindeer geh\u00f6ren der Familie K\u00f6rkk\u00f6, welche seit dem 19. Jahrhundert Rentiere h\u00fcten. Das einzigartige Design des Restaurants symbolisiert eine typische Lappische H\u00fctte, die ihr auch ihren finnischen Namen &hellip; <a href=\"https:\/\/laplandrestaurant.fi\/de\/lappland-restaurant-rovaniemi-weihnachtsmanndorf\/\">Continued<\/a><\/p>\n","protected":false},"author":2,"featured_media":0,"parent":0,"menu_order":0,"comment_status":"closed","ping_status":"closed","template":"","meta":{"_acf_changed":false,"footnotes":""},"class_list":["post-504","page","type-page","status-publish","hentry"],"acf":[],"yoast_head":"<!-- This site is optimized with the Yoast SEO plugin v27.3 - https:\/\/yoast.com\/product\/yoast-seo-wordpress\/ -->\n<title>Lappland Restaurant Kotahovi in Rovaniemi in Finnland<\/title>\n<meta name=\"description\" content=\"Lappland Restaurant Kotahovi in Rovaniemi in Finnland - Polarkreiss - Weihnachtsmanndorf\" \/>\n<meta name=\"robots\" content=\"index, follow, max-snippet:-1, max-image-preview:large, max-video-preview:-1\" \/>\n<link rel=\"canonical\" href=\"https:\/\/laplandrestaurant.fi\/de\/lappland-restaurant-rovaniemi-weihnachtsmanndorf\/\" \/>\n<meta property=\"og:locale\" content=\"de_DE\" \/>\n<meta property=\"og:type\" content=\"article\" \/>\n<meta property=\"og:title\" content=\"Lappland Restaurant Kotahovi in Rovaniemi in Finnland\" \/>\n<meta property=\"og:description\" content=\"Lappland Restaurant Kotahovi in Rovaniemi in Finnland - Polarkreiss - Weihnachtsmanndorf\" \/>\n<meta property=\"og:url\" content=\"https:\/\/laplandrestaurant.fi\/de\/lappland-restaurant-rovaniemi-weihnachtsmanndorf\/\" \/>\n<meta property=\"og:site_name\" content=\"Lapland Restaurant Kotahovi\" \/>\n<meta property=\"article:modified_time\" content=\"2024-11-17T10:39:58+00:00\" \/>\n<meta name=\"twitter:label1\" content=\"Gesch\u00e4tzte Lesezeit\" \/>\n\t<meta name=\"twitter:data1\" content=\"1\u00a0Minute\" \/>\n<script type=\"application\/ld+json\" class=\"yoast-schema-graph\">{\"@context\":\"https:\\\/\\\/schema.org\",\"@graph\":[{\"@type\":\"WebPage\",\"@id\":\"https:\\\/\\\/laplandrestaurant.fi\\\/de\\\/lappland-restaurant-rovaniemi-weihnachtsmanndorf\\\/\",\"url\":\"https:\\\/\\\/laplandrestaurant.fi\\\/de\\\/lappland-restaurant-rovaniemi-weihnachtsmanndorf\\\/\",\"name\":\"Lappland Restaurant Kotahovi in Rovaniemi in Finnland\",\"isPartOf\":{\"@id\":\"https:\\\/\\\/laplandrestaurant.fi\\\/fi\\\/#website\"},\"datePublished\":\"2015-04-14T10:51:33+00:00\",\"dateModified\":\"2024-11-17T10:39:58+00:00\",\"description\":\"Lappland Restaurant Kotahovi in Rovaniemi in Finnland - Polarkreiss - Weihnachtsmanndorf\",\"breadcrumb\":{\"@id\":\"https:\\\/\\\/laplandrestaurant.fi\\\/de\\\/lappland-restaurant-rovaniemi-weihnachtsmanndorf\\\/#breadcrumb\"},\"inLanguage\":\"de\",\"potentialAction\":[{\"@type\":\"ReadAction\",\"target\":[\"https:\\\/\\\/laplandrestaurant.fi\\\/de\\\/lappland-restaurant-rovaniemi-weihnachtsmanndorf\\\/\"]}]},{\"@type\":\"BreadcrumbList\",\"@id\":\"https:\\\/\\\/laplandrestaurant.fi\\\/de\\\/lappland-restaurant-rovaniemi-weihnachtsmanndorf\\\/#breadcrumb\",\"itemListElement\":[{\"@type\":\"ListItem\",\"position\":1,\"name\":\"Home\",\"item\":\"https:\\\/\\\/laplandrestaurant.fi\\\/de\\\/\"},{\"@type\":\"ListItem\",\"position\":2,\"name\":\"Restaurant\"}]},{\"@type\":\"WebSite\",\"@id\":\"https:\\\/\\\/laplandrestaurant.fi\\\/fi\\\/#website\",\"url\":\"https:\\\/\\\/laplandrestaurant.fi\\\/fi\\\/\",\"name\":\"Lapland Restaurant Kotahovi\",\"description\":\"Unique and Atmospheric Restaurant in Lapland Finland at the Acrtic Circle\",\"potentialAction\":[{\"@type\":\"SearchAction\",\"target\":{\"@type\":\"EntryPoint\",\"urlTemplate\":\"https:\\\/\\\/laplandrestaurant.fi\\\/fi\\\/search\\\/{search_term_string}\"},\"query-input\":{\"@type\":\"PropertyValueSpecification\",\"valueRequired\":true,\"valueName\":\"search_term_string\"}}],\"inLanguage\":\"de\"}]}<\/script>\n<!-- \/ Yoast SEO plugin. -->","yoast_head_json":{"title":"Lappland Restaurant Kotahovi in Rovaniemi in Finnland","description":"Lappland Restaurant Kotahovi in Rovaniemi in Finnland - Polarkreiss - Weihnachtsmanndorf","robots":{"index":"index","follow":"follow","max-snippet":"max-snippet:-1","max-image-preview":"max-image-preview:large","max-video-preview":"max-video-preview:-1"},"canonical":"https:\/\/laplandrestaurant.fi\/de\/lappland-restaurant-rovaniemi-weihnachtsmanndorf\/","og_locale":"de_DE","og_type":"article","og_title":"Lappland Restaurant Kotahovi in Rovaniemi in Finnland","og_description":"Lappland Restaurant Kotahovi in Rovaniemi in Finnland - Polarkreiss - Weihnachtsmanndorf","og_url":"https:\/\/laplandrestaurant.fi\/de\/lappland-restaurant-rovaniemi-weihnachtsmanndorf\/","og_site_name":"Lapland Restaurant Kotahovi","article_modified_time":"2024-11-17T10:39:58+00:00","twitter_misc":{"Gesch\u00e4tzte Lesezeit":"1\u00a0Minute"},"schema":{"@context":"https:\/\/schema.org","@graph":[{"@type":"WebPage","@id":"https:\/\/laplandrestaurant.fi\/de\/lappland-restaurant-rovaniemi-weihnachtsmanndorf\/","url":"https:\/\/laplandrestaurant.fi\/de\/lappland-restaurant-rovaniemi-weihnachtsmanndorf\/","name":"Lappland Restaurant Kotahovi in Rovaniemi in Finnland","isPartOf":{"@id":"https:\/\/laplandrestaurant.fi\/fi\/#website"},"datePublished":"2015-04-14T10:51:33+00:00","dateModified":"2024-11-17T10:39:58+00:00","description":"Lappland Restaurant Kotahovi in Rovaniemi in Finnland - Polarkreiss - Weihnachtsmanndorf","breadcrumb":{"@id":"https:\/\/laplandrestaurant.fi\/de\/lappland-restaurant-rovaniemi-weihnachtsmanndorf\/#breadcrumb"},"inLanguage":"de","potentialAction":[{"@type":"ReadAction","target":["https:\/\/laplandrestaurant.fi\/de\/lappland-restaurant-rovaniemi-weihnachtsmanndorf\/"]}]},{"@type":"BreadcrumbList","@id":"https:\/\/laplandrestaurant.fi\/de\/lappland-restaurant-rovaniemi-weihnachtsmanndorf\/#breadcrumb","itemListElement":[{"@type":"ListItem","position":1,"name":"Home","item":"https:\/\/laplandrestaurant.fi\/de\/"},{"@type":"ListItem","position":2,"name":"Restaurant"}]},{"@type":"WebSite","@id":"https:\/\/laplandrestaurant.fi\/fi\/#website","url":"https:\/\/laplandrestaurant.fi\/fi\/","name":"Lapland Restaurant Kotahovi","description":"Unique and Atmospheric Restaurant in Lapland Finland at the Acrtic Circle","potentialAction":[{"@type":"SearchAction","target":{"@type":"EntryPoint","urlTemplate":"https:\/\/laplandrestaurant.fi\/fi\/search\/{search_term_string}"},"query-input":{"@type":"PropertyValueSpecification","valueRequired":true,"valueName":"search_term_string"}}],"inLanguage":"de"}]}},"_links":{"self":[{"href":"https:\/\/laplandrestaurant.fi\/de\/wp-json\/wp\/v2\/pages\/504","targetHints":{"allow":["GET"]}}],"collection":[{"href":"https:\/\/laplandrestaurant.fi\/de\/wp-json\/wp\/v2\/pages"}],"about":[{"href":"https:\/\/laplandrestaurant.fi\/de\/wp-json\/wp\/v2\/types\/page"}],"author":[{"embeddable":true,"href":"https:\/\/laplandrestaurant.fi\/de\/wp-json\/wp\/v2\/users\/2"}],"replies":[{"embeddable":true,"href":"https:\/\/laplandrestaurant.fi\/de\/wp-json\/wp\/v2\/comments?post=504"}],"version-history":[{"count":8,"href":"https:\/\/laplandrestaurant.fi\/de\/wp-json\/wp\/v2\/pages\/504\/revisions"}],"predecessor-version":[{"id":3475,"href":"https:\/\/laplandrestaurant.fi\/de\/wp-json\/wp\/v2\/pages\/504\/revisions\/3475"}],"wp:attachment":[{"href":"https:\/\/laplandrestaurant.fi\/de\/wp-json\/wp\/v2\/media?parent=504"}],"curies":[{"name":"wp","href":"https:\/\/api.w.org\/{rel}","templated":true}]}}