{"id":2187,"date":"2022-03-28T14:02:46","date_gmt":"2022-03-28T11:02:46","guid":{"rendered":"https:\/\/www.laplandrestaurant.fi\/?page_id=2187"},"modified":"2023-09-07T13:25:01","modified_gmt":"2023-09-07T10:25:01","slug":"unsere-teilnahme-an-dem-programm-sustainable-travel-finland","status":"publish","type":"page","link":"https:\/\/laplandrestaurant.fi\/de\/unsere-teilnahme-an-dem-programm-sustainable-travel-finland\/","title":{"rendered":"Unsere Teilnahme an dem Programm Sustainable Travel Finland"},"content":{"rendered":"<p style=\"text-align: center;\"><span style=\"font-weight: 400;\"><\/span><\/p>\n<h3 style=\"text-align: center;\"><strong>Unsere Teilnahme an dem Programm Sustainable Travel Finland<\/strong><\/h3>\n<p>&nbsp;<\/p>\n<p style=\"text-align: left;\"><span style=\"font-weight: 400;\">Unsere Firma Santa Claus Reindeer Oy beinhaltet den Rentierpark Santa Claus Reindeer, das Haus der Weihnachtsfrau und das Lappische Restaurant Kotahovi. Santa Claus Reindeer Oy hat sich zum Ziel gesetzt seine Nachhaltigkeit zu verbessern und deshalb nimmt die Firma in dem Programm <a href=\"https:\/\/www.visitfinland.fi\/en\/liiketoiminnan-kehittaminen\/vastuullinen-matkailu\/sustainable-travel-finland\"><strong>Sustainable Travel Finland<\/strong><\/a>\u00a0teil. Das Programm unterst\u00fctzt Finnische Tourismusunternehmen nachhaltiger und \u00f6kologischer zu werden und daher die Entwicklung des nachhaltigen Tourismus in Finnland voranzubringen.<\/span><\/p>\n<p style=\"text-align: left;\"><span style=\"font-weight: 400;\">Es war leicht sich f\u00fcr die Ziele und Werte des Programms zu verpflichten, weil wir nicht nur \u00f6kologisch sein, sondern auch das kulturelle Erbe Lapplands, besonders die Lappische Esskultur, bewahren und beleben m\u00f6chten. Aus diesem Grund sind wir Stolz seit Fr\u00fchling 2020 das Programm in unserer Firma gestartet zu haben und so unsere Nachhaltigkeit voranzutreiben.<\/span><\/p>\n<p style=\"text-align: left;\"><span style=\"font-weight: 400;\">Unsere Hauptzielsetzungen sind die verst\u00e4rkte Nutzung lokaler und saisonaler Zutaten in unserem Restaurant, Lebensmittelverschwendung im Allgemeinen zu reduzieren und die Nahrungsmittelunvertr\u00e4glichkeiten sowie auch die besonderen Ern\u00e4hrungsbed\u00fcrfnisse unserer Kunden zu ber\u00fccksichtigen. Wir wollen in allen Bereichen, wie zum Beispiel beim Kochen, Recycling, Wasserverbrauch, Heizung und Stromverbrauch, \u00f6kologischer werden.\u00a0<\/span><\/p>\n<p style=\"text-align: left;\"><span style=\"font-weight: 400;\">F\u00fcr uns ist es essentiell dass jeder Besucher sich willkommen f\u00fchlt, unabh\u00e4ngig von Alter, Nahrungmittelunvertr\u00e4glichkeiten oder anderen speziellen Bed\u00fcrfnissen. Wir stellen sicher, dass unser Restaurant barrierefrei f\u00fcr alle unsere G\u00e4ste ist.<\/span><\/p>\n<p style=\"text-align: left;\"><span style=\"font-weight: 400;\">Falls sie noch an weiteren Information bez\u00fcglich unseres Nachhaltigkeitsprogramms interessiert sind, fragen sie einfach unsere Mitarbeiter oder schreiben sie uns eine E-Mail.<\/span><\/p>\n","protected":false},"excerpt":{"rendered":"<p>Unsere Teilnahme an dem Programm Sustainable Travel Finland &nbsp; Unsere Firma Santa Claus Reindeer Oy beinhaltet den Rentierpark Santa Claus Reindeer, das Haus der Weihnachtsfrau und das Lappische Restaurant Kotahovi. Santa Claus Reindeer Oy hat sich zum Ziel gesetzt seine Nachhaltigkeit zu verbessern und deshalb nimmt die Firma in dem Programm Sustainable Travel Finland\u00a0teil. Das &hellip; <a href=\"https:\/\/laplandrestaurant.fi\/de\/unsere-teilnahme-an-dem-programm-sustainable-travel-finland\/\">Continued<\/a><\/p>\n","protected":false},"author":9,"featured_media":0,"parent":0,"menu_order":0,"comment_status":"closed","ping_status":"closed","template":"","meta":{"_acf_changed":false,"footnotes":""},"class_list":["post-2187","page","type-page","status-publish","hentry"],"acf":[],"yoast_head":"<!-- This site is optimized with the Yoast SEO plugin v27.3 - https:\/\/yoast.com\/product\/yoast-seo-wordpress\/ -->\n<title>Unsere Teilnahme an dem Programm Sustainable Travel Finland - Lapland Restaurant Kotahovi<\/title>\n<meta name=\"robots\" content=\"index, follow, max-snippet:-1, max-image-preview:large, max-video-preview:-1\" \/>\n<link rel=\"canonical\" href=\"https:\/\/laplandrestaurant.fi\/de\/unsere-teilnahme-an-dem-programm-sustainable-travel-finland\/\" \/>\n<meta property=\"og:locale\" content=\"de_DE\" \/>\n<meta property=\"og:type\" content=\"article\" \/>\n<meta property=\"og:title\" content=\"Unsere Teilnahme an dem Programm Sustainable Travel Finland - Lapland Restaurant Kotahovi\" \/>\n<meta property=\"og:description\" content=\"Unsere Teilnahme an dem Programm Sustainable Travel Finland &nbsp; Unsere Firma Santa Claus Reindeer Oy beinhaltet den Rentierpark Santa Claus Reindeer, das Haus der Weihnachtsfrau und das Lappische Restaurant Kotahovi. Santa Claus Reindeer Oy hat sich zum Ziel gesetzt seine Nachhaltigkeit zu verbessern und deshalb nimmt die Firma in dem Programm Sustainable Travel Finland\u00a0teil. Das &hellip; Continued\" \/>\n<meta property=\"og:url\" content=\"https:\/\/laplandrestaurant.fi\/de\/unsere-teilnahme-an-dem-programm-sustainable-travel-finland\/\" \/>\n<meta property=\"og:site_name\" content=\"Lapland Restaurant Kotahovi\" \/>\n<meta property=\"article:modified_time\" content=\"2023-09-07T10:25:01+00:00\" \/>\n<meta name=\"twitter:label1\" content=\"Gesch\u00e4tzte Lesezeit\" \/>\n\t<meta name=\"twitter:data1\" content=\"2\u00a0Minuten\" \/>\n<script type=\"application\/ld+json\" class=\"yoast-schema-graph\">{\"@context\":\"https:\\\/\\\/schema.org\",\"@graph\":[{\"@type\":\"WebPage\",\"@id\":\"https:\\\/\\\/laplandrestaurant.fi\\\/de\\\/unsere-teilnahme-an-dem-programm-sustainable-travel-finland\\\/\",\"url\":\"https:\\\/\\\/laplandrestaurant.fi\\\/de\\\/unsere-teilnahme-an-dem-programm-sustainable-travel-finland\\\/\",\"name\":\"Unsere Teilnahme an dem Programm Sustainable Travel Finland - Lapland Restaurant Kotahovi\",\"isPartOf\":{\"@id\":\"https:\\\/\\\/laplandrestaurant.fi\\\/fi\\\/#website\"},\"datePublished\":\"2022-03-28T11:02:46+00:00\",\"dateModified\":\"2023-09-07T10:25:01+00:00\",\"breadcrumb\":{\"@id\":\"https:\\\/\\\/laplandrestaurant.fi\\\/de\\\/unsere-teilnahme-an-dem-programm-sustainable-travel-finland\\\/#breadcrumb\"},\"inLanguage\":\"de\",\"potentialAction\":[{\"@type\":\"ReadAction\",\"target\":[\"https:\\\/\\\/laplandrestaurant.fi\\\/de\\\/unsere-teilnahme-an-dem-programm-sustainable-travel-finland\\\/\"]}]},{\"@type\":\"BreadcrumbList\",\"@id\":\"https:\\\/\\\/laplandrestaurant.fi\\\/de\\\/unsere-teilnahme-an-dem-programm-sustainable-travel-finland\\\/#breadcrumb\",\"itemListElement\":[{\"@type\":\"ListItem\",\"position\":1,\"name\":\"Home\",\"item\":\"https:\\\/\\\/laplandrestaurant.fi\\\/de\\\/\"},{\"@type\":\"ListItem\",\"position\":2,\"name\":\"Unsere Teilnahme an dem Programm Sustainable Travel Finland\"}]},{\"@type\":\"WebSite\",\"@id\":\"https:\\\/\\\/laplandrestaurant.fi\\\/fi\\\/#website\",\"url\":\"https:\\\/\\\/laplandrestaurant.fi\\\/fi\\\/\",\"name\":\"Lapland Restaurant Kotahovi\",\"description\":\"Unique and Atmospheric Restaurant in Lapland Finland at the Acrtic Circle\",\"potentialAction\":[{\"@type\":\"SearchAction\",\"target\":{\"@type\":\"EntryPoint\",\"urlTemplate\":\"https:\\\/\\\/laplandrestaurant.fi\\\/fi\\\/search\\\/{search_term_string}\"},\"query-input\":{\"@type\":\"PropertyValueSpecification\",\"valueRequired\":true,\"valueName\":\"search_term_string\"}}],\"inLanguage\":\"de\"}]}<\/script>\n<!-- \/ Yoast SEO plugin. -->","yoast_head_json":{"title":"Unsere Teilnahme an dem Programm Sustainable Travel Finland - Lapland Restaurant Kotahovi","robots":{"index":"index","follow":"follow","max-snippet":"max-snippet:-1","max-image-preview":"max-image-preview:large","max-video-preview":"max-video-preview:-1"},"canonical":"https:\/\/laplandrestaurant.fi\/de\/unsere-teilnahme-an-dem-programm-sustainable-travel-finland\/","og_locale":"de_DE","og_type":"article","og_title":"Unsere Teilnahme an dem Programm Sustainable Travel Finland - Lapland Restaurant Kotahovi","og_description":"Unsere Teilnahme an dem Programm Sustainable Travel Finland &nbsp; Unsere Firma Santa Claus Reindeer Oy beinhaltet den Rentierpark Santa Claus Reindeer, das Haus der Weihnachtsfrau und das Lappische Restaurant Kotahovi. Santa Claus Reindeer Oy hat sich zum Ziel gesetzt seine Nachhaltigkeit zu verbessern und deshalb nimmt die Firma in dem Programm Sustainable Travel Finland\u00a0teil. Das &hellip; Continued","og_url":"https:\/\/laplandrestaurant.fi\/de\/unsere-teilnahme-an-dem-programm-sustainable-travel-finland\/","og_site_name":"Lapland Restaurant Kotahovi","article_modified_time":"2023-09-07T10:25:01+00:00","twitter_misc":{"Gesch\u00e4tzte Lesezeit":"2\u00a0Minuten"},"schema":{"@context":"https:\/\/schema.org","@graph":[{"@type":"WebPage","@id":"https:\/\/laplandrestaurant.fi\/de\/unsere-teilnahme-an-dem-programm-sustainable-travel-finland\/","url":"https:\/\/laplandrestaurant.fi\/de\/unsere-teilnahme-an-dem-programm-sustainable-travel-finland\/","name":"Unsere Teilnahme an dem Programm Sustainable Travel Finland - Lapland Restaurant Kotahovi","isPartOf":{"@id":"https:\/\/laplandrestaurant.fi\/fi\/#website"},"datePublished":"2022-03-28T11:02:46+00:00","dateModified":"2023-09-07T10:25:01+00:00","breadcrumb":{"@id":"https:\/\/laplandrestaurant.fi\/de\/unsere-teilnahme-an-dem-programm-sustainable-travel-finland\/#breadcrumb"},"inLanguage":"de","potentialAction":[{"@type":"ReadAction","target":["https:\/\/laplandrestaurant.fi\/de\/unsere-teilnahme-an-dem-programm-sustainable-travel-finland\/"]}]},{"@type":"BreadcrumbList","@id":"https:\/\/laplandrestaurant.fi\/de\/unsere-teilnahme-an-dem-programm-sustainable-travel-finland\/#breadcrumb","itemListElement":[{"@type":"ListItem","position":1,"name":"Home","item":"https:\/\/laplandrestaurant.fi\/de\/"},{"@type":"ListItem","position":2,"name":"Unsere Teilnahme an dem Programm Sustainable Travel Finland"}]},{"@type":"WebSite","@id":"https:\/\/laplandrestaurant.fi\/fi\/#website","url":"https:\/\/laplandrestaurant.fi\/fi\/","name":"Lapland Restaurant Kotahovi","description":"Unique and Atmospheric Restaurant in Lapland Finland at the Acrtic Circle","potentialAction":[{"@type":"SearchAction","target":{"@type":"EntryPoint","urlTemplate":"https:\/\/laplandrestaurant.fi\/fi\/search\/{search_term_string}"},"query-input":{"@type":"PropertyValueSpecification","valueRequired":true,"valueName":"search_term_string"}}],"inLanguage":"de"}]}},"_links":{"self":[{"href":"https:\/\/laplandrestaurant.fi\/de\/wp-json\/wp\/v2\/pages\/2187","targetHints":{"allow":["GET"]}}],"collection":[{"href":"https:\/\/laplandrestaurant.fi\/de\/wp-json\/wp\/v2\/pages"}],"about":[{"href":"https:\/\/laplandrestaurant.fi\/de\/wp-json\/wp\/v2\/types\/page"}],"author":[{"embeddable":true,"href":"https:\/\/laplandrestaurant.fi\/de\/wp-json\/wp\/v2\/users\/9"}],"replies":[{"embeddable":true,"href":"https:\/\/laplandrestaurant.fi\/de\/wp-json\/wp\/v2\/comments?post=2187"}],"version-history":[{"count":6,"href":"https:\/\/laplandrestaurant.fi\/de\/wp-json\/wp\/v2\/pages\/2187\/revisions"}],"predecessor-version":[{"id":3160,"href":"https:\/\/laplandrestaurant.fi\/de\/wp-json\/wp\/v2\/pages\/2187\/revisions\/3160"}],"wp:attachment":[{"href":"https:\/\/laplandrestaurant.fi\/de\/wp-json\/wp\/v2\/media?parent=2187"}],"curies":[{"name":"wp","href":"https:\/\/api.w.org\/{rel}","templated":true}]}}